{"id":758,"date":"2016-10-09T16:17:36","date_gmt":"2016-10-09T14:17:36","guid":{"rendered":"http:\/\/processualis.com\/association-processualis\/?page_id=758"},"modified":"2025-09-28T12:08:36","modified_gmt":"2025-09-28T10:08:36","slug":"test-2","status":"publish","type":"page","link":"https:\/\/processualis.com\/association-processualis\/anciennes-promotions\/test-2\/","title":{"rendered":"Promotion DENOIX DE SAINT MARC 2017"},"content":{"rendered":"<p style=\"text-align: justify;\">Monsieur Renaud\u00a0DENOIX DE SAINT MARC, vice-pr\u00e9sident honoraire du Conseil d&rsquo;Etat et ancien membre du Conseil constitutionnel, a fait l&rsquo;honneur \u00e0 la promotion 2016-2017 d&rsquo;\u00eatre son parrain pour une nouvelle ann\u00e9e plac\u00e9e sous le signe de la r\u00e9ussite.<\/p>\n<p style=\"text-align: justify;\"><a href=\"https:\/\/processualis.com\/association-processualis\/wp-content\/uploads\/2016\/10\/14599822_10210430488817072_83300599_o.jpg\" rel=\"lightbox[758]\"><img loading=\"lazy\" decoding=\"async\" class=\"aligncenter wp-image-771\" src=\"https:\/\/processualis.com\/association-processualis\/wp-content\/uploads\/2016\/10\/14599822_10210430488817072_83300599_o-1024x682.jpg\" alt=\"14599822_10210430488817072_83300599_o\" width=\"651\" height=\"433\" srcset=\"https:\/\/processualis.com\/association-processualis\/wp-content\/uploads\/2016\/10\/14599822_10210430488817072_83300599_o-1024x682.jpg 1024w, https:\/\/processualis.com\/association-processualis\/wp-content\/uploads\/2016\/10\/14599822_10210430488817072_83300599_o-300x199.jpg 300w, https:\/\/processualis.com\/association-processualis\/wp-content\/uploads\/2016\/10\/14599822_10210430488817072_83300599_o.jpg 2048w\" sizes=\"(max-width: 651px) 100vw, 651px\" \/><\/a><\/p>\n<p style=\"text-align: justify;\"><strong><span style=\"text-decoration: underline;\">De gauche \u00e0 droite<\/span><\/strong> : TINCRY-GOMEZ L\u00e9a, JAMROZY Ma\u00ebva, JUBAN Orane, BARATHON Elodie, BALME Anne-Claire, GRANDJEAN Mathilde, LIBLIN Benjamin, MENETRIER Thomas, PONTICELLI Maud, JACQUELIN Marion, BOUDOT Ma\u00eava, CORDIN Pauline, VALLIN Marine, GEY-CANQUE Victoria, BOIRE Margaut, RAJOT Manon, HUTIN M\u00e9lanie, AMAR Juliette, GONZALEZ-RUIZ Lucie, CHAVEY Oc\u00e9ane, CONSTANTIN Merl\u00e8ne, MATHEY-RACAMIER Joy, GUINOT Arnaud.<\/p>\n","protected":false},"excerpt":{"rendered":"<p>Monsieur Renaud\u00a0DENOIX DE SAINT MARC, vice-pr\u00e9sident honoraire du Conseil d&rsquo;Etat et ancien membre du Conseil constitutionnel, a fait l&rsquo;honneur \u00e0<\/p>\n","protected":false},"author":1,"featured_media":0,"parent":2066,"menu_order":0,"comment_status":"closed","ping_status":"closed","template":"","meta":{"footnotes":""},"class_list":["post-758","page","type-page","status-publish","hentry"],"_links":{"self":[{"href":"https:\/\/processualis.com\/association-processualis\/wp-json\/wp\/v2\/pages\/758"}],"collection":[{"href":"https:\/\/processualis.com\/association-processualis\/wp-json\/wp\/v2\/pages"}],"about":[{"href":"https:\/\/processualis.com\/association-processualis\/wp-json\/wp\/v2\/types\/page"}],"author":[{"embeddable":true,"href":"https:\/\/processualis.com\/association-processualis\/wp-json\/wp\/v2\/users\/1"}],"replies":[{"embeddable":true,"href":"https:\/\/processualis.com\/association-processualis\/wp-json\/wp\/v2\/comments?post=758"}],"version-history":[{"count":13,"href":"https:\/\/processualis.com\/association-processualis\/wp-json\/wp\/v2\/pages\/758\/revisions"}],"predecessor-version":[{"id":1875,"href":"https:\/\/processualis.com\/association-processualis\/wp-json\/wp\/v2\/pages\/758\/revisions\/1875"}],"up":[{"embeddable":true,"href":"https:\/\/processualis.com\/association-processualis\/wp-json\/wp\/v2\/pages\/2066"}],"wp:attachment":[{"href":"https:\/\/processualis.com\/association-processualis\/wp-json\/wp\/v2\/media?parent=758"}],"curies":[{"name":"wp","href":"https:\/\/api.w.org\/{rel}","templated":true}]}}