{"id":725,"date":"2016-06-14T12:58:43","date_gmt":"2016-06-14T10:58:43","guid":{"rendered":"http:\/\/processualis.com\/association-processualis\/?page_id=725"},"modified":"2025-09-28T12:07:08","modified_gmt":"2025-09-28T10:07:08","slug":"promotion-lacabarats-2016","status":"publish","type":"page","link":"https:\/\/processualis.com\/association-processualis\/anciennes-promotions\/promotion-lacabarats-2016\/","title":{"rendered":"Promotion LACABARATS 2016"},"content":{"rendered":"<p style=\"text-align: justify;\">M. LACABARATS, ancien pr\u00e9sident de la chambre sociale de la cour de cassation, nous fait l&rsquo;honneur d&rsquo;\u00eatre le parrain de la promotion 2016 du master 2 droit processuel.<\/p>\n<p><a href=\"https:\/\/processualis.com\/association-processualis\/wp-content\/uploads\/2016\/06\/paris-2.jpg\" rel=\"lightbox[725]\"><img loading=\"lazy\" decoding=\"async\" class=\"aligncenter wp-image-727\" src=\"https:\/\/processualis.com\/association-processualis\/wp-content\/uploads\/2016\/06\/paris-2.jpg\" alt=\"paris 2\" width=\"600\" height=\"450\" srcset=\"https:\/\/processualis.com\/association-processualis\/wp-content\/uploads\/2016\/06\/paris-2.jpg 960w, https:\/\/processualis.com\/association-processualis\/wp-content\/uploads\/2016\/06\/paris-2-300x225.jpg 300w\" sizes=\"(max-width: 600px) 100vw, 600px\" \/><\/a><\/p>\n<p style=\"text-align: justify;\"><strong><span style=\"text-decoration: underline;\">De gauche \u00e0 droite<\/span><\/strong> : MOUSSAVI M\u00e9lody, SIERGEL Justin, ESPERANDIEU Mathilde, DEROCHE Camille, FOURNIER Carole, Mme CASEAU-ROCHE, Mme GRAYOT-DIRX, TROESTER Harmonie, FACCIN Matthieu, LECLERCQ Geoffroy, ROY Lucie, TOBIS Mika\u00ebl, BOCH Ga\u00ebtan, KISIELEWICZ Lucie, BOLAC Clo\u00e9, JELTSCH L\u00e9a, BORDRON M\u00e9lanie, DESBORDES Philippine, EL DRISSI Amal.<\/p>\n","protected":false},"excerpt":{"rendered":"<p>M. LACABARATS, ancien pr\u00e9sident de la chambre sociale de la cour de cassation, nous fait l&rsquo;honneur d&rsquo;\u00eatre le parrain de<\/p>\n","protected":false},"author":1,"featured_media":0,"parent":2066,"menu_order":7,"comment_status":"closed","ping_status":"closed","template":"","meta":{"footnotes":""},"class_list":["post-725","page","type-page","status-publish","hentry"],"_links":{"self":[{"href":"https:\/\/processualis.com\/association-processualis\/wp-json\/wp\/v2\/pages\/725"}],"collection":[{"href":"https:\/\/processualis.com\/association-processualis\/wp-json\/wp\/v2\/pages"}],"about":[{"href":"https:\/\/processualis.com\/association-processualis\/wp-json\/wp\/v2\/types\/page"}],"author":[{"embeddable":true,"href":"https:\/\/processualis.com\/association-processualis\/wp-json\/wp\/v2\/users\/1"}],"replies":[{"embeddable":true,"href":"https:\/\/processualis.com\/association-processualis\/wp-json\/wp\/v2\/comments?post=725"}],"version-history":[{"count":10,"href":"https:\/\/processualis.com\/association-processualis\/wp-json\/wp\/v2\/pages\/725\/revisions"}],"predecessor-version":[{"id":1874,"href":"https:\/\/processualis.com\/association-processualis\/wp-json\/wp\/v2\/pages\/725\/revisions\/1874"}],"up":[{"embeddable":true,"href":"https:\/\/processualis.com\/association-processualis\/wp-json\/wp\/v2\/pages\/2066"}],"wp:attachment":[{"href":"https:\/\/processualis.com\/association-processualis\/wp-json\/wp\/v2\/media?parent=725"}],"curies":[{"name":"wp","href":"https:\/\/api.w.org\/{rel}","templated":true}]}}