{"id":624,"date":"2014-12-17T17:53:33","date_gmt":"2014-12-17T16:53:33","guid":{"rendered":"http:\/\/processualis.com\/association-processualis\/?page_id=624"},"modified":"2025-09-28T12:08:04","modified_gmt":"2025-09-28T10:08:04","slug":"promotion-brenot-2015","status":"publish","type":"page","link":"https:\/\/processualis.com\/association-processualis\/anciennes-promotions\/promotion-brenot-2015\/","title":{"rendered":"Promotion BRENOT 2015"},"content":{"rendered":"<p>Madame Marie-Colette BRENOT est la Premi\u00e8re Pr\u00e9sidente de la Cour d\u2019appel de Colmar. Mme Brenot\u00a0a \u00e9t\u00e9 en poste successivement \u00e0 Lyon, Grenoble et Bastia avant de prendre ses fonctions \u00e0 la Cour d\u2019appel de Riom en avril\u00a02006.<\/p>\n<p>&nbsp;<\/p>\n<p><a href=\"https:\/\/processualis.com\/association-processualis\/wp-content\/uploads\/2014\/12\/MDoTrapet_Master-II-Processualis_-2014-15-281.jpg\" rel=\"lightbox[624]\"><img loading=\"lazy\" decoding=\"async\" class=\"aligncenter wp-image-632\" src=\"https:\/\/processualis.com\/association-processualis\/wp-content\/uploads\/2014\/12\/MDoTrapet_Master-II-Processualis_-2014-15-281-1024x682.jpg\" alt=\"MDoTrapet_Master II Processualis_ 2014-15 (28)\" width=\"641\" height=\"427\" srcset=\"https:\/\/processualis.com\/association-processualis\/wp-content\/uploads\/2014\/12\/MDoTrapet_Master-II-Processualis_-2014-15-281-1024x682.jpg 1024w, https:\/\/processualis.com\/association-processualis\/wp-content\/uploads\/2014\/12\/MDoTrapet_Master-II-Processualis_-2014-15-281-300x200.jpg 300w, https:\/\/processualis.com\/association-processualis\/wp-content\/uploads\/2014\/12\/MDoTrapet_Master-II-Processualis_-2014-15-281.jpg 1296w\" sizes=\"(max-width: 641px) 100vw, 641px\" \/><\/a><\/p>\n<p>&nbsp;<\/p>\n","protected":false},"excerpt":{"rendered":"<p>Madame Marie-Colette BRENOT est la Premi\u00e8re Pr\u00e9sidente de la Cour d\u2019appel de Colmar. Mme Brenot\u00a0a \u00e9t\u00e9 en poste successivement \u00e0<\/p>\n","protected":false},"author":1,"featured_media":0,"parent":2066,"menu_order":0,"comment_status":"closed","ping_status":"closed","template":"","meta":{"footnotes":""},"class_list":["post-624","page","type-page","status-publish","hentry"],"_links":{"self":[{"href":"https:\/\/processualis.com\/association-processualis\/wp-json\/wp\/v2\/pages\/624"}],"collection":[{"href":"https:\/\/processualis.com\/association-processualis\/wp-json\/wp\/v2\/pages"}],"about":[{"href":"https:\/\/processualis.com\/association-processualis\/wp-json\/wp\/v2\/types\/page"}],"author":[{"embeddable":true,"href":"https:\/\/processualis.com\/association-processualis\/wp-json\/wp\/v2\/users\/1"}],"replies":[{"embeddable":true,"href":"https:\/\/processualis.com\/association-processualis\/wp-json\/wp\/v2\/comments?post=624"}],"version-history":[{"count":7,"href":"https:\/\/processualis.com\/association-processualis\/wp-json\/wp\/v2\/pages\/624\/revisions"}],"predecessor-version":[{"id":1872,"href":"https:\/\/processualis.com\/association-processualis\/wp-json\/wp\/v2\/pages\/624\/revisions\/1872"}],"up":[{"embeddable":true,"href":"https:\/\/processualis.com\/association-processualis\/wp-json\/wp\/v2\/pages\/2066"}],"wp:attachment":[{"href":"https:\/\/processualis.com\/association-processualis\/wp-json\/wp\/v2\/media?parent=624"}],"curies":[{"name":"wp","href":"https:\/\/api.w.org\/{rel}","templated":true}]}}