{"id":493,"date":"2013-10-25T11:38:17","date_gmt":"2013-10-25T09:38:17","guid":{"rendered":"http:\/\/processualis.com\/association-processualis\/?page_id=493"},"modified":"2016-10-14T15:49:24","modified_gmt":"2016-10-14T13:49:24","slug":"photos","status":"publish","type":"page","link":"https:\/\/processualis.com\/association-processualis\/photos\/","title":{"rendered":"Rentr\u00e9e du Master processuel"},"content":{"rendered":"<h1><em><strong><span style=\"color: #3366ff;\">Rentr\u00e9e du Master processuel pour l&rsquo;ann\u00e9e 2016-2017 et\u00a0<\/span><\/strong><\/em><em><strong><span style=\"color: #3366ff;\">remise des dipl\u00f4mes \u00e0 la promotion sortante<\/span><\/strong><\/em><\/h1>\n<p>&nbsp;<\/p>\n<p>&nbsp;<\/p>\n<figure id=\"attachment_775\" aria-describedby=\"caption-attachment-775\" style=\"width: 669px\" class=\"wp-caption aligncenter\"><a href=\"https:\/\/processualis.com\/association-processualis\/wp-content\/uploads\/2013\/10\/14606269_10210419402819929_5178408373891218261_n.jpg\" rel=\"lightbox[493]\"><img loading=\"lazy\" decoding=\"async\" class=\"wp-image-775\" src=\"https:\/\/processualis.com\/association-processualis\/wp-content\/uploads\/2013\/10\/14606269_10210419402819929_5178408373891218261_n.jpg\" alt=\"14606269_10210419402819929_5178408373891218261_n\" width=\"669\" height=\"446\" srcset=\"https:\/\/processualis.com\/association-processualis\/wp-content\/uploads\/2013\/10\/14606269_10210419402819929_5178408373891218261_n.jpg 960w, https:\/\/processualis.com\/association-processualis\/wp-content\/uploads\/2013\/10\/14606269_10210419402819929_5178408373891218261_n-300x200.jpg 300w\" sizes=\"(max-width: 669px) 100vw, 669px\" \/><\/a><figcaption id=\"caption-attachment-775\" class=\"wp-caption-text\">M. le b\u00e2tonnier Jean DU PARC\u00a0; M.Philippe GERBAY, directeur d&rsquo;honneur du Master 2 processuel\u00a0; M.Yan LAIDIE, Professeur \u00e0 l&rsquo;Universit\u00e9 de Bourgogne\u00a0; Mme Sophie GRAYOT-DIRX, Co-directrice du Master 2 Droit Processuel\u00a0; M. Vincent THOMAS, doyen de l&rsquo;UFR Droit-Sciences Economique et Politique; M.Renaud DENOIX DE SAINT MARC, vice-pr\u00e9sident honoraire du Conseil d&rsquo;Etat et ancien membre du Conseil constitutionnel; M.Alain BONNIN, pr\u00e9sident de l&rsquo;universit\u00e9 de Bourgogne ; M.Jean-Marie BENEY, procureur g\u00e9n\u00e9ral\u00a0; Mme C\u00e9cile CASEAU-ROCHE, Co-directrice du Master 2 Droit Processuel<\/figcaption><\/figure>\n<p>&nbsp;<\/p>\n<p>&nbsp;<\/p>\n<figure id=\"attachment_776\" aria-describedby=\"caption-attachment-776\" style=\"width: 669px\" class=\"wp-caption aligncenter\"><a href=\"https:\/\/processualis.com\/association-processualis\/wp-content\/uploads\/2013\/10\/14606407_10210419409940107_2341925690210879895_n.jpg\" rel=\"lightbox[493]\"><img loading=\"lazy\" decoding=\"async\" class=\"wp-image-776\" src=\"https:\/\/processualis.com\/association-processualis\/wp-content\/uploads\/2013\/10\/14606407_10210419409940107_2341925690210879895_n.jpg\" alt=\"14606407_10210419409940107_2341925690210879895_n\" width=\"669\" height=\"446\" srcset=\"https:\/\/processualis.com\/association-processualis\/wp-content\/uploads\/2013\/10\/14606407_10210419409940107_2341925690210879895_n.jpg 960w, https:\/\/processualis.com\/association-processualis\/wp-content\/uploads\/2013\/10\/14606407_10210419409940107_2341925690210879895_n-300x200.jpg 300w\" sizes=\"(max-width: 669px) 100vw, 669px\" \/><\/a><figcaption id=\"caption-attachment-776\" class=\"wp-caption-text\">M. Vincent THOMAS, doyen de l&rsquo;UFR Droit-Sciences Economique et Politique; M.Renaud DENOIX DE SAINT MARC, vice-pr\u00e9sident honoraire du Conseil d&rsquo;Etat et ancien membre du Conseil constitutionnel; M.Alain BONNIN, pr\u00e9sident de l&rsquo;universit\u00e9 de Bourgogne ; M.Jean-Marie BENEY, procureur g\u00e9n\u00e9ral<\/figcaption><\/figure>\n<p>&nbsp;<\/p>\n<p>&nbsp;<\/p>\n<figure id=\"attachment_777\" aria-describedby=\"caption-attachment-777\" style=\"width: 669px\" class=\"wp-caption aligncenter\"><a href=\"https:\/\/processualis.com\/association-processualis\/wp-content\/uploads\/2013\/10\/14492443_10210419410980133_4240006105167813634_n.jpg\" rel=\"lightbox[493]\"><img loading=\"lazy\" decoding=\"async\" class=\"wp-image-777\" src=\"https:\/\/processualis.com\/association-processualis\/wp-content\/uploads\/2013\/10\/14492443_10210419410980133_4240006105167813634_n.jpg\" alt=\"14492443_10210419410980133_4240006105167813634_n\" width=\"669\" height=\"446\" srcset=\"https:\/\/processualis.com\/association-processualis\/wp-content\/uploads\/2013\/10\/14492443_10210419410980133_4240006105167813634_n.jpg 960w, https:\/\/processualis.com\/association-processualis\/wp-content\/uploads\/2013\/10\/14492443_10210419410980133_4240006105167813634_n-300x200.jpg 300w\" sizes=\"(max-width: 669px) 100vw, 669px\" \/><\/a><figcaption id=\"caption-attachment-777\" class=\"wp-caption-text\">Mme C\u00e9cile CASEAU-ROCHE, Ma\u00eetre de conf\u00e9rences et co-directrice du Master 2 Droit processuel; Mme St\u00e9phanie GRAYOT-DIRX, Professeur et co-directrice du Master 2 Droit processuel<\/figcaption><\/figure>\n<p>&nbsp;<\/p>\n<p>&nbsp;<\/p>\n<figure id=\"attachment_778\" aria-describedby=\"caption-attachment-778\" style=\"width: 669px\" class=\"wp-caption aligncenter\"><a href=\"https:\/\/processualis.com\/association-processualis\/wp-content\/uploads\/2013\/10\/14641921_10210419408380068_9087117189127244067_n.jpg\" rel=\"lightbox[493]\"><img loading=\"lazy\" decoding=\"async\" class=\"wp-image-778\" src=\"https:\/\/processualis.com\/association-processualis\/wp-content\/uploads\/2013\/10\/14641921_10210419408380068_9087117189127244067_n.jpg\" alt=\"14641921_10210419408380068_9087117189127244067_n\" width=\"669\" height=\"446\" srcset=\"https:\/\/processualis.com\/association-processualis\/wp-content\/uploads\/2013\/10\/14641921_10210419408380068_9087117189127244067_n.jpg 960w, https:\/\/processualis.com\/association-processualis\/wp-content\/uploads\/2013\/10\/14641921_10210419408380068_9087117189127244067_n-300x200.jpg 300w\" sizes=\"(max-width: 669px) 100vw, 669px\" \/><\/a><figcaption id=\"caption-attachment-778\" class=\"wp-caption-text\">Mme C\u00e9cile CASEAU-ROCHE, Ma\u00eetre de conf\u00e9rences et co-directrice du Master 2 Droit processuel; Mme St\u00e9phanie GRAYOT-DIRX, Professeur et co-directrice du Master 2 Droit processuel; Mlle Clo\u00e9 BOLAC, major de la promotion Lacabarats; Mlle JUBAN Orane, pr\u00e9sident de la promotion Denoix de Saint Marc<\/figcaption><\/figure>\n<p>&nbsp;<\/p>\n<p>&nbsp;<\/p>\n<figure id=\"attachment_786\" aria-describedby=\"caption-attachment-786\" style=\"width: 539px\" class=\"wp-caption aligncenter\"><a href=\"https:\/\/processualis.com\/association-processualis\/wp-content\/uploads\/2013\/10\/14570440_1803591756591785_1216084499278001628_n1.jpg\" rel=\"lightbox[493]\"><img loading=\"lazy\" decoding=\"async\" class=\"wp-image-786 size-full\" src=\"https:\/\/processualis.com\/association-processualis\/wp-content\/uploads\/2013\/10\/14570440_1803591756591785_1216084499278001628_n1.jpg\" alt=\"14570440_1803591756591785_1216084499278001628_n\" width=\"539\" height=\"408\" srcset=\"https:\/\/processualis.com\/association-processualis\/wp-content\/uploads\/2013\/10\/14570440_1803591756591785_1216084499278001628_n1.jpg 539w, https:\/\/processualis.com\/association-processualis\/wp-content\/uploads\/2013\/10\/14570440_1803591756591785_1216084499278001628_n1-300x227.jpg 300w\" sizes=\"(max-width: 539px) 100vw, 539px\" \/><\/a><figcaption id=\"caption-attachment-786\" class=\"wp-caption-text\">La promotion Denoix de Saint Marc<\/figcaption><\/figure>\n<p>&nbsp;<\/p>\n<p>&nbsp;<\/p>\n<p><a href=\"https:\/\/processualis.com\/association-processualis\/wp-content\/uploads\/2013\/10\/14572808_10210813708083890_7495033897550683575_n.jpg\" rel=\"lightbox[493]\"><img loading=\"lazy\" decoding=\"async\" class=\"aligncenter  wp-image-780\" src=\"https:\/\/processualis.com\/association-processualis\/wp-content\/uploads\/2013\/10\/14572808_10210813708083890_7495033897550683575_n.jpg\" alt=\"14572808_10210813708083890_7495033897550683575_n\" width=\"668\" height=\"376\" srcset=\"https:\/\/processualis.com\/association-processualis\/wp-content\/uploads\/2013\/10\/14572808_10210813708083890_7495033897550683575_n.jpg 960w, https:\/\/processualis.com\/association-processualis\/wp-content\/uploads\/2013\/10\/14572808_10210813708083890_7495033897550683575_n-300x168.jpg 300w\" sizes=\"(max-width: 668px) 100vw, 668px\" \/><\/a><\/p>\n<p>&nbsp;<\/p>\n<p>&nbsp;<\/p>\n<figure id=\"attachment_781\" aria-describedby=\"caption-attachment-781\" style=\"width: 669px\" class=\"wp-caption aligncenter\"><a href=\"https:\/\/processualis.com\/association-processualis\/wp-content\/uploads\/2013\/10\/14572776_10210419416980283_4114035466787143745_n.jpg\" rel=\"lightbox[493]\"><img loading=\"lazy\" decoding=\"async\" class=\"wp-image-781\" src=\"https:\/\/processualis.com\/association-processualis\/wp-content\/uploads\/2013\/10\/14572776_10210419416980283_4114035466787143745_n.jpg\" alt=\"14572776_10210419416980283_4114035466787143745_n\" width=\"669\" height=\"446\" srcset=\"https:\/\/processualis.com\/association-processualis\/wp-content\/uploads\/2013\/10\/14572776_10210419416980283_4114035466787143745_n.jpg 960w, https:\/\/processualis.com\/association-processualis\/wp-content\/uploads\/2013\/10\/14572776_10210419416980283_4114035466787143745_n-300x200.jpg 300w\" sizes=\"(max-width: 669px) 100vw, 669px\" \/><\/a><figcaption id=\"caption-attachment-781\" class=\"wp-caption-text\">La promotion Lacabarats fra\u00eechement dipl\u00f4m\u00e9e<\/figcaption><\/figure>\n<p>&nbsp;<\/p>\n<p>&nbsp;<\/p>\n<p><a href=\"https:\/\/processualis.com\/association-processualis\/wp-content\/uploads\/2013\/10\/14606336_10210419428260565_5924949691273023543_n1.jpg\" rel=\"lightbox[493]\"><img loading=\"lazy\" decoding=\"async\" class=\"aligncenter  wp-image-788\" src=\"https:\/\/processualis.com\/association-processualis\/wp-content\/uploads\/2013\/10\/14606336_10210419428260565_5924949691273023543_n1.jpg\" alt=\"14606336_10210419428260565_5924949691273023543_n\" width=\"669\" height=\"503\" srcset=\"https:\/\/processualis.com\/association-processualis\/wp-content\/uploads\/2013\/10\/14606336_10210419428260565_5924949691273023543_n1.jpg 851w, https:\/\/processualis.com\/association-processualis\/wp-content\/uploads\/2013\/10\/14606336_10210419428260565_5924949691273023543_n1-300x225.jpg 300w\" sizes=\"(max-width: 669px) 100vw, 669px\" \/><\/a><\/p>\n<p>&nbsp;<\/p>\n<p><a href=\"https:\/\/processualis.com\/association-processualis\/wp-content\/uploads\/2013\/10\/14516556_10210419428700576_2812780010957305372_n.jpg\" rel=\"lightbox[493]\"><img loading=\"lazy\" decoding=\"async\" class=\"aligncenter  wp-image-783\" src=\"https:\/\/processualis.com\/association-processualis\/wp-content\/uploads\/2013\/10\/14516556_10210419428700576_2812780010957305372_n.jpg\" alt=\"14516556_10210419428700576_2812780010957305372_n\" width=\"668\" height=\"445\" srcset=\"https:\/\/processualis.com\/association-processualis\/wp-content\/uploads\/2013\/10\/14516556_10210419428700576_2812780010957305372_n.jpg 960w, https:\/\/processualis.com\/association-processualis\/wp-content\/uploads\/2013\/10\/14516556_10210419428700576_2812780010957305372_n-300x200.jpg 300w\" sizes=\"(max-width: 668px) 100vw, 668px\" \/><\/a><\/p>\n<p>&nbsp;<\/p>\n<p>&nbsp;<\/p>\n<p><a href=\"https:\/\/processualis.com\/association-processualis\/wp-content\/uploads\/2013\/10\/14632835_10210829833327011_5330501106476860413_n.jpg\" rel=\"lightbox[493]\"><img loading=\"lazy\" decoding=\"async\" class=\"aligncenter  wp-image-784\" src=\"https:\/\/processualis.com\/association-processualis\/wp-content\/uploads\/2013\/10\/14632835_10210829833327011_5330501106476860413_n.jpg\" alt=\"14632835_10210829833327011_5330501106476860413_n\" width=\"668\" height=\"445\" srcset=\"https:\/\/processualis.com\/association-processualis\/wp-content\/uploads\/2013\/10\/14632835_10210829833327011_5330501106476860413_n.jpg 960w, https:\/\/processualis.com\/association-processualis\/wp-content\/uploads\/2013\/10\/14632835_10210829833327011_5330501106476860413_n-300x200.jpg 300w\" sizes=\"(max-width: 668px) 100vw, 668px\" \/><\/a><\/p>\n<p>&nbsp;<\/p>\n<p>&nbsp;<\/p>\n<p>&nbsp;<\/p>\n<p>&nbsp;<\/p>\n","protected":false},"excerpt":{"rendered":"<p>Rentr\u00e9e du Master processuel pour l&rsquo;ann\u00e9e 2016-2017 et\u00a0remise des dipl\u00f4mes \u00e0 la promotion sortante &nbsp; &nbsp; &nbsp; &nbsp; &nbsp; &nbsp;<\/p>\n","protected":false},"author":1,"featured_media":0,"parent":0,"menu_order":0,"comment_status":"closed","ping_status":"open","template":"","meta":{"footnotes":""},"class_list":["post-493","page","type-page","status-publish","hentry"],"_links":{"self":[{"href":"https:\/\/processualis.com\/association-processualis\/wp-json\/wp\/v2\/pages\/493"}],"collection":[{"href":"https:\/\/processualis.com\/association-processualis\/wp-json\/wp\/v2\/pages"}],"about":[{"href":"https:\/\/processualis.com\/association-processualis\/wp-json\/wp\/v2\/types\/page"}],"author":[{"embeddable":true,"href":"https:\/\/processualis.com\/association-processualis\/wp-json\/wp\/v2\/users\/1"}],"replies":[{"embeddable":true,"href":"https:\/\/processualis.com\/association-processualis\/wp-json\/wp\/v2\/comments?post=493"}],"version-history":[{"count":18,"href":"https:\/\/processualis.com\/association-processualis\/wp-json\/wp\/v2\/pages\/493\/revisions"}],"predecessor-version":[{"id":828,"href":"https:\/\/processualis.com\/association-processualis\/wp-json\/wp\/v2\/pages\/493\/revisions\/828"}],"wp:attachment":[{"href":"https:\/\/processualis.com\/association-processualis\/wp-json\/wp\/v2\/media?parent=493"}],"curies":[{"name":"wp","href":"https:\/\/api.w.org\/{rel}","templated":true}]}}