{"id":448,"date":"2013-10-13T19:12:43","date_gmt":"2013-10-13T17:12:43","guid":{"rendered":"http:\/\/processualis.com\/association-processualis\/?page_id=448"},"modified":"2025-09-28T12:07:46","modified_gmt":"2025-09-28T10:07:46","slug":"promotion-canivet-2014","status":"publish","type":"page","link":"https:\/\/processualis.com\/association-processualis\/anciennes-promotions\/promotion-canivet-2014\/","title":{"rendered":"Promotion CANIVET 2014"},"content":{"rendered":"<p style=\"text-align: justify;\">Premier pr\u00e9sident honoraire de la Cour de Cassation, Guy CANIVET est \u00a0membre du conseil constitutionnel depuis 2007.<\/p>\n<p style=\"text-align: justify;\">Guy CANIVET, n\u00e9 \u00e0 Lons-le-Saunier, a fait ses \u00e9tudes \u00e0 l&rsquo;universit\u00e9 de Bourgogne et y a obtenu un dipl\u00f4me d&rsquo;\u00e9tudes sup\u00e9rieures sp\u00e9cialis\u00e9es de droit priv\u00e9 et de sciences criminelle avant d&rsquo;entrer \u00e0 l&rsquo;Ecole Nationale de la Magistrature.<\/p>\n<p style=\"text-align: justify;\">Il fut, entre autre, juge d&rsquo;instruction, Premier juge au tribunal de grande instance de Paris, Pr\u00e9sident de chambre \u00e0 la Cour d&rsquo;appel de Paris ou encore Premier pr\u00e9sident de la Cour d&rsquo;appel de Paris.<\/p>\n<figure id=\"attachment_487\" aria-describedby=\"caption-attachment-487\" style=\"width: 640px\" class=\"wp-caption aligncenter\"><a href=\"https:\/\/processualis.com\/association-processualis\/wp-content\/uploads\/2013\/10\/master-process.jpg\" rel=\"lightbox[448]\"><img loading=\"lazy\" decoding=\"async\" class=\"wp-image-487 \" title=\"Promotion CANIVET 2013-2014\" src=\"https:\/\/processualis.com\/association-processualis\/wp-content\/uploads\/2013\/10\/master-process.jpg\" alt=\"\" width=\"640\" height=\"427\" srcset=\"https:\/\/processualis.com\/association-processualis\/wp-content\/uploads\/2013\/10\/master-process.jpg 800w, https:\/\/processualis.com\/association-processualis\/wp-content\/uploads\/2013\/10\/master-process-300x200.jpg 300w\" sizes=\"(max-width: 640px) 100vw, 640px\" \/><\/a><figcaption id=\"caption-attachment-487\" class=\"wp-caption-text\">ARDJO Myriam ; AURENCHE Anne-Sophie ; BAILLY C\u00e9cile ; BELIGNE Hubert ; CHAMBON Sharleen ; DE PINHO Jordan ; DELHAYE Florence ; DEPUYDT Am\u00e9lie ; DUBUSSE Pauline ; FEUILLETTE Paul ; HENRIOT Lo\u00efc ; JONDOT Flavien ; LABONNE-COLLIN Edouard ; LE MAUT Clorinde ; LERAY Mathilde ; MIGUET Chlo\u00e9 ; ORTHLIEB C\u00e9cile ; QUINTIN-DURAND H\u00e9lo\u00efse ; ROBERT Manon ; SANCHEZ Florian ; STANKIEWICK Charlotte ; TEILLAUD Cl\u00e9mence ; TOHOUNGA Claubel<\/figcaption><\/figure>\n","protected":false},"excerpt":{"rendered":"<p>Premier pr\u00e9sident honoraire de la Cour de Cassation, Guy CANIVET est \u00a0membre du conseil constitutionnel depuis 2007. Guy CANIVET, n\u00e9<\/p>\n","protected":false},"author":1,"featured_media":0,"parent":2066,"menu_order":0,"comment_status":"closed","ping_status":"closed","template":"","meta":{"footnotes":""},"class_list":["post-448","page","type-page","status-publish","hentry"],"_links":{"self":[{"href":"https:\/\/processualis.com\/association-processualis\/wp-json\/wp\/v2\/pages\/448"}],"collection":[{"href":"https:\/\/processualis.com\/association-processualis\/wp-json\/wp\/v2\/pages"}],"about":[{"href":"https:\/\/processualis.com\/association-processualis\/wp-json\/wp\/v2\/types\/page"}],"author":[{"embeddable":true,"href":"https:\/\/processualis.com\/association-processualis\/wp-json\/wp\/v2\/users\/1"}],"replies":[{"embeddable":true,"href":"https:\/\/processualis.com\/association-processualis\/wp-json\/wp\/v2\/comments?post=448"}],"version-history":[{"count":8,"href":"https:\/\/processualis.com\/association-processualis\/wp-json\/wp\/v2\/pages\/448\/revisions"}],"predecessor-version":[{"id":1871,"href":"https:\/\/processualis.com\/association-processualis\/wp-json\/wp\/v2\/pages\/448\/revisions\/1871"}],"up":[{"embeddable":true,"href":"https:\/\/processualis.com\/association-processualis\/wp-json\/wp\/v2\/pages\/2066"}],"wp:attachment":[{"href":"https:\/\/processualis.com\/association-processualis\/wp-json\/wp\/v2\/media?parent=448"}],"curies":[{"name":"wp","href":"https:\/\/api.w.org\/{rel}","templated":true}]}}