{"id":42,"date":"2012-01-20T13:51:03","date_gmt":"2012-01-20T13:51:03","guid":{"rendered":"http:\/\/processualis.com\/association-processualis\/?page_id=42"},"modified":"2025-09-28T12:06:45","modified_gmt":"2025-09-28T10:06:45","slug":"gillet","status":"publish","type":"page","link":"https:\/\/processualis.com\/association-processualis\/anciennes-promotions\/gillet\/","title":{"rendered":"Promotion GILLET 2012"},"content":{"rendered":"<p style=\"text-align: justify;\">Monsieur Jean-Louis GILLET, Pr\u00e9sident honoraire de la deuxi\u00e8me chambre civile de la Cour de cassation.<br \/>\nJuge d&rsquo;instruction, il devient Pr\u00e9sident du Tribunal de Grande Instance de Soissons avant d&rsquo;\u00eatre conseiller \u00e0 la Cour d&rsquo;Appel d&rsquo;Amiens. Par la suite, il est nomm\u00e9 \u00e0 la Cour d&rsquo;appel de Versailles puis Premier Pr\u00e9sident de la Cour d&rsquo;appel de Rouen. Enfin, il exerce en tant que conseiller \u00e0 la Cour de cassation, avant d&rsquo;obtenir la qualit\u00e9 de Pr\u00e9sident de la deuxi\u00e8me chambre civile de la Haute Juridiction.<br \/>\nParall\u00e8lement, il devient cette ann\u00e9e le parrain de la nouvelle promotion du Master 2 Droit Processuel.<\/p>\n<p style=\"text-align: justify;\"><a href=\"https:\/\/processualis.com\/association-processualis\/wp-content\/uploads\/2012\/01\/Gillet.jpg\" rel=\"lightbox[42]\"><img loading=\"lazy\" decoding=\"async\" class=\"size-full wp-image-110 aligncenter\" title=\"Promotion Gillet 2012\" src=\"https:\/\/processualis.com\/association-processualis\/wp-content\/uploads\/2012\/01\/Gillet.jpg\" alt=\"Promotion Gillet 2012\" width=\"640\" height=\"427\" srcset=\"https:\/\/processualis.com\/association-processualis\/wp-content\/uploads\/2012\/01\/Gillet.jpg 640w, https:\/\/processualis.com\/association-processualis\/wp-content\/uploads\/2012\/01\/Gillet-300x200.jpg 300w\" sizes=\"(max-width: 640px) 100vw, 640px\" \/><\/a><\/p>\n<p>&nbsp;<\/p>\n<p style=\"text-align: justify;\">BAILLY Am\u00e9lie, BEIS Maxime, BEN-HADJ-YOUNES Sana, BONNETAIN Marie, CLERC La\u00ebtitia , CORNAGLIA Eva, CORREIA CONCEICAO Wilfried, COSKUN Ahmet, DAVID Marl\u00e8ne, ESPUCHE Caroline, \u00a0FAIVRE Chlo\u00e9, FERNIER Virginie, GUERESSE Michael, \u00a0HAZHAZ Amalle, LAFFAIT Dorine, MEHUYS Laura, MOLHERAT Anne-C\u00e9line, OEUVRARD Maryne, PARE C\u00e9line, PAUPINAT Anne, PETIT Ana\u00efs, SCALOGNA Jessica.<\/p>\n","protected":false},"excerpt":{"rendered":"<p>Monsieur Jean-Louis GILLET, Pr\u00e9sident honoraire de la deuxi\u00e8me chambre civile de la Cour de cassation. Juge d&rsquo;instruction, il devient Pr\u00e9sident<\/p>\n","protected":false},"author":1,"featured_media":0,"parent":2066,"menu_order":0,"comment_status":"closed","ping_status":"closed","template":"","meta":{"footnotes":""},"class_list":["post-42","page","type-page","status-publish","hentry"],"_links":{"self":[{"href":"https:\/\/processualis.com\/association-processualis\/wp-json\/wp\/v2\/pages\/42"}],"collection":[{"href":"https:\/\/processualis.com\/association-processualis\/wp-json\/wp\/v2\/pages"}],"about":[{"href":"https:\/\/processualis.com\/association-processualis\/wp-json\/wp\/v2\/types\/page"}],"author":[{"embeddable":true,"href":"https:\/\/processualis.com\/association-processualis\/wp-json\/wp\/v2\/users\/1"}],"replies":[{"embeddable":true,"href":"https:\/\/processualis.com\/association-processualis\/wp-json\/wp\/v2\/comments?post=42"}],"version-history":[{"count":7,"href":"https:\/\/processualis.com\/association-processualis\/wp-json\/wp\/v2\/pages\/42\/revisions"}],"predecessor-version":[{"id":1869,"href":"https:\/\/processualis.com\/association-processualis\/wp-json\/wp\/v2\/pages\/42\/revisions\/1869"}],"up":[{"embeddable":true,"href":"https:\/\/processualis.com\/association-processualis\/wp-json\/wp\/v2\/pages\/2066"}],"wp:attachment":[{"href":"https:\/\/processualis.com\/association-processualis\/wp-json\/wp\/v2\/media?parent=42"}],"curies":[{"name":"wp","href":"https:\/\/api.w.org\/{rel}","templated":true}]}}