{"id":40,"date":"2012-01-20T13:50:55","date_gmt":"2012-01-20T13:50:55","guid":{"rendered":"http:\/\/processualis.com\/association-processualis\/?page_id=40"},"modified":"2025-09-28T12:06:29","modified_gmt":"2025-09-28T10:06:29","slug":"marin","status":"publish","type":"page","link":"https:\/\/processualis.com\/association-processualis\/anciennes-promotions\/marin\/","title":{"rendered":"Promotion MARIN 2011"},"content":{"rendered":"<p style=\"text-align: justify;\">Monsieur Jean-Claude MARIN, r\u00e9cemment d\u00e9sign\u00e9 Procureur G\u00e9n\u00e9ral pr\u00e8s la Cour de cassation et parrain de la promotion sortante.<br \/>\nP\u00e9naliste de renom, celui-ci a tout d&rsquo;abord \u00e9t\u00e9 Substitut du Procureur \u00e0 Pontoise avant d&rsquo;\u00eatre d\u00e9tach\u00e9 \u00e0 la Commission des march\u00e9s puis de diriger la section financi\u00e8re du parquet de Paris. Par la suite il est nomm\u00e9 avocat g\u00e9n\u00e9ral \u00e0 la chambre criminelle de la Cour de cassation, puis Directeur des affaires criminelles et des gr\u00e2ces. Enfin, il occupe le poste de Procureur de la R\u00e9publique du Tribunal de Grande Instance de Paris.<\/p>\n<p style=\"text-align: justify;\"><a href=\"https:\/\/processualis.com\/association-processualis\/wp-content\/uploads\/2012\/01\/IMG_2698-800x600.jpg\" rel=\"lightbox[40]\"><img loading=\"lazy\" decoding=\"async\" class=\"wp-image-237 aligncenter\" title=\"Association Processualis -- Master 2 Droit Processuel Dijon - Promotion Marin\" src=\"https:\/\/processualis.com\/association-processualis\/wp-content\/uploads\/2012\/01\/IMG_2698-800x600.jpg\" alt=\"Association Processualis -- Master 2 Droit Processuel Dijon - Promotion Marin\" width=\"675\" height=\"457\" srcset=\"https:\/\/processualis.com\/association-processualis\/wp-content\/uploads\/2012\/01\/IMG_2698-800x600.jpg 800w, https:\/\/processualis.com\/association-processualis\/wp-content\/uploads\/2012\/01\/IMG_2698-800x600-300x203.jpg 300w\" sizes=\"(max-width: 675px) 100vw, 675px\" \/><\/a><\/p>\n<p style=\"text-align: justify;\">BACHELET Mathilde, BERNIA Alexia, BOURG Lucie, CLERC St\u00e9phanie, DE VOGUE Claire, DELARRAS Pierre, DELION Cindy, GIRARDOT Alice, HOAREAU Lo\u00efc, JARDE Laurent, JEANVOINE Elinor, LEGRAND Olivier, MARTIN Audrey, MIREK Tiffanie, PEPIN Aur\u00e9lie, PERRUSSON Ang\u00e9lique, POMPON Emilie, PULLICINO Charline, ROTHDIENER Ga\u00ebtan, RUBEY Dominique, SENTEIN Anne-Sophie, SI ABDELKADER Laila, TRUCHY Anthony.<\/p>\n","protected":false},"excerpt":{"rendered":"<p>Monsieur Jean-Claude MARIN, r\u00e9cemment d\u00e9sign\u00e9 Procureur G\u00e9n\u00e9ral pr\u00e8s la Cour de cassation et parrain de la promotion sortante. P\u00e9naliste de<\/p>\n","protected":false},"author":1,"featured_media":0,"parent":2066,"menu_order":0,"comment_status":"closed","ping_status":"closed","template":"","meta":{"footnotes":""},"class_list":["post-40","page","type-page","status-publish","hentry"],"_links":{"self":[{"href":"https:\/\/processualis.com\/association-processualis\/wp-json\/wp\/v2\/pages\/40"}],"collection":[{"href":"https:\/\/processualis.com\/association-processualis\/wp-json\/wp\/v2\/pages"}],"about":[{"href":"https:\/\/processualis.com\/association-processualis\/wp-json\/wp\/v2\/types\/page"}],"author":[{"embeddable":true,"href":"https:\/\/processualis.com\/association-processualis\/wp-json\/wp\/v2\/users\/1"}],"replies":[{"embeddable":true,"href":"https:\/\/processualis.com\/association-processualis\/wp-json\/wp\/v2\/comments?post=40"}],"version-history":[{"count":14,"href":"https:\/\/processualis.com\/association-processualis\/wp-json\/wp\/v2\/pages\/40\/revisions"}],"predecessor-version":[{"id":1868,"href":"https:\/\/processualis.com\/association-processualis\/wp-json\/wp\/v2\/pages\/40\/revisions\/1868"}],"up":[{"embeddable":true,"href":"https:\/\/processualis.com\/association-processualis\/wp-json\/wp\/v2\/pages\/2066"}],"wp:attachment":[{"href":"https:\/\/processualis.com\/association-processualis\/wp-json\/wp\/v2\/media?parent=40"}],"curies":[{"name":"wp","href":"https:\/\/api.w.org\/{rel}","templated":true}]}}