{"id":38,"date":"2012-01-20T13:50:46","date_gmt":"2012-01-20T13:50:46","guid":{"rendered":"http:\/\/processualis.com\/association-processualis\/?page_id=38"},"modified":"2025-09-28T12:06:13","modified_gmt":"2025-09-28T10:06:13","slug":"rozes","status":"publish","type":"page","link":"https:\/\/processualis.com\/association-processualis\/anciennes-promotions\/rozes\/","title":{"rendered":"Promotion ROZ\u00c8S 2010"},"content":{"rendered":"<p style=\"text-align: justify;\">Simone ROZ\u00c8S est une\u00a0magistrate\u00a0fran\u00e7aise, premi\u00e8re pr\u00e9sidente de la\u00a0Cour de cassation\u00a0de\u00a01984\u00a0\u00e01988. Elle a \u00e9t\u00e9 la seule femme \u00e0 acc\u00e9der \u00e0 cette fonction, la plus \u00e9lev\u00e9e dans la magistrature fran\u00e7aise.<br \/>\nDepuis le\u00a030 juin\u00a01992,\u00a0elle est premi\u00e8re pr\u00e9sidente honoraire de la\u00a0Cour de cassation.<br \/>\nLe\u00a018 avril\u00a02006,\u00a0elle a \u00e9t\u00e9 \u00e9lev\u00e9e \u00e0 la dignit\u00e9 de\u00a0Grand-croix de la l\u00e9gion d&rsquo;honneur.<br \/>\nElle est pr\u00e9sidente honoraire de la\u00a0Soci\u00e9t\u00e9 internationale de d\u00e9fense sociale.<\/p>\n<p>\u00a0<a href=\"https:\/\/processualis.com\/association-processualis\/wp-content\/uploads\/2012\/01\/rozes-800x600.jpg\" rel=\"lightbox[38]\"><img loading=\"lazy\" decoding=\"async\" class=\"wp-image-97 aligncenter\" title=\"Promotions Rozes 2010\" src=\"https:\/\/processualis.com\/association-processualis\/wp-content\/uploads\/2012\/01\/rozes-800x600.jpg\" alt=\"Promotions Rozes 2010\" width=\"640\" height=\"271\" srcset=\"https:\/\/processualis.com\/association-processualis\/wp-content\/uploads\/2012\/01\/rozes-800x600.jpg 800w, https:\/\/processualis.com\/association-processualis\/wp-content\/uploads\/2012\/01\/rozes-800x600-300x127.jpg 300w\" sizes=\"(max-width: 640px) 100vw, 640px\" \/><\/a><\/p>\n<p style=\"text-align: justify;\"><strong><span style=\"text-decoration: underline;\">De gauche \u00e0 droit<\/span><\/strong> : ALLEX Cl\u00e9mence, BOURNY H\u00e9l\u00e8ne, CATTANEO Marine, CLAVEAU Camille, DRAME Saikou, DRUHOT Isabelle, DUQUENNOY J\u00e9r\u00f4me, DUQUENNOY Julien, DUVERNOIS Laure marie, ELIE Alexandra, GIROD Aurore, GOMES Sonia, GUENOT Marl\u00e8ne, HOARAU M\u00e9lanie, LEJEUNE Aur\u00e9lie, LEVERT Thibault, LORIMIER Sophie, MANAC\u2019H Christophe, MARAGNA Marion, PERRON Jessica, RABOUH Oph\u00e9lie, RODOT Sabine, ROUSSET Maureen<\/p>\n","protected":false},"excerpt":{"rendered":"<p>Simone ROZ\u00c8S est une\u00a0magistrate\u00a0fran\u00e7aise, premi\u00e8re pr\u00e9sidente de la\u00a0Cour de cassation\u00a0de\u00a01984\u00a0\u00e01988. Elle a \u00e9t\u00e9 la seule femme \u00e0 acc\u00e9der \u00e0 cette<\/p>\n","protected":false},"author":1,"featured_media":0,"parent":2066,"menu_order":0,"comment_status":"closed","ping_status":"closed","template":"","meta":{"footnotes":""},"class_list":["post-38","page","type-page","status-publish","hentry"],"_links":{"self":[{"href":"https:\/\/processualis.com\/association-processualis\/wp-json\/wp\/v2\/pages\/38"}],"collection":[{"href":"https:\/\/processualis.com\/association-processualis\/wp-json\/wp\/v2\/pages"}],"about":[{"href":"https:\/\/processualis.com\/association-processualis\/wp-json\/wp\/v2\/types\/page"}],"author":[{"embeddable":true,"href":"https:\/\/processualis.com\/association-processualis\/wp-json\/wp\/v2\/users\/1"}],"replies":[{"embeddable":true,"href":"https:\/\/processualis.com\/association-processualis\/wp-json\/wp\/v2\/comments?post=38"}],"version-history":[{"count":22,"href":"https:\/\/processualis.com\/association-processualis\/wp-json\/wp\/v2\/pages\/38\/revisions"}],"predecessor-version":[{"id":1867,"href":"https:\/\/processualis.com\/association-processualis\/wp-json\/wp\/v2\/pages\/38\/revisions\/1867"}],"up":[{"embeddable":true,"href":"https:\/\/processualis.com\/association-processualis\/wp-json\/wp\/v2\/pages\/2066"}],"wp:attachment":[{"href":"https:\/\/processualis.com\/association-processualis\/wp-json\/wp\/v2\/media?parent=38"}],"curies":[{"name":"wp","href":"https:\/\/api.w.org\/{rel}","templated":true}]}}