{"id":34,"date":"2012-01-20T13:50:24","date_gmt":"2012-01-20T13:50:24","guid":{"rendered":"http:\/\/processualis.com\/association-processualis\/?page_id=34"},"modified":"2025-02-07T12:56:01","modified_gmt":"2025-02-07T11:56:01","slug":"les-professionnels","status":"publish","type":"page","link":"https:\/\/processualis.com\/association-processualis\/les-professionnels\/","title":{"rendered":"Les professionnels"},"content":{"rendered":"<ul>\n<li style=\"text-align: justify;\">Ma\u00eetres S. Parrod, Avocate \u2013 Contentieux des personnes et de la famille<\/li>\n<\/ul>\n<ul style=\"text-align: justify;\">\n<li>Monsieur le B\u00e2tonnier J. du Parc, Ancien b\u00e2tonnier du barreau de Dijon \u2013 L&rsquo;arbitrage<\/li>\n<\/ul>\n<ul style=\"text-align: justify;\">\n<li>Ma\u00eetre F. Petit, Avocat &#8211; Proc\u00e9dure p\u00e9nale approfondie, droit du dommage corporel<\/li>\n<\/ul>\n<ul style=\"text-align: justify;\">\n<li>Ma\u00eetre Bonasera, Commissaire de justice \u2013 Proc\u00e9dures civiles d\u2019ex\u00e9cution approfondie<\/li>\n<li>etc&#8230;<\/li>\n<\/ul>\n","protected":false},"excerpt":{"rendered":"<p>Ma\u00eetres S. Parrod, Avocate \u2013 Contentieux des personnes et de la famille Monsieur le B\u00e2tonnier J. du Parc, Ancien b\u00e2tonnier<\/p>\n","protected":false},"author":1,"featured_media":0,"parent":0,"menu_order":0,"comment_status":"closed","ping_status":"closed","template":"","meta":{"footnotes":""},"class_list":["post-34","page","type-page","status-publish","hentry"],"_links":{"self":[{"href":"https:\/\/processualis.com\/association-processualis\/wp-json\/wp\/v2\/pages\/34"}],"collection":[{"href":"https:\/\/processualis.com\/association-processualis\/wp-json\/wp\/v2\/pages"}],"about":[{"href":"https:\/\/processualis.com\/association-processualis\/wp-json\/wp\/v2\/types\/page"}],"author":[{"embeddable":true,"href":"https:\/\/processualis.com\/association-processualis\/wp-json\/wp\/v2\/users\/1"}],"replies":[{"embeddable":true,"href":"https:\/\/processualis.com\/association-processualis\/wp-json\/wp\/v2\/comments?post=34"}],"version-history":[{"count":21,"href":"https:\/\/processualis.com\/association-processualis\/wp-json\/wp\/v2\/pages\/34\/revisions"}],"predecessor-version":[{"id":2692,"href":"https:\/\/processualis.com\/association-processualis\/wp-json\/wp\/v2\/pages\/34\/revisions\/2692"}],"wp:attachment":[{"href":"https:\/\/processualis.com\/association-processualis\/wp-json\/wp\/v2\/media?parent=34"}],"curies":[{"name":"wp","href":"https:\/\/api.w.org\/{rel}","templated":true}]}}