{"id":335,"date":"2012-10-15T20:02:06","date_gmt":"2012-10-15T18:02:06","guid":{"rendered":"http:\/\/processualis.com\/association-processualis\/?page_id=335"},"modified":"2025-09-28T12:07:29","modified_gmt":"2025-09-28T10:07:29","slug":"promotion-guillaume-2013","status":"publish","type":"page","link":"https:\/\/processualis.com\/association-processualis\/anciennes-promotions\/promotion-guillaume-2013\/","title":{"rendered":"Promotion GUILLAUME 2013"},"content":{"rendered":"<p style=\"text-align: justify;\">Conseiller d\u2019Etat, <strong>Marc GUILLAUME<\/strong>\u00a0est Secr\u00e9taire g\u00e9n\u00e9ral du Conseil constitutionnel depuis 2007.<br \/>\nIl fut Directeur des affaires juridiques du minist\u00e8re de la d\u00e9fense de 1999 \u00e0 2002 puis directeur des affaires civiles et du Sceau au minist\u00e8re de la justice, jusqu\u2019\u00e0 sa nomination au Conseil constitutionnel.<br \/>\nMarc Guillaume est dipl\u00f4m\u00e9 de l\u2019ENA, laur\u00e9at de l&rsquo;Institut d&rsquo;Etudes Politiques de Paris et de l&rsquo;Universit\u00e9 Panth\u00e9on-Assas (Paris II).<br \/>\nIl co-dirige la revue \u00ab Pouvoirs \u00bb et pr\u00e9side l\u2019association des amis de Jean Laronze.<\/p>\n<p style=\"text-align: justify;\"><a href=\"https:\/\/processualis.com\/association-processualis\/wp-content\/uploads\/2012\/10\/promotion-guillaume.jpg\" rel=\"lightbox[335]\"><img loading=\"lazy\" decoding=\"async\" class=\"aligncenter wp-image-336\" title=\"La Promotion Guillaume\" src=\"https:\/\/processualis.com\/association-processualis\/wp-content\/uploads\/2012\/10\/promotion-guillaume.jpg\" alt=\"\" width=\"640\" height=\"423\" srcset=\"https:\/\/processualis.com\/association-processualis\/wp-content\/uploads\/2012\/10\/promotion-guillaume.jpg 917w, https:\/\/processualis.com\/association-processualis\/wp-content\/uploads\/2012\/10\/promotion-guillaume-300x198.jpg 300w\" sizes=\"(max-width: 640px) 100vw, 640px\" \/><\/a><\/p>\n<p style=\"text-align: justify;\">CHAVY B\u00e9r\u00e9nice, COLIN Sandrine, DE SA Flora, DESMAIZIERE Domitille, DIAMBOU BOUNKITA Presley, DIDIER Mathieu, FAVREL Laurie, FUSARO Justine, GUILLEMET Adeline, HEBMANN Juliette, KAMBOUA Sarah, LIEVRE Romanella, LIMONIER Alexandre, NAHMANI C\u00e9cile, NICOLAS-LAURENT Anne-Louise, PERREAU Cl\u00e9mence, PIELLARD Chlo\u00e9, PINCZON David POTRAT Sophie, REVENIAULT Jessica, ROSIER Mathilde, RUTHER Lucie.<\/p>\n","protected":false},"excerpt":{"rendered":"<p>Conseiller d\u2019Etat, Marc GUILLAUME\u00a0est Secr\u00e9taire g\u00e9n\u00e9ral du Conseil constitutionnel depuis 2007. Il fut Directeur des affaires juridiques du minist\u00e8re de<\/p>\n","protected":false},"author":1,"featured_media":0,"parent":2066,"menu_order":0,"comment_status":"closed","ping_status":"closed","template":"","meta":{"footnotes":""},"class_list":["post-335","page","type-page","status-publish","hentry"],"_links":{"self":[{"href":"https:\/\/processualis.com\/association-processualis\/wp-json\/wp\/v2\/pages\/335"}],"collection":[{"href":"https:\/\/processualis.com\/association-processualis\/wp-json\/wp\/v2\/pages"}],"about":[{"href":"https:\/\/processualis.com\/association-processualis\/wp-json\/wp\/v2\/types\/page"}],"author":[{"embeddable":true,"href":"https:\/\/processualis.com\/association-processualis\/wp-json\/wp\/v2\/users\/1"}],"replies":[{"embeddable":true,"href":"https:\/\/processualis.com\/association-processualis\/wp-json\/wp\/v2\/comments?post=335"}],"version-history":[{"count":8,"href":"https:\/\/processualis.com\/association-processualis\/wp-json\/wp\/v2\/pages\/335\/revisions"}],"predecessor-version":[{"id":1870,"href":"https:\/\/processualis.com\/association-processualis\/wp-json\/wp\/v2\/pages\/335\/revisions\/1870"}],"up":[{"embeddable":true,"href":"https:\/\/processualis.com\/association-processualis\/wp-json\/wp\/v2\/pages\/2066"}],"wp:attachment":[{"href":"https:\/\/processualis.com\/association-processualis\/wp-json\/wp\/v2\/media?parent=335"}],"curies":[{"name":"wp","href":"https:\/\/api.w.org\/{rel}","templated":true}]}}