{"id":28,"date":"2012-01-20T13:49:51","date_gmt":"2012-01-20T13:49:51","guid":{"rendered":"http:\/\/processualis.com\/association-processualis\/?page_id=28"},"modified":"2024-11-06T18:39:25","modified_gmt":"2024-11-06T17:39:25","slug":"le-master-2-processuel","status":"publish","type":"page","link":"https:\/\/processualis.com\/association-processualis\/le-master-2-processuel\/","title":{"rendered":"Le Master 2 Droit Processuel"},"content":{"rendered":"<p style=\"text-align: justify;\">Le\u00a0<strong>MASTER 2 DROIT PROCESSUEL<\/strong> est dirig\u00e9 par Madame St\u00e9phanie GRAYOT-DIRX.<\/p>\n<p style=\"text-align: justify;\">Il s&rsquo;agit d&rsquo;une formation d&rsquo;excellence qui ambitionne de former des juristes de haut niveau aux comp\u00e9tences proc\u00e9durales multiples. Ces professionnels en formation souhaitent alors embrasser la carri\u00e8re d&rsquo;avocat, magistrat, huissier de justice, ou encore int\u00e9grer les corps de la police ou de la gendarmerie. Gr\u00e2ce aux diff\u00e9rents intervenants de qualit\u00e9, professionnels et universitaires, les \u00e9tudiants peuvent \u00e0 la fois parfaire leurs connaissances tout en b\u00e9n\u00e9ficiant d&rsquo;une exp\u00e9rience professionnelle enrichissante dans le cadre d&rsquo;un stage de trois mois.<\/p>\n<p style=\"text-align: justify;\">Chaque ann\u00e9e, le Master a l&rsquo;opportunit\u00e9 d&rsquo;\u00eatre <a href=\"https:\/\/processualis.com\/association-processualis\/les-parrains\/\">parrain\u00e9<\/a> par une haute personnalit\u00e9 du droit.<\/p>\n<p style=\"text-align: justify;\">Enfin, le Master 2 Droit Processuel travaille en collaboration avec l&rsquo;Institut d\u2019\u00c9tudes Judiciaires (IEJ) qui offre une pr\u00e9paration \u00e0 l&rsquo;examen d&rsquo;avocat et aux concours de la magistrature et des greffes.<br \/>\nIl s&rsquo;agit ainsi d&rsquo;aborder les exercices juridiques essentiels \u00e0 la r\u00e9ussite de l&rsquo;examen et du concours. L&rsquo;IEJ est \u00e9galement l&rsquo;occasion de \u00ab\u00a0sessions blanches\u00a0\u00bb, \u00e9crites et orales, organis\u00e9es tout au long de l&rsquo;ann\u00e9e, dans les conditions de l&rsquo;examen et du concours.<br \/>\nNon seulement formateur, l&rsquo;IEJ de Dijon est \u00e9galement organisateur de l&rsquo;examen d&rsquo;avocat permettant l&rsquo;acc\u00e8s \u00e0 l&rsquo;Ecole R\u00e9gionale d&rsquo;Avocats du Grand Est de Strasbourg.<\/p>\n","protected":false},"excerpt":{"rendered":"<p>Le\u00a0MASTER 2 DROIT PROCESSUEL est dirig\u00e9 par Madame St\u00e9phanie GRAYOT-DIRX. Il s&rsquo;agit d&rsquo;une formation d&rsquo;excellence qui ambitionne de former des<\/p>\n","protected":false},"author":1,"featured_media":0,"parent":0,"menu_order":0,"comment_status":"closed","ping_status":"closed","template":"","meta":{"footnotes":""},"class_list":["post-28","page","type-page","status-publish","hentry"],"_links":{"self":[{"href":"https:\/\/processualis.com\/association-processualis\/wp-json\/wp\/v2\/pages\/28"}],"collection":[{"href":"https:\/\/processualis.com\/association-processualis\/wp-json\/wp\/v2\/pages"}],"about":[{"href":"https:\/\/processualis.com\/association-processualis\/wp-json\/wp\/v2\/types\/page"}],"author":[{"embeddable":true,"href":"https:\/\/processualis.com\/association-processualis\/wp-json\/wp\/v2\/users\/1"}],"replies":[{"embeddable":true,"href":"https:\/\/processualis.com\/association-processualis\/wp-json\/wp\/v2\/comments?post=28"}],"version-history":[{"count":23,"href":"https:\/\/processualis.com\/association-processualis\/wp-json\/wp\/v2\/pages\/28\/revisions"}],"predecessor-version":[{"id":2585,"href":"https:\/\/processualis.com\/association-processualis\/wp-json\/wp\/v2\/pages\/28\/revisions\/2585"}],"wp:attachment":[{"href":"https:\/\/processualis.com\/association-processualis\/wp-json\/wp\/v2\/media?parent=28"}],"curies":[{"name":"wp","href":"https:\/\/api.w.org\/{rel}","templated":true}]}}