{"id":2728,"date":"2025-09-28T15:35:46","date_gmt":"2025-09-28T13:35:46","guid":{"rendered":"https:\/\/processualis.com\/association-processualis\/?page_id=2728"},"modified":"2025-09-28T15:59:07","modified_gmt":"2025-09-28T13:59:07","slug":"bureau-2024-2025","status":"publish","type":"page","link":"https:\/\/processualis.com\/association-processualis\/les-promotions\/promotion-2024-2025-2\/promotion-2024-2025\/bureau-2024-2025\/","title":{"rendered":"Bureau 2024\/2025 de l&rsquo;Association Processualis"},"content":{"rendered":"<h4><\/h4>\n<p style=\"text-align: center;\"><span style=\"text-decoration: underline; font-size: 18px;\"><span style=\"font-family: 'Bai Jamjuree';\">Composition du bureau de l&rsquo;Association Processualis pour 2024-2025 :\u00a0<\/span><\/span><\/p>\n<p><span style=\"text-decoration: underline;\">Pr\u00e9sidente<\/span> : DESVIGNES Justine<\/p>\n<p><span style=\"text-decoration: underline;\">Tr\u00e9sori\u00e8re<\/span> : BOUKANTAR Kam\u00e9lia<\/p>\n<p><span style=\"text-decoration: underline;\">Secr\u00e9taire<\/span> : LE ROY Marie<\/p>\n<p><span style=\"text-decoration: underline;\">Charg\u00e9es de communication<\/span> : CLEMENT Jeanne ; MUNOS Julia<\/p>\n<p><a href=\"https:\/\/processualis.com\/association-processualis\/lassociation\/546cfb15-9738-4fa6-a191-40015854efdd\/\" rel=\"attachment wp-att-2570\"><img loading=\"lazy\" decoding=\"async\" class=\"aligncenter size-full wp-image-2570\" src=\"https:\/\/processualis.com\/association-processualis\/wp-content\/uploads\/2024\/11\/546cfb15-9738-4fa6-a191-40015854efdd.jpeg\" alt=\"\" width=\"960\" height=\"1280\" srcset=\"https:\/\/processualis.com\/association-processualis\/wp-content\/uploads\/2024\/11\/546cfb15-9738-4fa6-a191-40015854efdd.jpeg 960w, https:\/\/processualis.com\/association-processualis\/wp-content\/uploads\/2024\/11\/546cfb15-9738-4fa6-a191-40015854efdd-225x300.jpeg 225w, https:\/\/processualis.com\/association-processualis\/wp-content\/uploads\/2024\/11\/546cfb15-9738-4fa6-a191-40015854efdd-768x1024.jpeg 768w\" sizes=\"(max-width: 960px) 100vw, 960px\" \/><\/a><\/p>\n<p><strong>De gauche \u00e0 droite :\u00a0<\/strong><\/p>\n<p><em>CLEMENT Jeanne ; MUNOS Jeanne ; DESVIGNES Justine ; BOUKANTAR Kam\u00e9lia ; LE ROY Marie<\/em><\/p>\n","protected":false},"excerpt":{"rendered":"<p>Composition du bureau de l&rsquo;Association Processualis pour 2024-2025 :\u00a0 Pr\u00e9sidente : DESVIGNES Justine Tr\u00e9sori\u00e8re : BOUKANTAR Kam\u00e9lia Secr\u00e9taire : LE<\/p>\n","protected":false},"author":1,"featured_media":0,"parent":2536,"menu_order":0,"comment_status":"closed","ping_status":"closed","template":"","meta":{"footnotes":""},"class_list":["post-2728","page","type-page","status-publish","hentry"],"_links":{"self":[{"href":"https:\/\/processualis.com\/association-processualis\/wp-json\/wp\/v2\/pages\/2728"}],"collection":[{"href":"https:\/\/processualis.com\/association-processualis\/wp-json\/wp\/v2\/pages"}],"about":[{"href":"https:\/\/processualis.com\/association-processualis\/wp-json\/wp\/v2\/types\/page"}],"author":[{"embeddable":true,"href":"https:\/\/processualis.com\/association-processualis\/wp-json\/wp\/v2\/users\/1"}],"replies":[{"embeddable":true,"href":"https:\/\/processualis.com\/association-processualis\/wp-json\/wp\/v2\/comments?post=2728"}],"version-history":[{"count":5,"href":"https:\/\/processualis.com\/association-processualis\/wp-json\/wp\/v2\/pages\/2728\/revisions"}],"predecessor-version":[{"id":2738,"href":"https:\/\/processualis.com\/association-processualis\/wp-json\/wp\/v2\/pages\/2728\/revisions\/2738"}],"up":[{"embeddable":true,"href":"https:\/\/processualis.com\/association-processualis\/wp-json\/wp\/v2\/pages\/2536"}],"wp:attachment":[{"href":"https:\/\/processualis.com\/association-processualis\/wp-json\/wp\/v2\/media?parent=2728"}],"curies":[{"name":"wp","href":"https:\/\/api.w.org\/{rel}","templated":true}]}}