{"id":2698,"date":"2025-09-28T11:19:31","date_gmt":"2025-09-28T09:19:31","guid":{"rendered":"https:\/\/processualis.com\/association-processualis\/?page_id=2698"},"modified":"2025-09-28T11:38:32","modified_gmt":"2025-09-28T09:38:32","slug":"promotion-2025-2026","status":"publish","type":"page","link":"https:\/\/processualis.com\/association-processualis\/les-promotions\/promotion-2025-2026\/","title":{"rendered":"Promotion 2025\/2026"},"content":{"rendered":"<p><a href=\"https:\/\/processualis.com\/association-processualis\/les-promotions\/promotion-2025-2026\/photo-2025-09-19-17-09-17\/\" rel=\"attachment wp-att-2699\"><img loading=\"lazy\" decoding=\"async\" class=\"size-full wp-image-2699 aligncenter\" src=\"https:\/\/processualis.com\/association-processualis\/wp-content\/uploads\/2025\/09\/PHOTO-2025-09-19-17-09-17.jpg\" alt=\"\" width=\"1200\" height=\"1600\" srcset=\"https:\/\/processualis.com\/association-processualis\/wp-content\/uploads\/2025\/09\/PHOTO-2025-09-19-17-09-17.jpg 1200w, https:\/\/processualis.com\/association-processualis\/wp-content\/uploads\/2025\/09\/PHOTO-2025-09-19-17-09-17-225x300.jpg 225w, https:\/\/processualis.com\/association-processualis\/wp-content\/uploads\/2025\/09\/PHOTO-2025-09-19-17-09-17-768x1024.jpg 768w, https:\/\/processualis.com\/association-processualis\/wp-content\/uploads\/2025\/09\/PHOTO-2025-09-19-17-09-17-1152x1536.jpg 1152w\" sizes=\"(max-width: 1200px) 100vw, 1200px\" \/><\/a><\/p>\n<p><span style=\"font-family: 'Bai Jamjuree'; font-size: 18px;\">De gauche \u00e0 droite:<\/span><\/p>\n<p><span style=\"text-decoration: underline;\">9\u00e8me rang<\/span> : MORALES Marius ; CHAMPION Pierre-Louis<\/p>\n<p><span style=\"text-decoration: underline;\">8\u00e8me rang<\/span> : VALETTE REVENO J\u00e9r\u00e9my ; MARTINS Nathan<\/p>\n<p><span style=\"text-decoration: underline;\">7\u00e8me rang<\/span> : BOUGAULT Juliette ; WITEK Laure<\/p>\n<p><span style=\"text-decoration: underline;\">6\u00e8m\u00e8 rang<\/span> : LEUTHREAU Mathilde ; PICARD Manon ; PEPE Fanny ; DEMORAT Camille<\/p>\n<p><span style=\"text-decoration: underline;\">5\u00e8me rang<\/span> : MEAN Jeanne ; MERMET FONTANELLE Juliette ; PAGEAULT Keara<\/p>\n<p><span style=\"text-decoration: underline;\">4\u00e8me rang<\/span> : VINOT Amandine ; LECLERE Ma\u00ebliss ; PIOCHET Anne-Gabrielle ; MAZILLE Zo\u00e9<\/p>\n<p><span style=\"text-decoration: underline;\">3\u00e8me rang<\/span> : COMPARET Maellia ; SERVE Ambre ; KROELY Marion<\/p>\n<p><span style=\"text-decoration: underline;\">2\u00e8me rang<\/span> : CERVO Laura ; BITA Lucy ; ONDEL Ela<\/p>\n<p><span style=\"text-decoration: underline;\">1er rang<\/span> : Madame GRAYOT-DIRX St\u00e9phanie ; CURELY Ayla ; PECATE Maelle<\/p>\n<p>&nbsp;<\/p>\n","protected":false},"excerpt":{"rendered":"<p>De gauche \u00e0 droite: 9\u00e8me rang : MORALES Marius ; CHAMPION Pierre-Louis 8\u00e8me rang : VALETTE REVENO J\u00e9r\u00e9my ; MARTINS<\/p>\n","protected":false},"author":1,"featured_media":0,"parent":7,"menu_order":0,"comment_status":"closed","ping_status":"closed","template":"","meta":{"footnotes":""},"class_list":["post-2698","page","type-page","status-publish","hentry"],"_links":{"self":[{"href":"https:\/\/processualis.com\/association-processualis\/wp-json\/wp\/v2\/pages\/2698"}],"collection":[{"href":"https:\/\/processualis.com\/association-processualis\/wp-json\/wp\/v2\/pages"}],"about":[{"href":"https:\/\/processualis.com\/association-processualis\/wp-json\/wp\/v2\/types\/page"}],"author":[{"embeddable":true,"href":"https:\/\/processualis.com\/association-processualis\/wp-json\/wp\/v2\/users\/1"}],"replies":[{"embeddable":true,"href":"https:\/\/processualis.com\/association-processualis\/wp-json\/wp\/v2\/comments?post=2698"}],"version-history":[{"count":5,"href":"https:\/\/processualis.com\/association-processualis\/wp-json\/wp\/v2\/pages\/2698\/revisions"}],"predecessor-version":[{"id":2706,"href":"https:\/\/processualis.com\/association-processualis\/wp-json\/wp\/v2\/pages\/2698\/revisions\/2706"}],"up":[{"embeddable":true,"href":"https:\/\/processualis.com\/association-processualis\/wp-json\/wp\/v2\/pages\/7"}],"wp:attachment":[{"href":"https:\/\/processualis.com\/association-processualis\/wp-json\/wp\/v2\/media?parent=2698"}],"curies":[{"name":"wp","href":"https:\/\/api.w.org\/{rel}","templated":true}]}}