{"id":2625,"date":"2025-02-05T16:06:28","date_gmt":"2025-02-05T15:06:28","guid":{"rendered":"https:\/\/processualis.com\/association-processualis\/?page_id=2625"},"modified":"2025-02-05T16:06:28","modified_gmt":"2025-02-05T15:06:28","slug":"cine-debat-decembre-2024","status":"publish","type":"page","link":"https:\/\/processualis.com\/association-processualis\/cine-debat-decembre-2024\/","title":{"rendered":"Cin\u00e9-d\u00e9bat D\u00e9cembre 2024"},"content":{"rendered":"<p>En d\u00e9cembre 2024, l\u2019association Processualis a organis\u00e9 un cin\u00e9-d\u00e9bat autour du film <em>L\u2019Histoire de Souleymane<\/em>, qui retrace le parcours difficile d\u2019un jeune homme demandant l\u2019asile. L\u2019objectif \u00e9tait de sensibiliser le public aux r\u00e9alit\u00e9s des personnes exil\u00e9es et aux enjeux juridiques li\u00e9s au droit d\u2019asile.<\/p>\n<p>Apr\u00e8s la projection, un d\u00e9bat riche a eu lieu avec des intervenants de qualit\u00e9 :<\/p>\n<p>&#8211; Yan Laidie, professeur en droit public \u00e0 l\u2019Universit\u00e9 de Bourgogne<\/p>\n<p>&#8211; Dominique Clemang, avocate au barreau de Dijon, sp\u00e9cialis\u00e9e en droit des \u00e9trangers et de la nationalit\u00e9<\/p>\n<p>&#8211; David Dufour, procureur de la R\u00e9publique adjoint de Dijon<\/p>\n<p>Les \u00e9changes ont permis d\u2019aborder des sujets essentiels : les proc\u00e9dures d\u2019asile, les conditions d\u2019accueil des demandeurs, et le r\u00f4le des professionnels du droit dans la protection des droits fondamentaux.<\/p>\n<p>Cet \u00e9v\u00e9nement a \u00e9t\u00e9 un vrai moment d\u2019\u00e9change et de r\u00e9flexion, merci \u00e0 tous ceux qui ont particip\u00e9 et enrichi le d\u00e9bat !<\/p>\n<p><a href=\"https:\/\/processualis.com\/association-processualis\/cine-debat-decembre-2024\/whatsapp-image-2025-02-05-at-16-05-46\/\" rel=\"attachment wp-att-2626\"><img loading=\"lazy\" decoding=\"async\" class=\"aligncenter size-full wp-image-2626\" src=\"https:\/\/processualis.com\/association-processualis\/wp-content\/uploads\/2025\/02\/WhatsApp-Image-2025-02-05-at-16.05.46.jpeg\" alt=\"\" width=\"1131\" height=\"1600\" srcset=\"https:\/\/processualis.com\/association-processualis\/wp-content\/uploads\/2025\/02\/WhatsApp-Image-2025-02-05-at-16.05.46.jpeg 1131w, https:\/\/processualis.com\/association-processualis\/wp-content\/uploads\/2025\/02\/WhatsApp-Image-2025-02-05-at-16.05.46-212x300.jpeg 212w, https:\/\/processualis.com\/association-processualis\/wp-content\/uploads\/2025\/02\/WhatsApp-Image-2025-02-05-at-16.05.46-724x1024.jpeg 724w, https:\/\/processualis.com\/association-processualis\/wp-content\/uploads\/2025\/02\/WhatsApp-Image-2025-02-05-at-16.05.46-768x1086.jpeg 768w, https:\/\/processualis.com\/association-processualis\/wp-content\/uploads\/2025\/02\/WhatsApp-Image-2025-02-05-at-16.05.46-1086x1536.jpeg 1086w\" sizes=\"(max-width: 1131px) 100vw, 1131px\" \/><\/a><\/p>\n","protected":false},"excerpt":{"rendered":"<p>En d\u00e9cembre 2024, l\u2019association Processualis a organis\u00e9 un cin\u00e9-d\u00e9bat autour du film L\u2019Histoire de Souleymane, qui retrace le parcours difficile<\/p>\n","protected":false},"author":1,"featured_media":0,"parent":0,"menu_order":0,"comment_status":"closed","ping_status":"closed","template":"","meta":{"footnotes":""},"class_list":["post-2625","page","type-page","status-publish","hentry"],"_links":{"self":[{"href":"https:\/\/processualis.com\/association-processualis\/wp-json\/wp\/v2\/pages\/2625"}],"collection":[{"href":"https:\/\/processualis.com\/association-processualis\/wp-json\/wp\/v2\/pages"}],"about":[{"href":"https:\/\/processualis.com\/association-processualis\/wp-json\/wp\/v2\/types\/page"}],"author":[{"embeddable":true,"href":"https:\/\/processualis.com\/association-processualis\/wp-json\/wp\/v2\/users\/1"}],"replies":[{"embeddable":true,"href":"https:\/\/processualis.com\/association-processualis\/wp-json\/wp\/v2\/comments?post=2625"}],"version-history":[{"count":2,"href":"https:\/\/processualis.com\/association-processualis\/wp-json\/wp\/v2\/pages\/2625\/revisions"}],"predecessor-version":[{"id":2628,"href":"https:\/\/processualis.com\/association-processualis\/wp-json\/wp\/v2\/pages\/2625\/revisions\/2628"}],"wp:attachment":[{"href":"https:\/\/processualis.com\/association-processualis\/wp-json\/wp\/v2\/media?parent=2625"}],"curies":[{"name":"wp","href":"https:\/\/api.w.org\/{rel}","templated":true}]}}