{"id":26,"date":"2012-01-20T13:49:38","date_gmt":"2012-01-20T13:49:38","guid":{"rendered":"http:\/\/processualis.com\/association-processualis\/?page_id=26"},"modified":"2025-09-28T15:28:21","modified_gmt":"2025-09-28T13:28:21","slug":"lassociation","status":"publish","type":"page","link":"https:\/\/processualis.com\/association-processualis\/","title":{"rendered":"L&rsquo;association Processualis"},"content":{"rendered":"<p style=\"text-align: justify;\"><img loading=\"lazy\" decoding=\"async\" class=\"alignnone wp-image-223\" title=\"Master 2 Droit Processuel Dijon - UFR Droit Dijon\" src=\"https:\/\/processualis.com\/association-processualis\/wp-content\/uploads\/2012\/01\/bandeau-droit.jpg\" alt=\"Master 2 Droit Processuel Dijon - UFR Droit Dijon\" width=\"871\" height=\"125\" srcset=\"https:\/\/processualis.com\/association-processualis\/wp-content\/uploads\/2012\/01\/bandeau-droit.jpg 990w, https:\/\/processualis.com\/association-processualis\/wp-content\/uploads\/2012\/01\/bandeau-droit-300x43.jpg 300w\" sizes=\"(max-width: 871px) 100vw, 871px\" \/><\/p>\n<p style=\"text-align: justify;\">Depuis 2004, une association nomm\u00e9e <strong>Processualis\u00a0<\/strong>est adoss\u00e9e au Master Droit Processuel, mention Justice, proc\u00e8s, proc\u00e9dures.<\/p>\n<p style=\"text-align: justify;\">Il s&rsquo;agit notamment de constituer et animer un r\u00e9seau afin de faciliter la mise en relation des \u00e9tudiants avec les professionnels du droit. Les \u00e9tudiants du Master sont invit\u00e9s \u00e0 participer aux activit\u00e9s de cette association.<\/p>\n<p style=\"text-align: justify;\">Gr\u00e2ce \u00e0 l&rsquo;association, des visites institutionnelles ont pu \u00eatre organis\u00e9es (Cour de cassation, Conseil constitutionnel, CNB, mais aussi Cour Europ\u00e9enne des Droits de l&rsquo;Homme et l&rsquo;Ecole R\u00e9gionale des Avocats du Grand Est (ERAGE), ou encore la cour d&rsquo;appel et la maison d&rsquo;arr\u00eat de Dijon). De m\u00eame, elle permet aux \u00e9tudiants de participer \u00e0 l&rsquo;organisation d&rsquo;un colloque, permettant de lier la p\u00e9dagogie et la recherche.<\/p>\n<p style=\"text-align: center;\"><strong><span style=\"text-decoration: underline;\">Composition du Bureau de l&rsquo;Association Processualis pour 2025-2026<\/span>\u00a0:<\/strong><\/p>\n<p style=\"text-align: justify;\"><span style=\"text-decoration: underline;\">Pr\u00e9sidente<\/span> : CERVO Laura<\/p>\n<p><span style=\"text-decoration: underline;\">Vice-pr\u00e9sidentes<\/span> : DEMORAT Camille ; LEUTHREAU Mathilde<\/p>\n<p style=\"text-align: justify;\"><span style=\"text-decoration: underline;\">Tr\u00e9sori\u00e8re<\/span> : KROELY Marion<\/p>\n<p style=\"text-align: justify;\"><span style=\"text-decoration: underline;\">Secr\u00e9taire<\/span> : PIOCHET Anne-Gabrielle<\/p>\n<p><a href=\"https:\/\/processualis.com\/association-processualis\/lassociation\/photo-2025-09-15-15-52-39\/\" rel=\"attachment wp-att-2724\"><img loading=\"lazy\" decoding=\"async\" class=\"aligncenter size-full wp-image-2724\" src=\"https:\/\/processualis.com\/association-processualis\/wp-content\/uploads\/2025\/09\/PHOTO-2025-09-15-15-52-39.jpg\" alt=\"\" width=\"1536\" height=\"2048\" srcset=\"https:\/\/processualis.com\/association-processualis\/wp-content\/uploads\/2025\/09\/PHOTO-2025-09-15-15-52-39.jpg 1536w, https:\/\/processualis.com\/association-processualis\/wp-content\/uploads\/2025\/09\/PHOTO-2025-09-15-15-52-39-225x300.jpg 225w, https:\/\/processualis.com\/association-processualis\/wp-content\/uploads\/2025\/09\/PHOTO-2025-09-15-15-52-39-768x1024.jpg 768w, https:\/\/processualis.com\/association-processualis\/wp-content\/uploads\/2025\/09\/PHOTO-2025-09-15-15-52-39-1152x1536.jpg 1152w\" sizes=\"(max-width: 1536px) 100vw, 1536px\" \/><\/a><\/p>\n<p><strong>De gauche \u00e0 droite :<\/strong><\/p>\n<p><em>KROELY Marion ; CERVO Laura ; PIOCHET Anne-Gabrielle ; LEUTHREAU Mathilde : DEMORAT Camille<\/em><\/p>\n<p><span style=\"text-decoration: underline;\">Charg\u00e9es de communication<\/span> :<\/p>\n<p>BOUGAULT Juliette ; LECLERE Ma\u00ebliss ; MAZILLE Zo\u00e9 ; PICARD Manon ; SERVE Ambre ; VINOT Amandine<\/p>\n<p><a href=\"https:\/\/processualis.com\/association-processualis\/lassociation\/photo-2025-09-26-13-09-36\/\" rel=\"attachment wp-att-2725\"><img loading=\"lazy\" decoding=\"async\" class=\"aligncenter size-full wp-image-2725\" src=\"https:\/\/processualis.com\/association-processualis\/wp-content\/uploads\/2025\/09\/PHOTO-2025-09-26-13-09-36.jpg\" alt=\"\" width=\"2048\" height=\"1536\" srcset=\"https:\/\/processualis.com\/association-processualis\/wp-content\/uploads\/2025\/09\/PHOTO-2025-09-26-13-09-36.jpg 2048w, https:\/\/processualis.com\/association-processualis\/wp-content\/uploads\/2025\/09\/PHOTO-2025-09-26-13-09-36-300x225.jpg 300w, https:\/\/processualis.com\/association-processualis\/wp-content\/uploads\/2025\/09\/PHOTO-2025-09-26-13-09-36-1024x768.jpg 1024w, https:\/\/processualis.com\/association-processualis\/wp-content\/uploads\/2025\/09\/PHOTO-2025-09-26-13-09-36-768x576.jpg 768w, https:\/\/processualis.com\/association-processualis\/wp-content\/uploads\/2025\/09\/PHOTO-2025-09-26-13-09-36-1536x1152.jpg 1536w\" sizes=\"(max-width: 2048px) 100vw, 2048px\" \/><\/a><\/p>\n<p><strong>De gauche \u00e0 droite :<\/strong><\/p>\n<p><em>PICARD Manon ; MAZILLE Zo\u00e9 ; LECLERE Ma\u00ebliss ; SERVE Ambre ; BOUGAULT Juliette ; VINOT Amandine<\/em><\/p>\n<p>&nbsp;<\/p>\n","protected":false},"excerpt":{"rendered":"<p>Depuis 2004, une association nomm\u00e9e Processualis\u00a0est adoss\u00e9e au Master Droit Processuel, mention Justice, proc\u00e8s, proc\u00e9dures. Il s&rsquo;agit notamment de constituer<\/p>\n","protected":false},"author":1,"featured_media":0,"parent":0,"menu_order":0,"comment_status":"closed","ping_status":"closed","template":"","meta":{"footnotes":""},"class_list":["post-26","page","type-page","status-publish","hentry"],"_links":{"self":[{"href":"https:\/\/processualis.com\/association-processualis\/wp-json\/wp\/v2\/pages\/26"}],"collection":[{"href":"https:\/\/processualis.com\/association-processualis\/wp-json\/wp\/v2\/pages"}],"about":[{"href":"https:\/\/processualis.com\/association-processualis\/wp-json\/wp\/v2\/types\/page"}],"author":[{"embeddable":true,"href":"https:\/\/processualis.com\/association-processualis\/wp-json\/wp\/v2\/users\/1"}],"replies":[{"embeddable":true,"href":"https:\/\/processualis.com\/association-processualis\/wp-json\/wp\/v2\/comments?post=26"}],"version-history":[{"count":59,"href":"https:\/\/processualis.com\/association-processualis\/wp-json\/wp\/v2\/pages\/26\/revisions"}],"predecessor-version":[{"id":2727,"href":"https:\/\/processualis.com\/association-processualis\/wp-json\/wp\/v2\/pages\/26\/revisions\/2727"}],"wp:attachment":[{"href":"https:\/\/processualis.com\/association-processualis\/wp-json\/wp\/v2\/media?parent=26"}],"curies":[{"name":"wp","href":"https:\/\/api.w.org\/{rel}","templated":true}]}}