{"id":2527,"date":"2024-02-16T10:24:00","date_gmt":"2024-02-16T09:24:00","guid":{"rendered":"https:\/\/processualis.com\/association-processualis\/?page_id=2527"},"modified":"2024-02-16T10:27:00","modified_gmt":"2024-02-16T09:27:00","slug":"cine-debat-fevrier-2024","status":"publish","type":"page","link":"https:\/\/processualis.com\/association-processualis\/cine-debat-fevrier-2024\/","title":{"rendered":"Cin\u00e9-d\u00e9bat F\u00e9vrier 2024"},"content":{"rendered":"<p>Bonjour \u00e0 tous,<\/p>\n<p>L\u2019association Processualis a le plaisir de vous pr\u00e9senter l\u2019affiche de son prochain cin\u00e9-d\u00e9bat qui se tiendra le <strong>lundi 19 f\u00e9vrier 2024 \u00e0 19h au cin\u00e9ma Darcy \u00e0 Dijon<\/strong>.<\/p>\n<p>Celui-ci porte sur le th\u00e8me de la m\u00e9diation et est co-organis\u00e9 avec le <strong>Centre de M\u00e9diation de C\u00f4te d&rsquo;Or<\/strong>.<\/p>\n<p>Apr\u00e8s la projection du film <strong>Casus Belli<\/strong> d&rsquo;Annne Levy Morelle (2014), la soir\u00e9e traitera des conflits du quotidien en prenant l&rsquo;exemple de la Belgique, du difficile travail de ramener les humains en discorde \u00e0 une paix relative. Deux approches sont explor\u00e9es : celle du m\u00e9diateur, qui \u00e9coute, reste neutre, favorise l&rsquo;\u00e9mergence d&rsquo;une solution propos\u00e9e par les parties elles-m\u00eames et celle du juge de paix, qui tant\u00f4t tranche, tant\u00f4t s&rsquo;efforce de d\u00e9gager un accord.<\/p>\n<p style=\"text-align: justify;\">Puis, un <strong>d\u00e9bat<\/strong> sera anim\u00e9 par diff\u00e9rents intervenants du monde judiciaire :<\/p>\n<ul>\n<li>Monsieur Cyrille FRANCK : magistrat<\/li>\n<li>Monsieur le b\u00e2tonnier Alain RIGAUDIERE : avocat<\/li>\n<li>Ma\u00eetre Isabelle THOMAS : avocate<\/li>\n<li>Ma\u00eetre Claude POLETTE : avocate, m\u00e9diatrice et pr\u00e9sidente du CMCO<\/li>\n<\/ul>\n<p>Nous vous attendons nombreux pour cette soir\u00e9e qui promet d&rsquo;\u00eatre enrichissante !<\/p>\n<p><a href=\"https:\/\/processualis.com\/association-processualis\/cine-debat-fevrier-2024\/attachment\/1708024215165\/\" rel=\"attachment wp-att-2523\"><img loading=\"lazy\" decoding=\"async\" class=\"aligncenter size-full wp-image-2523\" src=\"https:\/\/processualis.com\/association-processualis\/wp-content\/uploads\/2024\/02\/1708024215165.jpeg\" alt=\"\" width=\"1280\" height=\"1810\" srcset=\"https:\/\/processualis.com\/association-processualis\/wp-content\/uploads\/2024\/02\/1708024215165.jpeg 1280w, https:\/\/processualis.com\/association-processualis\/wp-content\/uploads\/2024\/02\/1708024215165-212x300.jpeg 212w, https:\/\/processualis.com\/association-processualis\/wp-content\/uploads\/2024\/02\/1708024215165-724x1024.jpeg 724w, https:\/\/processualis.com\/association-processualis\/wp-content\/uploads\/2024\/02\/1708024215165-768x1086.jpeg 768w, https:\/\/processualis.com\/association-processualis\/wp-content\/uploads\/2024\/02\/1708024215165-1086x1536.jpeg 1086w\" sizes=\"(max-width: 1280px) 100vw, 1280px\" \/><\/a><\/p>\n","protected":false},"excerpt":{"rendered":"<p>Bonjour \u00e0 tous, L\u2019association Processualis a le plaisir de vous pr\u00e9senter l\u2019affiche de son prochain cin\u00e9-d\u00e9bat qui se tiendra le<\/p>\n","protected":false},"author":1,"featured_media":0,"parent":0,"menu_order":0,"comment_status":"closed","ping_status":"closed","template":"","meta":{"footnotes":""},"class_list":["post-2527","page","type-page","status-publish","hentry"],"_links":{"self":[{"href":"https:\/\/processualis.com\/association-processualis\/wp-json\/wp\/v2\/pages\/2527"}],"collection":[{"href":"https:\/\/processualis.com\/association-processualis\/wp-json\/wp\/v2\/pages"}],"about":[{"href":"https:\/\/processualis.com\/association-processualis\/wp-json\/wp\/v2\/types\/page"}],"author":[{"embeddable":true,"href":"https:\/\/processualis.com\/association-processualis\/wp-json\/wp\/v2\/users\/1"}],"replies":[{"embeddable":true,"href":"https:\/\/processualis.com\/association-processualis\/wp-json\/wp\/v2\/comments?post=2527"}],"version-history":[{"count":2,"href":"https:\/\/processualis.com\/association-processualis\/wp-json\/wp\/v2\/pages\/2527\/revisions"}],"predecessor-version":[{"id":2531,"href":"https:\/\/processualis.com\/association-processualis\/wp-json\/wp\/v2\/pages\/2527\/revisions\/2531"}],"wp:attachment":[{"href":"https:\/\/processualis.com\/association-processualis\/wp-json\/wp\/v2\/media?parent=2527"}],"curies":[{"name":"wp","href":"https:\/\/api.w.org\/{rel}","templated":true}]}}