{"id":2465,"date":"2023-11-11T11:26:51","date_gmt":"2023-11-11T10:26:51","guid":{"rendered":"https:\/\/processualis.com\/association-processualis\/?page_id=2465"},"modified":"2025-10-13T12:35:42","modified_gmt":"2025-10-13T10:35:42","slug":"cine-debat-novembre-2023","status":"publish","type":"page","link":"https:\/\/processualis.com\/association-processualis\/anciens-cine-debat\/cine-debat-novembre-2023\/","title":{"rendered":"Cin\u00e9-d\u00e9bat Novembre 2023"},"content":{"rendered":"<p><a href=\"https:\/\/processualis.com\/association-processualis\/cine-debat-du-20-novembre-2023\/affiche-cinedebat\/\" rel=\"attachment wp-att-2499\"><img loading=\"lazy\" decoding=\"async\" class=\"aligncenter size-full wp-image-2499\" src=\"https:\/\/processualis.com\/association-processualis\/wp-content\/uploads\/2023\/10\/Affiche-cinedebat.jpg\" alt=\"\" width=\"1125\" height=\"1497\" srcset=\"https:\/\/processualis.com\/association-processualis\/wp-content\/uploads\/2023\/10\/Affiche-cinedebat.jpg 1125w, https:\/\/processualis.com\/association-processualis\/wp-content\/uploads\/2023\/10\/Affiche-cinedebat-225x300.jpg 225w, https:\/\/processualis.com\/association-processualis\/wp-content\/uploads\/2023\/10\/Affiche-cinedebat-770x1024.jpg 770w, https:\/\/processualis.com\/association-processualis\/wp-content\/uploads\/2023\/10\/Affiche-cinedebat-768x1022.jpg 768w\" sizes=\"(max-width: 1125px) 100vw, 1125px\" \/><\/a><span style=\"font-family: 'Bai Jamjuree'; color: #000000;\">Bonjour \u00e0 tous,\u00a0<\/span><\/p>\n<p>L&rsquo;association processualis est tr\u00e8s heureuse de vous pr\u00e9senter l&rsquo;affiche pour le prochain cin\u00e9-d\u00e9bat qui se tiendra le <strong>lundi 20 novembre 2023 \u00e0 19h au cin\u00e9ma Darcy \u00e0 Dijon<\/strong>.<\/p>\n<p><span style=\"font-family: 'Bai Jamjuree';\"><a href=\"https:\/\/processualis.com\/association-processualis\/cine-debat-du-20-novembre-2023\/affiche-jpeg\/\" rel=\"attachment wp-att-2445\"><span style=\"color: #000000;\">Le master II droit processuel, particuli\u00e8rement sensible \u00e0 la lutte contre les violences faites aux femmes, a choisi ce film portant sur la prostitution. La date de diffusion n&rsquo;\u00e9tant pas anodine puisque le 25 novembre est la journ\u00e9e internationale de lutte contre les violences faites aux femmes. <\/span><\/a><\/span><\/p>\n<p>Parce que c&rsquo;est un sujet encore tabou et d&rsquo;actualit\u00e9, nous serons tr\u00e8s heureux d&rsquo;en discuter \u00e0 l&rsquo;occasion d&rsquo;un d\u00e9bat pr\u00e9vu \u00e0 l&rsquo;issu du film. Des intervenants de qualit\u00e9, aussi bien du monde judiciaire qu&rsquo;associatif, vont y participer.<\/p>\n<p>Alors \u00e0 vos places, pr\u00eats&#8230;&#8230;R\u00e9servez !<\/p>\n<p>&nbsp;<\/p>\n","protected":false},"excerpt":{"rendered":"<p>Bonjour \u00e0 tous,\u00a0 L&rsquo;association processualis est tr\u00e8s heureuse de vous pr\u00e9senter l&rsquo;affiche pour le prochain cin\u00e9-d\u00e9bat qui se tiendra le<\/p>\n","protected":false},"author":1,"featured_media":0,"parent":2804,"menu_order":0,"comment_status":"closed","ping_status":"closed","template":"","meta":{"footnotes":""},"class_list":["post-2465","page","type-page","status-publish","hentry"],"_links":{"self":[{"href":"https:\/\/processualis.com\/association-processualis\/wp-json\/wp\/v2\/pages\/2465"}],"collection":[{"href":"https:\/\/processualis.com\/association-processualis\/wp-json\/wp\/v2\/pages"}],"about":[{"href":"https:\/\/processualis.com\/association-processualis\/wp-json\/wp\/v2\/types\/page"}],"author":[{"embeddable":true,"href":"https:\/\/processualis.com\/association-processualis\/wp-json\/wp\/v2\/users\/1"}],"replies":[{"embeddable":true,"href":"https:\/\/processualis.com\/association-processualis\/wp-json\/wp\/v2\/comments?post=2465"}],"version-history":[{"count":4,"href":"https:\/\/processualis.com\/association-processualis\/wp-json\/wp\/v2\/pages\/2465\/revisions"}],"predecessor-version":[{"id":2517,"href":"https:\/\/processualis.com\/association-processualis\/wp-json\/wp\/v2\/pages\/2465\/revisions\/2517"}],"up":[{"embeddable":true,"href":"https:\/\/processualis.com\/association-processualis\/wp-json\/wp\/v2\/pages\/2804"}],"wp:attachment":[{"href":"https:\/\/processualis.com\/association-processualis\/wp-json\/wp\/v2\/media?parent=2465"}],"curies":[{"name":"wp","href":"https:\/\/api.w.org\/{rel}","templated":true}]}}