{"id":2422,"date":"2023-09-23T12:52:49","date_gmt":"2023-09-23T10:52:49","guid":{"rendered":"http:\/\/processualis.com\/association-processualis\/?page_id=2422"},"modified":"2023-12-18T14:34:44","modified_gmt":"2023-12-18T13:34:44","slug":"promotion-zientara-logeais-2024","status":"publish","type":"page","link":"https:\/\/processualis.com\/association-processualis\/promotion-zientara-logeais-2024\/","title":{"rendered":"Promotion ZIENTARA-LOGEAY 2024"},"content":{"rendered":"<p><a href=\"https:\/\/processualis.com\/association-processualis\/promotion-zientara-logeais-2024\/promo\/\" rel=\"attachment wp-att-2515\"><img loading=\"lazy\" decoding=\"async\" class=\"aligncenter size-full wp-image-2515\" src=\"https:\/\/processualis.com\/association-processualis\/wp-content\/uploads\/2023\/12\/Promo.jpg\" alt=\"\" width=\"1877\" height=\"1788\" srcset=\"https:\/\/processualis.com\/association-processualis\/wp-content\/uploads\/2023\/12\/Promo.jpg 1877w, https:\/\/processualis.com\/association-processualis\/wp-content\/uploads\/2023\/12\/Promo-300x286.jpg 300w, https:\/\/processualis.com\/association-processualis\/wp-content\/uploads\/2023\/12\/Promo-1024x975.jpg 1024w, https:\/\/processualis.com\/association-processualis\/wp-content\/uploads\/2023\/12\/Promo-768x732.jpg 768w, https:\/\/processualis.com\/association-processualis\/wp-content\/uploads\/2023\/12\/Promo-1536x1463.jpg 1536w\" sizes=\"(max-width: 1877px) 100vw, 1877px\" \/><\/a><\/p>\n<p><span style=\"text-decoration: underline;\"><strong>De gauche \u00e0 droite<\/strong><\/span> :<br \/>\n<span style=\"text-decoration: underline;\">Quatri\u00e8me rang<\/span> : Madame GRAYOT-DIRX St\u00e9phanie ; Monsieur BENEY Jean-Marie<\/p>\n<p><span style=\"text-decoration: underline;\">Troisi\u00e8me rang<\/span> : CARRE Margaux ; PERRIN Claudie ; MORALES Louise ; PIERRAT Justine<\/p>\n<p><span style=\"text-decoration: underline;\">Deuxi\u00e8me rang<\/span> : HIBON Alice ; CARPENTIER Bastien ; BAROLLE Emilie<\/p>\n<p><span style=\"text-decoration: underline;\">Premier rang<\/span> : LEFEVRE Clara ; JANIN Louise ; BOURRIER Natacha ; PAYET Camille<\/p>\n","protected":false},"excerpt":{"rendered":"<p>De gauche \u00e0 droite : Quatri\u00e8me rang : Madame GRAYOT-DIRX St\u00e9phanie ; Monsieur BENEY Jean-Marie Troisi\u00e8me rang : CARRE Margaux<\/p>\n","protected":false},"author":1,"featured_media":0,"parent":0,"menu_order":0,"comment_status":"closed","ping_status":"closed","template":"","meta":{"footnotes":""},"class_list":["post-2422","page","type-page","status-publish","hentry"],"_links":{"self":[{"href":"https:\/\/processualis.com\/association-processualis\/wp-json\/wp\/v2\/pages\/2422"}],"collection":[{"href":"https:\/\/processualis.com\/association-processualis\/wp-json\/wp\/v2\/pages"}],"about":[{"href":"https:\/\/processualis.com\/association-processualis\/wp-json\/wp\/v2\/types\/page"}],"author":[{"embeddable":true,"href":"https:\/\/processualis.com\/association-processualis\/wp-json\/wp\/v2\/users\/1"}],"replies":[{"embeddable":true,"href":"https:\/\/processualis.com\/association-processualis\/wp-json\/wp\/v2\/comments?post=2422"}],"version-history":[{"count":5,"href":"https:\/\/processualis.com\/association-processualis\/wp-json\/wp\/v2\/pages\/2422\/revisions"}],"predecessor-version":[{"id":2516,"href":"https:\/\/processualis.com\/association-processualis\/wp-json\/wp\/v2\/pages\/2422\/revisions\/2516"}],"wp:attachment":[{"href":"https:\/\/processualis.com\/association-processualis\/wp-json\/wp\/v2\/media?parent=2422"}],"curies":[{"name":"wp","href":"https:\/\/api.w.org\/{rel}","templated":true}]}}