{"id":24,"date":"2012-01-20T13:49:28","date_gmt":"2012-01-20T13:49:28","guid":{"rendered":"http:\/\/processualis.com\/association-processualis\/?page_id=24"},"modified":"2022-03-08T19:53:42","modified_gmt":"2022-03-08T18:53:42","slug":"lhistorique","status":"publish","type":"page","link":"https:\/\/processualis.com\/association-processualis\/lhistorique\/","title":{"rendered":"Informations pratiques"},"content":{"rendered":"<h3 style=\"text-align: justify;\">RECRUTEMENT\u00a0:<\/h3>\n<ul style=\"text-align: justify;\">\n<li>Obtention d&rsquo;un Master 1 en droit<\/li>\n<li>Pr\u00e9s\u00e9lection sur dossier<\/li>\n<li>S\u00e9lection sur entretien<\/li>\n<\/ul>\n<p style=\"text-align: justify;\">L&rsquo;entretien peut effrayer. En r\u00e9alit\u00e9, celui-ci comporte trois phases\u00a0:<\/p>\n<ul style=\"text-align: justify;\">\n<li>Un entretien avec un professionnel du droit<\/li>\n<li>Un entretien avec un universitaire<\/li>\n<li>Un entretien en anglais<\/li>\n<\/ul>\n<p style=\"text-align: justify;\">Il est n\u00e9cessaire d&rsquo;avoir un r\u00e9el projet professionnel et une grande motivation. Toute la dur\u00e9e des s\u00e9lections, nous serons l\u00e0 pour vous soutenir et r\u00e9pondre \u00e0 vos questions.<\/p>\n<h6 style=\"text-align: justify;\"><\/h6>\n<h3 style=\"text-align: justify;\">D\u00c9BOUCH\u00c9S :<\/h3>\n<p style=\"text-align: justify;\">Une multitude de comp\u00e9tences proc\u00e9durales sont acquises dans le cadre de cette formation afin d&rsquo;obtenir l&rsquo;acc\u00e8s \u00e0 diverses professions telles que\u00a0:<\/p>\n<ul style=\"text-align: justify;\">\n<li>Magistrat<\/li>\n<li>Avocat<\/li>\n<li>Huissier de justice<\/li>\n<li>Greffier<\/li>\n<li>Police\/gendarmerie<\/li>\n<li>Juriste d&rsquo;entreprise &#8230;<\/li>\n<\/ul>\n<h6 style=\"text-align: justify;\"><\/h6>\n<h3 style=\"text-align: justify;\">CONTENU DE LA FORMATION\u00a0:<\/h3>\n<p style=\"text-align: justify;\">Le Master 2 Droit Processuel permet d&rsquo;obtenir une vision pratique des connaissances acquises et surtout de rencontrer les professionnels du droit \u00e0 travers :<\/p>\n<ul style=\"text-align: justify;\">\n<li style=\"list-style-type: none;\">\n<ul>\n<li style=\"text-align: justify;\"><strong>Les <a href=\"https:\/\/www.u-bourgogne.fr\/images\/stories\/odf\/master\/ff-droit-processuel-m2.pdf\">cours<\/a> :<\/strong> des universitaires et des praticiens interviennent dans le cadre du Master 2. Chacune des proc\u00e9dures est alors abord\u00e9e (civile, p\u00e9nale, administrative, communautaire, constitutionnelle, voies d&rsquo;ex\u00e9cution).<\/li>\n<\/ul>\n<\/li>\n<\/ul>\n<ul style=\"text-align: justify;\">\n<li style=\"list-style-type: none;\">\n<ul>\n<li style=\"text-align: justify;\"><strong>Un m\u00e9moire\u00a0:<\/strong> le sujet est adopt\u00e9 d&rsquo;un commun accord entre le directeur de m\u00e9moire (universitaire ou intervenant professionnel) et l&rsquo;\u00e9tudiant.<\/li>\n<\/ul>\n<\/li>\n<\/ul>\n<ul style=\"text-align: justify;\">\n<li style=\"list-style-type: none;\">\n<ul>\n<li style=\"text-align: justify;\"><strong>Un stage de trois mois\u00a0:<\/strong> le lieu est d\u00e9termin\u00e9 par l&rsquo;\u00e9tudiant suivant son projet professionnel. Le Master 2 permet un acc\u00e8s facilit\u00e9 aux professionnels du droit afin de r\u00e9aliser cet objectif.<\/li>\n<\/ul>\n<\/li>\n<\/ul>\n<ul style=\"text-align: justify;\">\n<li style=\"list-style-type: none;\">\n<ul>\n<li style=\"text-align: justify;\"><strong>Un colloque\u00a0:<\/strong> tous les ans, un sujet d&rsquo;actualit\u00e9 est abord\u00e9. Les \u00e9tudiants de la promotion participent alors tant \u00e0 l&rsquo;\u00e9laboration du programme scientifique qu&rsquo;\u00e0 l&rsquo;organisation mat\u00e9rielle.<\/li>\n<\/ul>\n<\/li>\n<\/ul>\n<ul style=\"text-align: justify;\">\n<li style=\"text-align: justify;\"><strong>Des activit\u00e9s annexes\u00a0:<\/strong> gr\u00e2ce aux diverses relations d\u00e9velopp\u00e9es, le Master 2 a l&rsquo;occasion de se d\u00e9placer au c\u0153ur du monde juridique : possibilit\u00e9 d&rsquo;assister \u00e0 des audiences (chambre sociale de la Cour d&rsquo;appel, chambre correctionnelle de la Cour d&rsquo;appel, proc\u00e8s d&rsquo;assises), visite de la police, de la gendarmerie, de la maison d&rsquo;arr\u00eat de Dijon, visite des greffes de la Cour d&rsquo;appel de Dijon. En fonction des ann\u00e9es, des r\u00e9alisations concr\u00e8tes peuvent \u00eatre assur\u00e9es par les \u00e9tudiants, en mode projet.<\/li>\n<\/ul>\n<p style=\"text-align: justify;\"><span style=\"text-align: justify;\">Des voyages sont \u00e9galement organis\u00e9s (Paris, Strasbourg).\u00a0<\/span><br \/>\nPour plus d&rsquo;informations<span style=\"color: #43a2e6;\"> <a style=\"color: #43a2e6;\" href=\"https:\/\/ufr-dsep.u-bourgogne.fr\/formations\/masters\/master-2-parcours-droit-processuel.html\"><strong>cliquez ici<\/strong><span style=\"color: #000000;\">.<\/span><\/a><\/span><\/p>\n<p style=\"text-align: justify;\"><img loading=\"lazy\" decoding=\"async\" class=\"aligncenter\" title=\"Master 2 Droit Processuel Dijon - Diplome droit dijon\" src=\"https:\/\/processualis.com\/association-processualis\/wp-content\/uploads\/2012\/01\/graduation-cap-and-diploma-800x600.jpg\" alt=\"Master 2 Droit Processuel Dijon - Diplome droit dijon\" width=\"324\" height=\"237\" \/><\/p>\n","protected":false},"excerpt":{"rendered":"<p>RECRUTEMENT\u00a0: Obtention d&rsquo;un Master 1 en droit Pr\u00e9s\u00e9lection sur dossier S\u00e9lection sur entretien L&rsquo;entretien peut effrayer. En r\u00e9alit\u00e9, celui-ci comporte<\/p>\n","protected":false},"author":1,"featured_media":0,"parent":0,"menu_order":0,"comment_status":"closed","ping_status":"closed","template":"","meta":{"footnotes":""},"class_list":["post-24","page","type-page","status-publish","hentry"],"_links":{"self":[{"href":"https:\/\/processualis.com\/association-processualis\/wp-json\/wp\/v2\/pages\/24"}],"collection":[{"href":"https:\/\/processualis.com\/association-processualis\/wp-json\/wp\/v2\/pages"}],"about":[{"href":"https:\/\/processualis.com\/association-processualis\/wp-json\/wp\/v2\/types\/page"}],"author":[{"embeddable":true,"href":"https:\/\/processualis.com\/association-processualis\/wp-json\/wp\/v2\/users\/1"}],"replies":[{"embeddable":true,"href":"https:\/\/processualis.com\/association-processualis\/wp-json\/wp\/v2\/comments?post=24"}],"version-history":[{"count":31,"href":"https:\/\/processualis.com\/association-processualis\/wp-json\/wp\/v2\/pages\/24\/revisions"}],"predecessor-version":[{"id":2297,"href":"https:\/\/processualis.com\/association-processualis\/wp-json\/wp\/v2\/pages\/24\/revisions\/2297"}],"wp:attachment":[{"href":"https:\/\/processualis.com\/association-processualis\/wp-json\/wp\/v2\/media?parent=24"}],"curies":[{"name":"wp","href":"https:\/\/api.w.org\/{rel}","templated":true}]}}