{"id":1777,"date":"2020-11-05T20:46:36","date_gmt":"2020-11-05T19:46:36","guid":{"rendered":"http:\/\/processualis.com\/association-processualis\/?page_id=1777"},"modified":"2025-02-07T15:44:33","modified_gmt":"2025-02-07T14:44:33","slug":"les-parrains","status":"publish","type":"page","link":"https:\/\/processualis.com\/association-processualis\/les-parrains\/","title":{"rendered":"Les parrains"},"content":{"rendered":"\r\n<p style=\"text-align: justify;\">\u00a0 \u00a0 \u00a0 \u00a0 Chaque ann\u00e9e, le Master a l\u2019opportunit\u00e9 d\u2019\u00eatre parrain\u00e9 par une haute personnalit\u00e9 du droit. Le Master a notamment eu l&rsquo;occasion d&rsquo;avoir pour parrain :<\/p>\r\n<ul>\r\n<li>En 2025, <strong>Monsieur Didier Paris<\/strong>, membre du Conseil sup\u00e9rieur de la magistrature.\u00a0<\/li>\r\n<\/ul>\r\n<p>&nbsp;<\/p>\r\n<ul>\r\n<li>En 2024, Madame <strong>Sandrine ZIENTARA-LOGEAY<\/strong>, pr\u00e9sidente de chambre et directrice du Service de documentation, des \u00e9tudes et du rapport de la Cour de cassation.<\/li>\r\n<\/ul>\r\n<p>&nbsp;<\/p>\r\n<ul>\r\n<li>En 2023, Ma\u00eetre <strong>Marc HENRY<\/strong>, avocat sp\u00e9cialis\u00e9 en contentieux des affaires et en arbitrage.<\/li>\r\n<\/ul>\r\n<p>&nbsp;<\/p>\r\n\r\n\r\n\r\n<ul class=\"wp-block-list\" style=\"text-align: justify;\">\r\n<li style=\"text-align: justify;\">En 2022, Monsieur <strong>Bruno PIREYRE<\/strong>, pr\u00e9sident de la deuxi\u00e8me chambre civile de la Cour de cassation.<\/li>\r\n<\/ul>\r\n<p style=\"text-align: justify;\">\u00a0<\/p>\r\n<ul style=\"text-align: justify;\">\r\n<li style=\"text-align: justify;\">En 2021, Monsieur <strong>Laurent NEYRET<\/strong>, directeur de cabinet du Pr\u00e9sident du Conseil constitutionnel.<\/li>\r\n<\/ul>\r\n<p style=\"text-align: justify;\">\u00a0<\/p>\r\n<ul style=\"text-align: justify;\">\r\n<li style=\"text-align: justify;\">En 2020, Madame \u00a0<strong>Christiane FERAL-SCHUHL<\/strong>, pr\u00e9sidente du Conseil National des Barreaux (CNB).<\/li>\r\n<\/ul>\r\n<p style=\"text-align: justify;\">\u00a0<\/p>\r\n<ul style=\"text-align: justify;\">\r\n<li style=\"text-align: justify;\">En 2019, Monsieur <strong>Fran\u00e7ois CORDIER<\/strong>, ancien premier avocat g\u00e9n\u00e9ral \u00e0 la chambre criminelle pr\u00e8s la Cour de cassation.<\/li>\r\n<\/ul>\r\n<p style=\"text-align: justify;\">\u00a0<\/p>\r\n<ul style=\"text-align: justify;\">\r\n<li style=\"text-align: justify;\">En 2018, Monsieur<strong> Xavier RONSIN<\/strong>,\u00a0Premier Pr\u00e9sident de la cour d\u2019appel de Rennes.<\/li>\r\n<\/ul>\r\n<p style=\"text-align: justify;\">\u00a0<\/p>\r\n<ul style=\"text-align: justify;\">\r\n<li style=\"text-align: justify;\">En 2017, Monsieur <strong>Renaud DENOIX DE SAINT MARC<\/strong>, vice-pr\u00e9sident honoraire du Conseil d\u2019Etat et ancien membre du Conseil constitutionnel.<\/li>\r\n<\/ul>\r\n<p style=\"text-align: justify;\">\u00a0<\/p>\r\n<ul style=\"text-align: justify;\">\r\n<li style=\"text-align: justify;\">En 2016, Monsieur <strong>Alain LACABRATS<\/strong>, ancien pr\u00e9sident de la chambre sociale de la Cour de cassation<\/li>\r\n<\/ul>\r\n<p style=\"text-align: justify;\">\u00a0<\/p>\r\n<ul style=\"text-align: justify;\">\r\n<li style=\"text-align: justify;\">En 2015, Madame <strong>Marie-Colette BRENOT<\/strong>, la Premi\u00e8re Pr\u00e9sidente de la Cour d\u2019appel de Colmar.<\/li>\r\n<\/ul>\r\n<p style=\"text-align: justify;\">\u00a0<\/p>\r\n<ul style=\"text-align: justify;\">\r\n<li style=\"text-align: justify;\">En 2014, Monsieur <strong>Guy CANIVET<\/strong>, Premier Pr\u00e9sident honoraire de la Cour de Cassation, Membre du Conseil Constitutionnel.<\/li>\r\n<\/ul>\r\n<p style=\"text-align: justify;\">\u00a0<\/p>\r\n<ul style=\"text-align: justify;\">\r\n<li style=\"text-align: justify;\">En 2013, Monsieur <strong>Marc GUILLAUME<\/strong>, Secr\u00e9taire G\u00e9n\u00e9ral du Conseil Constitutionnel.<\/li>\r\n<\/ul>\r\n<p style=\"text-align: justify;\">\u00a0<\/p>\r\n<ul style=\"text-align: justify;\">\r\n<li style=\"text-align: justify;\">En 2012, Monsieur <strong>Jean-Louis GILLET<\/strong>, Pr\u00e9sident honoraire de la deuxi\u00e8me chambre civile de la Cour de cassation.<\/li>\r\n<\/ul>\r\n<p style=\"text-align: justify;\">\u00a0<\/p>\r\n<ul style=\"text-align: justify;\">\r\n<li style=\"text-align: justify;\">En 2011, Monsieur<strong> Jean-Claude MARIN<\/strong>, Procureur G\u00e9n\u00e9ral pr\u00e8s la Cour de cassation.<\/li>\r\n<\/ul>\r\n<p style=\"text-align: justify;\">\u00a0<\/p>\r\n<ul>\r\n<li style=\"text-align: justify;\">En 2010, Madame <strong>Simone ROZES<\/strong>, premi\u00e8re pr\u00e9sidente de la\u00a0Cour de cassation\u00a0de\u00a01984\u00a0\u00e0 1988 et premi\u00e8re femme a avoir acc\u00e9d\u00e9 \u00e0 ce poste.<\/li>\r\n<\/ul>\r\n","protected":false},"excerpt":{"rendered":"<p>\u00a0 \u00a0 \u00a0 \u00a0 Chaque ann\u00e9e, le Master a l\u2019opportunit\u00e9 d\u2019\u00eatre parrain\u00e9 par une haute personnalit\u00e9 du droit. Le Master<\/p>\n","protected":false},"author":1,"featured_media":0,"parent":0,"menu_order":0,"comment_status":"closed","ping_status":"closed","template":"","meta":{"footnotes":""},"class_list":["post-1777","page","type-page","status-publish","hentry"],"_links":{"self":[{"href":"https:\/\/processualis.com\/association-processualis\/wp-json\/wp\/v2\/pages\/1777"}],"collection":[{"href":"https:\/\/processualis.com\/association-processualis\/wp-json\/wp\/v2\/pages"}],"about":[{"href":"https:\/\/processualis.com\/association-processualis\/wp-json\/wp\/v2\/types\/page"}],"author":[{"embeddable":true,"href":"https:\/\/processualis.com\/association-processualis\/wp-json\/wp\/v2\/users\/1"}],"replies":[{"embeddable":true,"href":"https:\/\/processualis.com\/association-processualis\/wp-json\/wp\/v2\/comments?post=1777"}],"version-history":[{"count":14,"href":"https:\/\/processualis.com\/association-processualis\/wp-json\/wp\/v2\/pages\/1777\/revisions"}],"predecessor-version":[{"id":2693,"href":"https:\/\/processualis.com\/association-processualis\/wp-json\/wp\/v2\/pages\/1777\/revisions\/2693"}],"wp:attachment":[{"href":"https:\/\/processualis.com\/association-processualis\/wp-json\/wp\/v2\/media?parent=1777"}],"curies":[{"name":"wp","href":"https:\/\/api.w.org\/{rel}","templated":true}]}}