{"id":1724,"date":"2020-11-05T13:36:59","date_gmt":"2020-11-05T12:36:59","guid":{"rendered":"http:\/\/processualis.com\/association-processualis\/?page_id=1724"},"modified":"2020-11-06T18:03:41","modified_gmt":"2020-11-06T17:03:41","slug":"promotion-neyret-2021","status":"publish","type":"page","link":"https:\/\/processualis.com\/association-processualis\/promotion-neyret-2021\/","title":{"rendered":"Promotion NEYRET 2021"},"content":{"rendered":"\r\n<p style=\"text-align: justify;\">Monsieur <strong>Laurent NEYRET<\/strong>, directeur de cabinet du Pr\u00e9sident du Conseil constitutionnel,\u00a0nous fait l\u2019honneur d\u2019\u00eatre le parrain de la promotion 2020-2021.<\/p>\r\n\r\n\r\n\r\n<p style=\"text-align: justify;\">Le r\u00f4le de Monsieur Laurent NEYRET au sein du Conseil constitutionnel, ainsi que son parcours, n\u2019ont pas manqu\u00e9 de susciter la curiosit\u00e9 et l\u2019inspiration de la nouvelle promotion. Cette ann\u00e9e 2020 marqu\u00e9e par la crise sanitaire, conf\u00e8re \u00e0 la protection et garantie des droits et libert\u00e9s fondamentales, premi\u00e8re mission du Conseil constitutionnel, une r\u00e9sonance toute particuli\u00e8re.<\/p>\r\n\r\n\r\n\r\n<p style=\"text-align: justify;\">Monsieur NEYRET a \u00e9galement su susciter la curiosit\u00e9 des \u00e9tudiants s\u2019agissant de son investissement dans le droit de l\u2019environnement, de par ses travaux sur la r\u00e9paration du pr\u00e9judice \u00e9cologique et la lutte contre la criminalit\u00e9 environnementale. Cette mati\u00e8re est capitale aujourd\u2019hui, mais demeure pourtant relativement m\u00e9connue et absente des bancs de la facult\u00e9 de droit. La nouvelle promotion est impatiente de pouvoir \u00e9changer avec son nouveau parrain sur ce sujet, sur ses recherches et sur l\u2019avenir de la mati\u00e8re.<\/p>\r\n\r\n\r\n\r\n<p style=\"text-align: justify;\">La promotion 2020-2021 lui adresse toute sa reconnaissance.<\/p>\r\n\r\n\r\n\r\n<figure class=\"wp-block-image\" style=\"text-align: justify;\"><img loading=\"lazy\" decoding=\"async\" width=\"1024\" height=\"768\" class=\"wp-image-1773\" src=\"https:\/\/processualis.com\/association-processualis\/wp-content\/uploads\/2020\/11\/photo_7-1024x768.jpeg\" alt=\"\" srcset=\"https:\/\/processualis.com\/association-processualis\/wp-content\/uploads\/2020\/11\/photo_7-1024x768.jpeg 1024w, https:\/\/processualis.com\/association-processualis\/wp-content\/uploads\/2020\/11\/photo_7-300x225.jpeg 300w, https:\/\/processualis.com\/association-processualis\/wp-content\/uploads\/2020\/11\/photo_7-768x576.jpeg 768w\" sizes=\"(max-width: 1024px) 100vw, 1024px\" \/><\/figure>\r\n\r\n\r\n\r\n<p style=\"text-align: justify;\"><span style=\"text-decoration: underline;\"><strong>De gauche \u00e0 droite<\/strong><\/span> : SEGUR Tom, SIMOES Alexis, ROSA Mathieu, BON Baptiste, ANDRIOT Philippe, BLENNER Ewan, ROCHARD Elo\u00efse, ZANINOT Benjamin, NIEPCERON Camille, ZINS Pauline, LORY Claire, MEUNIER Delphine, MERCIER Thifaine, GONZALES Lena, MUR Doroth\u00e9e, BOURREAU S\u00e9gol\u00e8ne, MISTRAL Juliette, PERCHE Mathilde, BERTHAULT Manon<\/p>\r\n\r\n\r\n\r\n<p style=\"text-align: justify;\">\u00a0<\/p>\r\n","protected":false},"excerpt":{"rendered":"<p>Monsieur Laurent NEYRET, directeur de cabinet du Pr\u00e9sident du Conseil constitutionnel,\u00a0nous fait l\u2019honneur d\u2019\u00eatre le parrain de la promotion 2020-2021.<\/p>\n","protected":false},"author":1,"featured_media":0,"parent":0,"menu_order":0,"comment_status":"closed","ping_status":"closed","template":"","meta":{"footnotes":""},"class_list":["post-1724","page","type-page","status-publish","hentry"],"_links":{"self":[{"href":"https:\/\/processualis.com\/association-processualis\/wp-json\/wp\/v2\/pages\/1724"}],"collection":[{"href":"https:\/\/processualis.com\/association-processualis\/wp-json\/wp\/v2\/pages"}],"about":[{"href":"https:\/\/processualis.com\/association-processualis\/wp-json\/wp\/v2\/types\/page"}],"author":[{"embeddable":true,"href":"https:\/\/processualis.com\/association-processualis\/wp-json\/wp\/v2\/users\/1"}],"replies":[{"embeddable":true,"href":"https:\/\/processualis.com\/association-processualis\/wp-json\/wp\/v2\/comments?post=1724"}],"version-history":[{"count":7,"href":"https:\/\/processualis.com\/association-processualis\/wp-json\/wp\/v2\/pages\/1724\/revisions"}],"predecessor-version":[{"id":1879,"href":"https:\/\/processualis.com\/association-processualis\/wp-json\/wp\/v2\/pages\/1724\/revisions\/1879"}],"wp:attachment":[{"href":"https:\/\/processualis.com\/association-processualis\/wp-json\/wp\/v2\/media?parent=1724"}],"curies":[{"name":"wp","href":"https:\/\/api.w.org\/{rel}","templated":true}]}}