{"id":1531,"date":"2019-09-23T15:39:43","date_gmt":"2019-09-23T13:39:43","guid":{"rendered":"http:\/\/processualis.com\/association-processualis\/?page_id=1531"},"modified":"2019-09-23T15:44:38","modified_gmt":"2019-09-23T13:44:38","slug":"voyage-a-paris-2019","status":"publish","type":"page","link":"https:\/\/processualis.com\/association-processualis\/voyage-a-paris-2019\/","title":{"rendered":"Voyage \u00e0 Paris 2019"},"content":{"rendered":"\n<figure class=\"wp-block-image\"><img loading=\"lazy\" decoding=\"async\" width=\"1024\" height=\"683\" src=\"https:\/\/processualis.com\/association-processualis\/wp-content\/uploads\/2019\/09\/65656833_367205830656812_5973807077850611712_n-1024x683.jpg\" alt=\"\" class=\"wp-image-1534\" srcset=\"https:\/\/processualis.com\/association-processualis\/wp-content\/uploads\/2019\/09\/65656833_367205830656812_5973807077850611712_n-1024x683.jpg 1024w, https:\/\/processualis.com\/association-processualis\/wp-content\/uploads\/2019\/09\/65656833_367205830656812_5973807077850611712_n-300x200.jpg 300w, https:\/\/processualis.com\/association-processualis\/wp-content\/uploads\/2019\/09\/65656833_367205830656812_5973807077850611712_n-768x512.jpg 768w\" sizes=\"(max-width: 1024px) 100vw, 1024px\" \/><figcaption>La promotion au Conseil Constitutionnel<br><\/figcaption><\/figure>\n\n\n\n<p>Courant Mars 2019, la promotion a effectu\u00e9 son voyage institutionnel \u00e0 Paris.<\/p>\n\n\n\n<p>En commen\u00e7ant par le Conseil d&rsquo;\u00e9tat, puis le Conseil Constitutionnel, en passant par Matignon, pour finir par la Cour de Cassation et l&rsquo;Assembl\u00e9e Nationale.<\/p>\n\n\n\n<figure class=\"wp-block-image\"><img loading=\"lazy\" decoding=\"async\" width=\"1024\" height=\"683\" src=\"https:\/\/processualis.com\/association-processualis\/wp-content\/uploads\/2019\/09\/65770469_341941946481838_1787254673481138176_n-1024x683.jpg\" alt=\"\" class=\"wp-image-1536\" srcset=\"https:\/\/processualis.com\/association-processualis\/wp-content\/uploads\/2019\/09\/65770469_341941946481838_1787254673481138176_n-1024x683.jpg 1024w, https:\/\/processualis.com\/association-processualis\/wp-content\/uploads\/2019\/09\/65770469_341941946481838_1787254673481138176_n-300x200.jpg 300w, https:\/\/processualis.com\/association-processualis\/wp-content\/uploads\/2019\/09\/65770469_341941946481838_1787254673481138176_n-768x512.jpg 768w\" sizes=\"(max-width: 1024px) 100vw, 1024px\" \/><figcaption>La promotion au Conseil d&rsquo;Etat<\/figcaption><\/figure>\n","protected":false},"excerpt":{"rendered":"<p>Courant Mars 2019, la promotion a effectu\u00e9 son voyage institutionnel \u00e0 Paris. En commen\u00e7ant par le Conseil d&rsquo;\u00e9tat, puis le<\/p>\n","protected":false},"author":1,"featured_media":0,"parent":0,"menu_order":0,"comment_status":"closed","ping_status":"closed","template":"","meta":{"footnotes":""},"class_list":["post-1531","page","type-page","status-publish","hentry"],"_links":{"self":[{"href":"https:\/\/processualis.com\/association-processualis\/wp-json\/wp\/v2\/pages\/1531"}],"collection":[{"href":"https:\/\/processualis.com\/association-processualis\/wp-json\/wp\/v2\/pages"}],"about":[{"href":"https:\/\/processualis.com\/association-processualis\/wp-json\/wp\/v2\/types\/page"}],"author":[{"embeddable":true,"href":"https:\/\/processualis.com\/association-processualis\/wp-json\/wp\/v2\/users\/1"}],"replies":[{"embeddable":true,"href":"https:\/\/processualis.com\/association-processualis\/wp-json\/wp\/v2\/comments?post=1531"}],"version-history":[{"count":2,"href":"https:\/\/processualis.com\/association-processualis\/wp-json\/wp\/v2\/pages\/1531\/revisions"}],"predecessor-version":[{"id":1537,"href":"https:\/\/processualis.com\/association-processualis\/wp-json\/wp\/v2\/pages\/1531\/revisions\/1537"}],"wp:attachment":[{"href":"https:\/\/processualis.com\/association-processualis\/wp-json\/wp\/v2\/media?parent=1531"}],"curies":[{"name":"wp","href":"https:\/\/api.w.org\/{rel}","templated":true}]}}