{"id":1305,"date":"2019-01-20T22:09:31","date_gmt":"2019-01-20T21:09:31","guid":{"rendered":"http:\/\/processualis.com\/association-processualis\/?page_id=1305"},"modified":"2020-11-06T08:41:15","modified_gmt":"2020-11-06T07:41:15","slug":"colloque-2019","status":"publish","type":"page","link":"https:\/\/processualis.com\/association-processualis\/colloque-2019\/","title":{"rendered":"Colloque 2019"},"content":{"rendered":"\r\n<div class=\"wp-block-image\" style=\"text-align: justify;\">\r\n<figure class=\"alignleft is-resized\"><img loading=\"lazy\" decoding=\"async\" class=\"wp-image-1319\" src=\"https:\/\/processualis.com\/association-processualis\/wp-content\/uploads\/2019\/01\/AFFICHE-COLLOQUE-1.pdf\" alt=\"\" width=\"298\" height=\"421\" \/><\/figure>\r\n<\/div>\r\n\r\n\r\n\r\n<p style=\"font-size: 14px; text-align: justify;\">Madame, Monsieur<\/p>\r\n\r\n\r\n\r\n<p style=\"text-align: justify;\" align=\"justify\">Comme chaque ann\u00e9e le Master II Droit Processuel de l&rsquo;Universit\u00e9 de Bourgogne organise un colloque traitant d&rsquo;une probl\u00e9matique juridique. Cette ann\u00e9e celui-ci portera sur le th\u00e8me de<\/p>\r\n<p style=\"text-align: justify;\"><span style=\"color: #0080ff;\">\u00ab\u00a0l&rsquo;avocat du XXI\u00e8me si\u00e8cle : unit\u00e9 ou diversit\u00e9 ?\u00a0\u00bb <\/span><\/p>\r\n<p style=\"text-align: justify;\" align=\"justify\">et se tiendra dans les locaux de la facult\u00e9 de Droit de Dijon, dans l&rsquo;amphith\u00e9\u00e2tre Bachelard, le vendredi 15 f\u00e9vrier 2019. La participation \u00e0 ce colloque vous permettra de valider 8 heures dans le cadre de votre formation continue.<\/p>\r\n<p style=\"text-align: justify;\" align=\"justify\">\r\n\r\n<\/p>\r\n<p style=\"text-align: justify;\" align=\"justify\">Veuillez trouver ci-joint le coupon r\u00e9ponse<\/p>\r\n<p style=\"font-size: 14px; text-align: justify;\">\r\n\r\n<\/p>\r\n<div class=\"wp-block-file\" style=\"text-align: justify;\"><a><br \/><\/a><a class=\"wp-block-file__button\" href=\"https:\/\/processualis.com\/association-processualis\/wp-content\/uploads\/2019\/01\/BULLETIN-DINSCRIPTION-COLLOQUE3.pdf\" download=\"\">T\u00e9l\u00e9charger<\/a><\/div>\r\n<p style=\"font-size: 14px; text-align: justify;\">\r\n\r\n<\/p>\r\n<ul class=\"wp-block-list\" style=\"text-align: justify;\">\r\n<li>\u00e0 renvoyer par mail : processualis@gmail.com<\/li>\r\n<li>\u00e0 renvoyer par courrier \u00e0 l&rsquo;adresse : 4 Boulevard Gabriel &#8211; 21 000 Dijon &#8211; UFR Droit &#8211; Association processualis.<\/li>\r\n<\/ul>\r\n<p style=\"font-size: 14px; text-align: justify;\">\r\n\r\n<\/p>\r\n<p style=\"text-align: justify;\" align=\"justify\">Une <strong><a href=\"https:\/\/www.facebook.com\/Colloque-2019-Master-II-Droit-Processuel-1132702980245446\/\"><em>page Facebook<\/em><\/a><\/strong> a \u00e9t\u00e9 cr\u00e9e \u00e0 ce titre, n&rsquo;h\u00e9sitez pas \u00e0 nous contacter pour plus de renseignements.<\/p>\r\n<p style=\"font-size: 14px; text-align: justify;\">\r\n\r\n<\/p>\r\n<p style=\"text-align: justify;\" align=\"justify\">Dans l&rsquo;esp\u00e9rance de vous compter parmi nous au colloque, veuillez recevoir, nos salutations les plus distingu\u00e9es.\u00a0<\/p>\r\n<p style=\"font-size: 14px; text-align: justify;\">\r\n\r\n<\/p>\r\n<div class=\"wp-block-file\" style=\"text-align: justify;\"><a href=\"https:\/\/processualis.com\/association-processualis\/wp-content\/uploads\/2019\/01\/programme.pdf\">Le programme<\/a><a class=\"wp-block-file__button\" href=\"https:\/\/processualis.com\/association-processualis\/wp-content\/uploads\/2019\/01\/programme.pdf\" download=\"\">T\u00e9l\u00e9charger<\/a><\/div>\r\n<p style=\"font-size: 14px; text-align: justify;\">\r\n\r\n<\/p>\r\n<p style=\"font-size: 14px; text-align: justify;\">Le Master II Droit Processuel<\/p>\r\n<p style=\"font-size: 14px; text-align: justify;\">\r\n\r\n<\/p>\r\n<p style=\"text-align: justify;\">\u00a0<\/p>\r\n<p style=\"font-size: 14px;\"><\/p>","protected":false},"excerpt":{"rendered":"<p>Madame, Monsieur Comme chaque ann\u00e9e le Master II Droit Processuel de l&rsquo;Universit\u00e9 de Bourgogne organise un colloque traitant d&rsquo;une probl\u00e9matique<\/p>\n","protected":false},"author":1,"featured_media":0,"parent":0,"menu_order":0,"comment_status":"closed","ping_status":"closed","template":"","meta":{"footnotes":""},"class_list":["post-1305","page","type-page","status-publish","hentry"],"_links":{"self":[{"href":"https:\/\/processualis.com\/association-processualis\/wp-json\/wp\/v2\/pages\/1305"}],"collection":[{"href":"https:\/\/processualis.com\/association-processualis\/wp-json\/wp\/v2\/pages"}],"about":[{"href":"https:\/\/processualis.com\/association-processualis\/wp-json\/wp\/v2\/types\/page"}],"author":[{"embeddable":true,"href":"https:\/\/processualis.com\/association-processualis\/wp-json\/wp\/v2\/users\/1"}],"replies":[{"embeddable":true,"href":"https:\/\/processualis.com\/association-processualis\/wp-json\/wp\/v2\/comments?post=1305"}],"version-history":[{"count":58,"href":"https:\/\/processualis.com\/association-processualis\/wp-json\/wp\/v2\/pages\/1305\/revisions"}],"predecessor-version":[{"id":1833,"href":"https:\/\/processualis.com\/association-processualis\/wp-json\/wp\/v2\/pages\/1305\/revisions\/1833"}],"wp:attachment":[{"href":"https:\/\/processualis.com\/association-processualis\/wp-json\/wp\/v2\/media?parent=1305"}],"curies":[{"name":"wp","href":"https:\/\/api.w.org\/{rel}","templated":true}]}}