{"id":1265,"date":"2018-12-03T11:41:57","date_gmt":"2018-12-03T10:41:57","guid":{"rendered":"http:\/\/processualis.com\/association-processualis\/?page_id=1265"},"modified":"2025-10-01T13:39:27","modified_gmt":"2025-10-01T11:39:27","slug":"cine-debat-12-2018","status":"publish","type":"page","link":"https:\/\/processualis.com\/association-processualis\/cine-debats\/cine-debat-12-2018\/","title":{"rendered":"cin\u00e9 d\u00e9bat 12\/2018"},"content":{"rendered":"<p style=\"text-align: justify;\"><a href=\"https:\/\/processualis.com\/association-processualis\/wp-content\/uploads\/2018\/12\/46872009_586025158520177_2871936191500910592_n.jpg\" rel=\"lightbox[1265]\"><img loading=\"lazy\" decoding=\"async\" class=\"size-medium wp-image-1266 aligncenter\" src=\"https:\/\/processualis.com\/association-processualis\/wp-content\/uploads\/2018\/12\/46872009_586025158520177_2871936191500910592_n-214x300.jpg\" alt=\"\" width=\"214\" height=\"300\" srcset=\"https:\/\/processualis.com\/association-processualis\/wp-content\/uploads\/2018\/12\/46872009_586025158520177_2871936191500910592_n-214x300.jpg 214w, https:\/\/processualis.com\/association-processualis\/wp-content\/uploads\/2018\/12\/46872009_586025158520177_2871936191500910592_n.jpg 686w\" sizes=\"(max-width: 214px) 100vw, 214px\" \/><\/a><\/p>\n<p style=\"text-align: justify;\"><span style=\"color: #ffffff;\">a<\/span>Le Master 2 Processuel organise un cin\u00e9-d\u00e9bat le Lundi 3 d\u00e9cembre 2018 au cin\u00e9ma Devosge.<\/p>\n<p style=\"text-align: justify;\">Le film \u00e0 l&rsquo;affiche est : \u00ab\u00a0En mille morceaux\u00a0\u00bb r\u00e9alis\u00e9 par V\u00e9ronique MERIADEC.<\/p>\n<p style=\"text-align: justify;\">Synopsis :\u00a0\u00c9ric Gaubert assassine Olivier, l\u2019enfant de Nicole Parmentier. Vingt-cinq ans plus tard, cette m\u00e8re \u00e0 la vie bris\u00e9e donne rendez-vous au meurtrier de son fils qui vient de sortir de prison. Quel est le but de cette rencontre ? Une simple vengeance ou la volont\u00e9 de comprendre ce qui a pouss\u00e9 cet homme \u00e0 commettre\u00a0l\u2019irr\u00e9parable ?<\/p>\n<p style=\"text-align: justify;\">Lien bande-annonce :\u00a0<a href=\"https:\/\/youtu.be\/mHFTXh-Lor0?fbclid=IwAR1Wfwb_hoVH02dUxp144eyOPCv_XxXcT2y1vFWxs0Awt5dLWOiHZi95kRE\" target=\"_blank\" rel=\"nofollow noopener noreferrer\" data-lynx-mode=\"hover\" data-lynx-uri=\"https:\/\/l.facebook.com\/l.php?u=https%3A%2F%2Fyoutu.be%2FmHFTXh-Lor0%3Ffbclid%3DIwAR1Wfwb_hoVH02dUxp144eyOPCv_XxXcT2y1vFWxs0Awt5dLWOiHZi95kRE&amp;h=AT33KI1UPnRYCopmaZOM5hm4D3krM7tns7lFQBHDCG8fn05SDGrU944coXRaE1BdI-04GaHRd5_N7BEO__gMBm01666xEXK1hQicd5Zxdt2YDz_lz7V2tb_TcjQxdR33U_gQTu0\">https:\/\/youtu.be\/mHFTXh-Lor0<\/a><\/p>\n<p style=\"text-align: justify;\"><span style=\"color: #ffffff;\">a<\/span><\/p>\n<p style=\"text-align: justify;\"><span style=\"color: #ffffff;\">a<\/span><\/p>\n<p style=\"text-align: justify;\"><span style=\"color: #ffffff;\">a<\/span><\/p>\n<p style=\"text-align: justify;\"><span style=\"color: #ffffff;\">a<\/span><\/p>\n<p style=\"text-align: justify;\">D\u00e9bat anim\u00e9 par la r\u00e9alisatrice, les intervenants, les professionnels du monde juridique et les spectateurs, sur la justice restaurative\u00a0:<\/p>\n<figure id=\"attachment_1279\" aria-describedby=\"caption-attachment-1279\" style=\"width: 671px\" class=\"wp-caption aligncenter\"><a href=\"https:\/\/processualis.com\/association-processualis\/wp-content\/uploads\/2019\/01\/IMG_2696.jpg\" rel=\"lightbox[1265]\"><img loading=\"lazy\" decoding=\"async\" class=\"wp-image-1279\" src=\"https:\/\/processualis.com\/association-processualis\/wp-content\/uploads\/2019\/01\/IMG_2696-1024x683.jpg\" alt=\"\" width=\"671\" height=\"447\" srcset=\"https:\/\/processualis.com\/association-processualis\/wp-content\/uploads\/2019\/01\/IMG_2696-1024x683.jpg 1024w, https:\/\/processualis.com\/association-processualis\/wp-content\/uploads\/2019\/01\/IMG_2696-300x200.jpg 300w, https:\/\/processualis.com\/association-processualis\/wp-content\/uploads\/2019\/01\/IMG_2696-768x512.jpg 768w\" sizes=\"(max-width: 671px) 100vw, 671px\" \/><\/a><figcaption id=\"caption-attachment-1279\" class=\"wp-caption-text\">Les organisateurs du cin\u00e9-d\u00e9bat<\/figcaption><\/figure>\n<p style=\"text-align: justify;\"><a href=\"https:\/\/processualis.com\/association-processualis\/wp-content\/uploads\/2019\/01\/IMG_2712.jpg\" rel=\"lightbox[1265]\"><img loading=\"lazy\" decoding=\"async\" class=\"size-medium wp-image-1289 aligncenter\" src=\"https:\/\/processualis.com\/association-processualis\/wp-content\/uploads\/2019\/01\/IMG_2712-300x200.jpg\" alt=\"\" width=\"300\" height=\"200\" srcset=\"https:\/\/processualis.com\/association-processualis\/wp-content\/uploads\/2019\/01\/IMG_2712-300x200.jpg 300w, https:\/\/processualis.com\/association-processualis\/wp-content\/uploads\/2019\/01\/IMG_2712-768x512.jpg 768w, https:\/\/processualis.com\/association-processualis\/wp-content\/uploads\/2019\/01\/IMG_2712-1024x683.jpg 1024w\" sizes=\"(max-width: 300px) 100vw, 300px\" \/><\/a><\/p>\n<p style=\"text-align: justify;\">Les intervenants professionnels :<\/p>\n<ul style=\"text-align: justify;\">\n<li>Eric Mathais, Procureur de la R\u00e9publique de Dijon<\/li>\n<li>Pascal Labonne-colin, Avocat G\u00e9n\u00e9ral Pr\u00e8s la Cour d&rsquo;Appel de Dijon<\/li>\n<li>C\u00e9cile Caseau-Roche, Directrice du Master II de Droit Processuel<\/li>\n<li>Bruno Laplane, Pr\u00e9sident du Tribunal de Grande Instance de Dijon<\/li>\n<li>Alexandra Morot, Juge des Libert\u00e9s et de la D\u00e9tention<\/li>\n<li>Maitre Est\u00e8ve, Avocat au Barreau de Dijon<\/li>\n<li>Maitre Franck Petit, Avocat au Barreau de Dijon<\/li>\n<\/ul>\n<p style=\"text-align: center;\"><strong><span style=\"text-decoration: underline;\">Les diff\u00e9rents participants au d\u00e9bat<\/span><\/strong><\/p>\n<div id='gallery-1' class='gallery galleryid-1265 gallery-columns-3 gallery-size-medium'><figure class='gallery-item'>\n\t\t\t<div class='gallery-icon portrait'>\n\t\t\t\t<a href='https:\/\/processualis.com\/association-processualis\/cine-debats\/cine-debat-12-2018\/img_2719\/'><img loading=\"lazy\" decoding=\"async\" width=\"200\" height=\"300\" src=\"https:\/\/processualis.com\/association-processualis\/wp-content\/uploads\/2019\/01\/IMG_2719-e1547479729979-200x300.jpg\" class=\"attachment-medium size-medium\" alt=\"\" srcset=\"https:\/\/processualis.com\/association-processualis\/wp-content\/uploads\/2019\/01\/IMG_2719-e1547479729979-200x300.jpg 200w, https:\/\/processualis.com\/association-processualis\/wp-content\/uploads\/2019\/01\/IMG_2719-e1547479729979-768x1152.jpg 768w, https:\/\/processualis.com\/association-processualis\/wp-content\/uploads\/2019\/01\/IMG_2719-e1547479729979-683x1024.jpg 683w\" sizes=\"(max-width: 200px) 100vw, 200px\" \/><\/a>\n\t\t\t<\/div><\/figure><figure class='gallery-item'>\n\t\t\t<div class='gallery-icon portrait'>\n\t\t\t\t<a href='https:\/\/processualis.com\/association-processualis\/cine-debats\/cine-debat-12-2018\/img_2724\/'><img loading=\"lazy\" decoding=\"async\" width=\"200\" height=\"300\" src=\"https:\/\/processualis.com\/association-processualis\/wp-content\/uploads\/2019\/01\/IMG_2724-e1547479706712-200x300.jpg\" class=\"attachment-medium size-medium\" alt=\"\" srcset=\"https:\/\/processualis.com\/association-processualis\/wp-content\/uploads\/2019\/01\/IMG_2724-e1547479706712-200x300.jpg 200w, https:\/\/processualis.com\/association-processualis\/wp-content\/uploads\/2019\/01\/IMG_2724-e1547479706712-768x1152.jpg 768w, https:\/\/processualis.com\/association-processualis\/wp-content\/uploads\/2019\/01\/IMG_2724-e1547479706712-683x1024.jpg 683w\" sizes=\"(max-width: 200px) 100vw, 200px\" \/><\/a>\n\t\t\t<\/div><\/figure><figure class='gallery-item'>\n\t\t\t<div class='gallery-icon portrait'>\n\t\t\t\t<a href='https:\/\/processualis.com\/association-processualis\/cine-debats\/cine-debat-12-2018\/img_2718\/'><img loading=\"lazy\" decoding=\"async\" width=\"200\" height=\"300\" src=\"https:\/\/processualis.com\/association-processualis\/wp-content\/uploads\/2019\/01\/IMG_2718-e1547479657895-200x300.jpg\" class=\"attachment-medium size-medium\" alt=\"\" srcset=\"https:\/\/processualis.com\/association-processualis\/wp-content\/uploads\/2019\/01\/IMG_2718-e1547479657895-200x300.jpg 200w, https:\/\/processualis.com\/association-processualis\/wp-content\/uploads\/2019\/01\/IMG_2718-e1547479657895-768x1152.jpg 768w, https:\/\/processualis.com\/association-processualis\/wp-content\/uploads\/2019\/01\/IMG_2718-e1547479657895-683x1024.jpg 683w\" sizes=\"(max-width: 200px) 100vw, 200px\" \/><\/a>\n\t\t\t<\/div><\/figure>\n\t\t<\/div>\n\n<p style=\"text-align: justify;\"><a href=\"https:\/\/processualis.com\/association-processualis\/wp-content\/uploads\/2019\/01\/IMG_2730.jpg\" rel=\"lightbox[1265]\"><img loading=\"lazy\" decoding=\"async\" class=\"aligncenter size-medium wp-image-1298\" src=\"https:\/\/processualis.com\/association-processualis\/wp-content\/uploads\/2019\/01\/IMG_2730-300x200.jpg\" alt=\"\" width=\"300\" height=\"200\" srcset=\"https:\/\/processualis.com\/association-processualis\/wp-content\/uploads\/2019\/01\/IMG_2730-300x200.jpg 300w, https:\/\/processualis.com\/association-processualis\/wp-content\/uploads\/2019\/01\/IMG_2730-768x512.jpg 768w, https:\/\/processualis.com\/association-processualis\/wp-content\/uploads\/2019\/01\/IMG_2730-1024x683.jpg 1024w\" sizes=\"(max-width: 300px) 100vw, 300px\" \/><\/a> <a href=\"https:\/\/processualis.com\/association-processualis\/wp-content\/uploads\/2019\/01\/IMG_2734.jpg\" rel=\"lightbox[1265]\"><img loading=\"lazy\" decoding=\"async\" class=\"aligncenter size-medium wp-image-1299\" src=\"https:\/\/processualis.com\/association-processualis\/wp-content\/uploads\/2019\/01\/IMG_2734-300x200.jpg\" alt=\"\" width=\"300\" height=\"200\" srcset=\"https:\/\/processualis.com\/association-processualis\/wp-content\/uploads\/2019\/01\/IMG_2734-300x200.jpg 300w, https:\/\/processualis.com\/association-processualis\/wp-content\/uploads\/2019\/01\/IMG_2734-768x512.jpg 768w, https:\/\/processualis.com\/association-processualis\/wp-content\/uploads\/2019\/01\/IMG_2734-1024x683.jpg 1024w\" sizes=\"(max-width: 300px) 100vw, 300px\" \/><\/a><\/p>\n","protected":false},"excerpt":{"rendered":"<p>aLe Master 2 Processuel organise un cin\u00e9-d\u00e9bat le Lundi 3 d\u00e9cembre 2018 au cin\u00e9ma Devosge. Le film \u00e0 l&rsquo;affiche est<\/p>\n","protected":false},"author":1,"featured_media":0,"parent":1062,"menu_order":0,"comment_status":"closed","ping_status":"closed","template":"","meta":{"footnotes":""},"class_list":["post-1265","page","type-page","status-publish","hentry"],"_links":{"self":[{"href":"https:\/\/processualis.com\/association-processualis\/wp-json\/wp\/v2\/pages\/1265"}],"collection":[{"href":"https:\/\/processualis.com\/association-processualis\/wp-json\/wp\/v2\/pages"}],"about":[{"href":"https:\/\/processualis.com\/association-processualis\/wp-json\/wp\/v2\/types\/page"}],"author":[{"embeddable":true,"href":"https:\/\/processualis.com\/association-processualis\/wp-json\/wp\/v2\/users\/1"}],"replies":[{"embeddable":true,"href":"https:\/\/processualis.com\/association-processualis\/wp-json\/wp\/v2\/comments?post=1265"}],"version-history":[{"count":20,"href":"https:\/\/processualis.com\/association-processualis\/wp-json\/wp\/v2\/pages\/1265\/revisions"}],"predecessor-version":[{"id":1837,"href":"https:\/\/processualis.com\/association-processualis\/wp-json\/wp\/v2\/pages\/1265\/revisions\/1837"}],"up":[{"embeddable":true,"href":"https:\/\/processualis.com\/association-processualis\/wp-json\/wp\/v2\/pages\/1062"}],"wp:attachment":[{"href":"https:\/\/processualis.com\/association-processualis\/wp-json\/wp\/v2\/media?parent=1265"}],"curies":[{"name":"wp","href":"https:\/\/api.w.org\/{rel}","templated":true}]}}