{"id":1159,"date":"2018-11-03T11:43:16","date_gmt":"2018-11-03T10:43:16","guid":{"rendered":"http:\/\/processualis.com\/association-processualis\/?page_id=1159"},"modified":"2018-11-03T14:01:14","modified_gmt":"2018-11-03T13:01:14","slug":"nuit-du-droit-a-chalon-sur-saone","status":"publish","type":"page","link":"https:\/\/processualis.com\/association-processualis\/nuit-du-droit-a-chalon-sur-saone\/","title":{"rendered":"Nuit du droit \u00e0 Chalon-Sur-Sa\u00f4ne"},"content":{"rendered":"<p>&nbsp;<\/p>\n<p>&nbsp;<\/p>\n<div id='gallery-1' class='gallery galleryid-1159 gallery-columns-2 gallery-size-medium'><figure class='gallery-item'>\n\t\t\t<div class='gallery-icon landscape'>\n\t\t\t\t<a href='https:\/\/processualis.com\/association-processualis\/nuit-du-droit-a-chalon-sur-saone\/20180915_patrimoine_tgi_chalon__8__2\/'><img loading=\"lazy\" decoding=\"async\" width=\"300\" height=\"225\" src=\"https:\/\/processualis.com\/association-processualis\/wp-content\/uploads\/2018\/11\/20180915_patrimoine_TGI_chalon__8__2-300x225.jpg\" class=\"attachment-medium size-medium\" alt=\"\" srcset=\"https:\/\/processualis.com\/association-processualis\/wp-content\/uploads\/2018\/11\/20180915_patrimoine_TGI_chalon__8__2-300x225.jpg 300w, https:\/\/processualis.com\/association-processualis\/wp-content\/uploads\/2018\/11\/20180915_patrimoine_TGI_chalon__8__2-e1541242566588.jpg 587w\" sizes=\"(max-width: 300px) 100vw, 300px\" \/><\/a>\n\t\t\t<\/div><\/figure><figure class='gallery-item'>\n\t\t\t<div class='gallery-icon landscape'>\n\t\t\t\t<a href='https:\/\/processualis.com\/association-processualis\/nuit-du-droit-a-chalon-sur-saone\/img_2642\/'><img loading=\"lazy\" decoding=\"async\" width=\"300\" height=\"225\" src=\"https:\/\/processualis.com\/association-processualis\/wp-content\/uploads\/2018\/11\/IMG_2642-e1541243178925-300x225.jpg\" class=\"attachment-medium size-medium\" alt=\"\" srcset=\"https:\/\/processualis.com\/association-processualis\/wp-content\/uploads\/2018\/11\/IMG_2642-e1541243178925-300x225.jpg 300w, https:\/\/processualis.com\/association-processualis\/wp-content\/uploads\/2018\/11\/IMG_2642-e1541243178925.jpg 587w\" sizes=\"(max-width: 300px) 100vw, 300px\" \/><\/a>\n\t\t\t<\/div><\/figure>\n\t\t<\/div>\n\n<p>&nbsp;<\/p>\n<p class=\"article__standfirst article__inner\" style=\"text-align: center;\">La Constitution fran\u00e7aise du 4 octobre 1958 a 60 ans ce jeudi 04 octobre 2018. F\u00eat\u00e9 jusqu\u2019ici dans la discr\u00e9tion, cet anniversaire est l\u2019occasion depuis 2 ans d\u2019une \u00ab Nuit du droit \u00bb. Nous avons eu l&rsquo;occasion de la c\u00e9l\u00e9brer dans le Palais de Justice de Chalon-Sur-Sa\u00f4ne.<\/p>\n<div class=\"article__body article__inner\">\n<div id='gallery-2' class='gallery galleryid-1159 gallery-columns-2 gallery-size-medium'><figure class='gallery-item'>\n\t\t\t<div class='gallery-icon landscape'>\n\t\t\t\t<a href='https:\/\/processualis.com\/association-processualis\/nuit-du-droit-a-chalon-sur-saone\/img_2649\/'><img loading=\"lazy\" decoding=\"async\" width=\"300\" height=\"200\" src=\"https:\/\/processualis.com\/association-processualis\/wp-content\/uploads\/2018\/11\/IMG_2649-300x200.jpg\" class=\"attachment-medium size-medium\" alt=\"\" srcset=\"https:\/\/processualis.com\/association-processualis\/wp-content\/uploads\/2018\/11\/IMG_2649-300x200.jpg 300w, https:\/\/processualis.com\/association-processualis\/wp-content\/uploads\/2018\/11\/IMG_2649-768x512.jpg 768w, https:\/\/processualis.com\/association-processualis\/wp-content\/uploads\/2018\/11\/IMG_2649-1024x683.jpg 1024w\" sizes=\"(max-width: 300px) 100vw, 300px\" \/><\/a>\n\t\t\t<\/div><\/figure><figure class='gallery-item'>\n\t\t\t<div class='gallery-icon landscape'>\n\t\t\t\t<a href='https:\/\/processualis.com\/association-processualis\/nuit-du-droit-a-chalon-sur-saone\/img_2648\/'><img loading=\"lazy\" decoding=\"async\" width=\"300\" height=\"200\" src=\"https:\/\/processualis.com\/association-processualis\/wp-content\/uploads\/2018\/11\/IMG_2648-300x200.jpg\" class=\"attachment-medium size-medium\" alt=\"\" srcset=\"https:\/\/processualis.com\/association-processualis\/wp-content\/uploads\/2018\/11\/IMG_2648-300x200.jpg 300w, https:\/\/processualis.com\/association-processualis\/wp-content\/uploads\/2018\/11\/IMG_2648-768x512.jpg 768w, https:\/\/processualis.com\/association-processualis\/wp-content\/uploads\/2018\/11\/IMG_2648-1024x683.jpg 1024w\" sizes=\"(max-width: 300px) 100vw, 300px\" \/><\/a>\n\t\t\t<\/div><\/figure>\n\t\t<\/div>\n\n<\/div>\n<p style=\"text-align: center;\"><span style=\"color: #999999;\"><strong>La promotion 2019<\/strong><\/span><\/p>\n<p style=\"text-align: center;\"><a href=\"https:\/\/processualis.com\/association-processualis\/wp-content\/uploads\/2018\/11\/IMG_2647.jpg\" rel=\"lightbox[1159]\"><br \/>\n<img loading=\"lazy\" decoding=\"async\" class=\"aligncenter wp-image-1161\" title=\"La promotion 2019\" src=\"https:\/\/processualis.com\/association-processualis\/wp-content\/uploads\/2018\/11\/IMG_2647-300x200.jpg\" alt=\"\" width=\"640\" height=\"427\" srcset=\"https:\/\/processualis.com\/association-processualis\/wp-content\/uploads\/2018\/11\/IMG_2647-300x200.jpg 300w, https:\/\/processualis.com\/association-processualis\/wp-content\/uploads\/2018\/11\/IMG_2647-768x512.jpg 768w, https:\/\/processualis.com\/association-processualis\/wp-content\/uploads\/2018\/11\/IMG_2647-1024x683.jpg 1024w\" sizes=\"(max-width: 640px) 100vw, 640px\" \/><\/a><\/p>\n<p>&nbsp;<\/p>\n<p>&nbsp;<\/p>\n<blockquote><p>Dans la salle des assises\u00a0: reconstitution du proc\u00e8s historique d\u2019Emiland Menand, en costumes d\u2019\u00e9poque, par un groupe d\u2019avocats, magistrats et fonctionnaires. Emile Menand \u00e9tait avocat, ancien pr\u00e9fet de Sa\u00f4ne-et-Loire, d\u00e9put\u00e9 montagnard, aux prises de position et actions d\u2019\u00e9clat, qui lui ont valu plusieurs proc\u00e8s et condamnations.<\/p><\/blockquote>\n<p style=\"text-align: center;\"><a href=\"https:\/\/processualis.com\/association-processualis\/wp-content\/uploads\/2018\/11\/IMG_2642.jpg\" rel=\"lightbox[1159]\"><br \/>\n<\/a> <a href=\"https:\/\/processualis.com\/association-processualis\/wp-content\/uploads\/2018\/11\/IMG_2650.jpg\" rel=\"lightbox[1159]\"><img loading=\"lazy\" decoding=\"async\" class=\"aligncenter size-medium wp-image-1162\" src=\"https:\/\/processualis.com\/association-processualis\/wp-content\/uploads\/2018\/11\/IMG_2650-300x200.jpg\" alt=\"\" width=\"300\" height=\"200\" srcset=\"https:\/\/processualis.com\/association-processualis\/wp-content\/uploads\/2018\/11\/IMG_2650-300x200.jpg 300w, https:\/\/processualis.com\/association-processualis\/wp-content\/uploads\/2018\/11\/IMG_2650-768x512.jpg 768w, https:\/\/processualis.com\/association-processualis\/wp-content\/uploads\/2018\/11\/IMG_2650-1024x683.jpg 1024w\" sizes=\"(max-width: 300px) 100vw, 300px\" \/><\/a><\/p>\n","protected":false},"excerpt":{"rendered":"<p>&nbsp; &nbsp; &nbsp; La Constitution fran\u00e7aise du 4 octobre 1958 a 60 ans ce jeudi 04 octobre 2018. F\u00eat\u00e9 jusqu\u2019ici<\/p>\n","protected":false},"author":1,"featured_media":0,"parent":0,"menu_order":0,"comment_status":"closed","ping_status":"closed","template":"","meta":{"footnotes":""},"class_list":["post-1159","page","type-page","status-publish","hentry"],"_links":{"self":[{"href":"https:\/\/processualis.com\/association-processualis\/wp-json\/wp\/v2\/pages\/1159"}],"collection":[{"href":"https:\/\/processualis.com\/association-processualis\/wp-json\/wp\/v2\/pages"}],"about":[{"href":"https:\/\/processualis.com\/association-processualis\/wp-json\/wp\/v2\/types\/page"}],"author":[{"embeddable":true,"href":"https:\/\/processualis.com\/association-processualis\/wp-json\/wp\/v2\/users\/1"}],"replies":[{"embeddable":true,"href":"https:\/\/processualis.com\/association-processualis\/wp-json\/wp\/v2\/comments?post=1159"}],"version-history":[{"count":25,"href":"https:\/\/processualis.com\/association-processualis\/wp-json\/wp\/v2\/pages\/1159\/revisions"}],"predecessor-version":[{"id":1196,"href":"https:\/\/processualis.com\/association-processualis\/wp-json\/wp\/v2\/pages\/1159\/revisions\/1196"}],"wp:attachment":[{"href":"https:\/\/processualis.com\/association-processualis\/wp-json\/wp\/v2\/media?parent=1159"}],"curies":[{"name":"wp","href":"https:\/\/api.w.org\/{rel}","templated":true}]}}