{"id":1143,"date":"2018-11-03T11:30:58","date_gmt":"2018-11-03T10:30:58","guid":{"rendered":"http:\/\/processualis.com\/association-processualis\/?page_id=1143"},"modified":"2018-11-03T11:35:55","modified_gmt":"2018-11-03T10:35:55","slug":"1143-2","status":"publish","type":"page","link":"https:\/\/processualis.com\/association-processualis\/1143-2\/","title":{"rendered":"Tribunal de Grande Instance de Dijon Octobre &#8211; 2018"},"content":{"rendered":"<div id='gallery-1' class='gallery galleryid-1143 gallery-columns-2 gallery-size-medium'><figure class='gallery-item'>\n\t\t\t<div class='gallery-icon landscape'>\n\t\t\t\t<a href='https:\/\/processualis.com\/association-processualis\/1143-2\/capture-decran-2018-11-03-a-11-25-53\/'><img loading=\"lazy\" decoding=\"async\" width=\"300\" height=\"168\" src=\"https:\/\/processualis.com\/association-processualis\/wp-content\/uploads\/2018\/11\/Capture-d\u2019\u00e9cran-2018-11-03-\u00e0-11.25.53-300x168.png\" class=\"attachment-medium size-medium\" alt=\"\" srcset=\"https:\/\/processualis.com\/association-processualis\/wp-content\/uploads\/2018\/11\/Capture-d\u2019\u00e9cran-2018-11-03-\u00e0-11.25.53-300x168.png 300w, https:\/\/processualis.com\/association-processualis\/wp-content\/uploads\/2018\/11\/Capture-d\u2019\u00e9cran-2018-11-03-\u00e0-11.25.53-768x430.png 768w, https:\/\/processualis.com\/association-processualis\/wp-content\/uploads\/2018\/11\/Capture-d\u2019\u00e9cran-2018-11-03-\u00e0-11.25.53-1024x574.png 1024w, https:\/\/processualis.com\/association-processualis\/wp-content\/uploads\/2018\/11\/Capture-d\u2019\u00e9cran-2018-11-03-\u00e0-11.25.53.png 1273w\" sizes=\"(max-width: 300px) 100vw, 300px\" \/><\/a>\n\t\t\t<\/div><\/figure><figure class='gallery-item'>\n\t\t\t<div class='gallery-icon landscape'>\n\t\t\t\t<a href='https:\/\/processualis.com\/association-processualis\/1143-2\/capture-decran-2018-11-03-a-11-26-07\/'><img loading=\"lazy\" decoding=\"async\" width=\"300\" height=\"168\" src=\"https:\/\/processualis.com\/association-processualis\/wp-content\/uploads\/2018\/11\/Capture-d\u2019\u00e9cran-2018-11-03-\u00e0-11.26.07-300x168.png\" class=\"attachment-medium size-medium\" alt=\"\" srcset=\"https:\/\/processualis.com\/association-processualis\/wp-content\/uploads\/2018\/11\/Capture-d\u2019\u00e9cran-2018-11-03-\u00e0-11.26.07-300x168.png 300w, https:\/\/processualis.com\/association-processualis\/wp-content\/uploads\/2018\/11\/Capture-d\u2019\u00e9cran-2018-11-03-\u00e0-11.26.07-768x430.png 768w, https:\/\/processualis.com\/association-processualis\/wp-content\/uploads\/2018\/11\/Capture-d\u2019\u00e9cran-2018-11-03-\u00e0-11.26.07-1024x574.png 1024w, https:\/\/processualis.com\/association-processualis\/wp-content\/uploads\/2018\/11\/Capture-d\u2019\u00e9cran-2018-11-03-\u00e0-11.26.07.png 1269w\" sizes=\"(max-width: 300px) 100vw, 300px\" \/><\/a>\n\t\t\t<\/div><\/figure>\n\t\t<\/div>\n\n<p style=\"text-align: center;\">Le pr\u00e9sident du Tribunal de Grande Instance ainsi que le Procureur de Dijon, nous ont re\u00e7u dans leurs locaux. Nous avons \u00e9chang\u00e9s sur la pr\u00e9sentation des fonctions et du Tribunal de Grande Instance.<\/p>\n<div class=\"js-tweet-text-container\">\n<figure id=\"attachment_1146\" aria-describedby=\"caption-attachment-1146\" style=\"width: 300px\" class=\"wp-caption aligncenter\"><a href=\"https:\/\/processualis.com\/association-processualis\/wp-content\/uploads\/2018\/11\/IMG_2636.jpg\" rel=\"lightbox[1143]\"><img loading=\"lazy\" decoding=\"async\" class=\"wp-image-1146 size-medium\" src=\"https:\/\/processualis.com\/association-processualis\/wp-content\/uploads\/2018\/11\/IMG_2636-300x200.jpg\" alt=\"\" width=\"300\" height=\"200\" srcset=\"https:\/\/processualis.com\/association-processualis\/wp-content\/uploads\/2018\/11\/IMG_2636-300x200.jpg 300w, https:\/\/processualis.com\/association-processualis\/wp-content\/uploads\/2018\/11\/IMG_2636-768x512.jpg 768w, https:\/\/processualis.com\/association-processualis\/wp-content\/uploads\/2018\/11\/IMG_2636-1024x683.jpg 1024w\" sizes=\"(max-width: 300px) 100vw, 300px\" \/><\/a><figcaption id=\"caption-attachment-1146\" class=\"wp-caption-text\">Visite comment\u00e9e des locaux : salles audience civile, parcours des d\u00e9tenus<\/figcaption><\/figure>\n<\/div>\n","protected":false},"excerpt":{"rendered":"<p>Le pr\u00e9sident du Tribunal de Grande Instance ainsi que le Procureur de Dijon, nous ont re\u00e7u dans leurs locaux. Nous<\/p>\n","protected":false},"author":1,"featured_media":0,"parent":0,"menu_order":0,"comment_status":"closed","ping_status":"closed","template":"","meta":{"footnotes":""},"class_list":["post-1143","page","type-page","status-publish","hentry"],"_links":{"self":[{"href":"https:\/\/processualis.com\/association-processualis\/wp-json\/wp\/v2\/pages\/1143"}],"collection":[{"href":"https:\/\/processualis.com\/association-processualis\/wp-json\/wp\/v2\/pages"}],"about":[{"href":"https:\/\/processualis.com\/association-processualis\/wp-json\/wp\/v2\/types\/page"}],"author":[{"embeddable":true,"href":"https:\/\/processualis.com\/association-processualis\/wp-json\/wp\/v2\/users\/1"}],"replies":[{"embeddable":true,"href":"https:\/\/processualis.com\/association-processualis\/wp-json\/wp\/v2\/comments?post=1143"}],"version-history":[{"count":4,"href":"https:\/\/processualis.com\/association-processualis\/wp-json\/wp\/v2\/pages\/1143\/revisions"}],"predecessor-version":[{"id":1151,"href":"https:\/\/processualis.com\/association-processualis\/wp-json\/wp\/v2\/pages\/1143\/revisions\/1151"}],"wp:attachment":[{"href":"https:\/\/processualis.com\/association-processualis\/wp-json\/wp\/v2\/media?parent=1143"}],"curies":[{"name":"wp","href":"https:\/\/api.w.org\/{rel}","templated":true}]}}