{"id":1117,"date":"2018-11-02T21:49:04","date_gmt":"2018-11-02T20:49:04","guid":{"rendered":"http:\/\/processualis.com\/association-processualis\/?page_id=1117"},"modified":"2025-10-13T12:35:09","modified_gmt":"2025-10-13T10:35:09","slug":"cine-debat-2018","status":"publish","type":"page","link":"https:\/\/processualis.com\/association-processualis\/anciens-cine-debat\/cine-debat-2018\/","title":{"rendered":"Cin\u00e9-D\u00e9bat 2018"},"content":{"rendered":"<p><a href=\"https:\/\/processualis.com\/association-processualis\/wp-content\/uploads\/2018\/11\/42576299_554701224985904_1089133805672857600_n.jpg\" rel=\"lightbox[1117]\"><img loading=\"lazy\" decoding=\"async\" class=\"size-medium wp-image-1132 alignleft\" src=\"https:\/\/processualis.com\/association-processualis\/wp-content\/uploads\/2018\/11\/42576299_554701224985904_1089133805672857600_n-221x300.jpg\" alt=\"\" width=\"221\" height=\"300\" srcset=\"https:\/\/processualis.com\/association-processualis\/wp-content\/uploads\/2018\/11\/42576299_554701224985904_1089133805672857600_n-221x300.jpg 221w, https:\/\/processualis.com\/association-processualis\/wp-content\/uploads\/2018\/11\/42576299_554701224985904_1089133805672857600_n.jpg 663w\" sizes=\"(max-width: 221px) 100vw, 221px\" \/><\/a><\/p>\n<p>&nbsp;<\/p>\n<p>&nbsp;<\/p>\n<p>&nbsp;<\/p>\n<p style=\"text-align: justify;\">Le Master 2 Processuel organise un cin\u00e9-d\u00e9bat le Jeudi 18 octobre 2018 au cin\u00e9ma Devosge.<\/p>\n<p style=\"text-align: justify;\">Le film \u00e0 l&rsquo;affiche est : \u00ab\u00a012 jours\u00a0\u00bb r\u00e9alis\u00e9 par Raymond Depardon.<\/p>\n<p style=\"text-align: justify;\">Synopsis : Dans un h\u00f4pital psychiatrique, Raymond Depardon filme des patients confront\u00e9s au magistrat qui va d\u00e9cider de prolonger ou non leur internement sous contrainte.\u00a0Des face-\u00e0-face intenses, parfois dr\u00f4les, souvent bouleversants. \u201c12 jours\u201d a \u00e9t\u00e9 pr\u00e9sent\u00e9 hors comp\u00e9tition lors de la 70\u00e8me \u00e9dition du festival de Cannes.\u00a0Lien bande-annonce: <a href=\"https:\/\/www.youtube.com\/watch?v=4QmmxdEtu68&amp;fbclid=IwAR2CgDDt6pYCSogINnqdMDmgRCyC3qVObqqQMSudO76ZtIlsSNRfLc9Rusw\" target=\"_blank\" rel=\"nofollow noopener noreferrer\" data-lynx-mode=\"hover\" data-lynx-uri=\"https:\/\/l.facebook.com\/l.php?u=https%3A%2F%2Fwww.youtube.com%2Fwatch%3Fv%3D4QmmxdEtu68%26fbclid%3DIwAR2CgDDt6pYCSogINnqdMDmgRCyC3qVObqqQMSudO76ZtIlsSNRfLc9Rusw&amp;h=AT1pE1M-OJ4dOSoHE7XNDFxB8gEdgmlvM2hKbksNhE57YpuO68SL365wf1Yur4KgkFM88TO-uGso6w1UE7CblgZCkPUEK2Qa5rjFlzEnHYLh9LW0qaVoWTJqnJF6Uao16zafVZU\">https:\/\/www.youtube.com\/watch?v=4QmmxdEtu68<\/a><\/p>\n<p>&nbsp;<\/p>\n<p>&nbsp;<\/p>\n<p>&nbsp;<\/p>\n<p>&nbsp;<\/p>\n<p style=\"text-align: center;\"><span style=\"text-decoration: underline;\"><strong>D\u00e9bat anim\u00e9 par les intervenants, professionnels du monde juridique et m\u00e9dical :<\/strong><\/span><\/p>\n<figure id=\"attachment_1204\" aria-describedby=\"caption-attachment-1204\" style=\"width: 670px\" class=\"wp-caption aligncenter\"><a href=\"https:\/\/processualis.com\/association-processualis\/wp-content\/uploads\/2018\/11\/IMG_2669.jpg\" rel=\"lightbox[1117]\"><img loading=\"lazy\" decoding=\"async\" class=\"wp-image-1204\" src=\"https:\/\/processualis.com\/association-processualis\/wp-content\/uploads\/2018\/11\/IMG_2669-300x200.jpg\" alt=\"\" width=\"670\" height=\"447\" srcset=\"https:\/\/processualis.com\/association-processualis\/wp-content\/uploads\/2018\/11\/IMG_2669-300x200.jpg 300w, https:\/\/processualis.com\/association-processualis\/wp-content\/uploads\/2018\/11\/IMG_2669-768x512.jpg 768w, https:\/\/processualis.com\/association-processualis\/wp-content\/uploads\/2018\/11\/IMG_2669-1024x683.jpg 1024w\" sizes=\"(max-width: 670px) 100vw, 670px\" \/><\/a><figcaption id=\"caption-attachment-1204\" class=\"wp-caption-text\">Les organisateurs du cin\u00e9-d\u00e9bat<\/figcaption><\/figure>\n<p>&nbsp;<\/p>\n<div id='gallery-1' class='gallery galleryid-1117 gallery-columns-2 gallery-size-medium'><figure class='gallery-item'>\n\t\t\t<div class='gallery-icon landscape'>\n\t\t\t\t<a href='https:\/\/processualis.com\/association-processualis\/anciens-cine-debat\/cine-debat-2018\/intervenants-2\/'><img loading=\"lazy\" decoding=\"async\" width=\"300\" height=\"169\" src=\"https:\/\/processualis.com\/association-processualis\/wp-content\/uploads\/2018\/11\/Intervenants-e1541254350308-300x169.png\" class=\"attachment-medium size-medium\" alt=\"\" srcset=\"https:\/\/processualis.com\/association-processualis\/wp-content\/uploads\/2018\/11\/Intervenants-e1541254350308-300x169.png 300w, https:\/\/processualis.com\/association-processualis\/wp-content\/uploads\/2018\/11\/Intervenants-e1541254350308-768x432.png 768w, https:\/\/processualis.com\/association-processualis\/wp-content\/uploads\/2018\/11\/Intervenants-e1541254350308.png 943w\" sizes=\"(max-width: 300px) 100vw, 300px\" \/><\/a>\n\t\t\t<\/div><\/figure><figure class='gallery-item'>\n\t\t\t<div class='gallery-icon landscape'>\n\t\t\t\t<a href='https:\/\/processualis.com\/association-processualis\/anciens-cine-debat\/cine-debat-2018\/img_2679\/'><img loading=\"lazy\" decoding=\"async\" width=\"300\" height=\"168\" src=\"https:\/\/processualis.com\/association-processualis\/wp-content\/uploads\/2018\/11\/IMG_2679-e1541254379193-300x168.jpg\" class=\"attachment-medium size-medium\" alt=\"\" srcset=\"https:\/\/processualis.com\/association-processualis\/wp-content\/uploads\/2018\/11\/IMG_2679-e1541254379193-300x168.jpg 300w, https:\/\/processualis.com\/association-processualis\/wp-content\/uploads\/2018\/11\/IMG_2679-e1541254379193-768x431.jpg 768w, https:\/\/processualis.com\/association-processualis\/wp-content\/uploads\/2018\/11\/IMG_2679-e1541254379193-1024x575.jpg 1024w\" sizes=\"(max-width: 300px) 100vw, 300px\" \/><\/a>\n\t\t\t<\/div><\/figure>\n\t\t<\/div>\n\n<p>Les intervenants professionnels :<\/p>\n<ul>\n<li>Eric Mathais, Procureur de la R\u00e9publique de Dijon<\/li>\n<li>Pascal Labonne-colin, Avocat G\u00e9n\u00e9ral Pr\u00e8s la Cour d&rsquo;Appel de Dijon<\/li>\n<li>C\u00e9cile Caseau-Roche, Directrice du Master II de Droit Processuel<\/li>\n<li>Alexandra Morot, Juge des Libert\u00e9s et de la D\u00e9tention<\/li>\n<li>Maitre Franck Petit, Avocat au Barreau de Dijon<\/li>\n<\/ul>\n<div id='gallery-2' class='gallery galleryid-1117 gallery-columns-5 gallery-size-colormag-featured-image'><figure class='gallery-item'>\n\t\t\t<div class='gallery-icon landscape'>\n\t\t\t\t<a href='https:\/\/processualis.com\/association-processualis\/anciens-cine-debat\/cine-debat-2018\/img_2685\/'><img loading=\"lazy\" decoding=\"async\" width=\"668\" height=\"445\" src=\"https:\/\/processualis.com\/association-processualis\/wp-content\/uploads\/2018\/11\/IMG_2685.jpg\" class=\"attachment-colormag-featured-image size-colormag-featured-image\" alt=\"\" srcset=\"https:\/\/processualis.com\/association-processualis\/wp-content\/uploads\/2018\/11\/IMG_2685.jpg 4272w, https:\/\/processualis.com\/association-processualis\/wp-content\/uploads\/2018\/11\/IMG_2685-300x200.jpg 300w, https:\/\/processualis.com\/association-processualis\/wp-content\/uploads\/2018\/11\/IMG_2685-768x512.jpg 768w, https:\/\/processualis.com\/association-processualis\/wp-content\/uploads\/2018\/11\/IMG_2685-1024x683.jpg 1024w\" sizes=\"(max-width: 668px) 100vw, 668px\" \/><\/a>\n\t\t\t<\/div><\/figure><figure class='gallery-item'>\n\t\t\t<div class='gallery-icon landscape'>\n\t\t\t\t<a href='https:\/\/processualis.com\/association-processualis\/anciens-cine-debat\/cine-debat-2018\/img_2693\/'><img loading=\"lazy\" decoding=\"async\" width=\"668\" height=\"445\" src=\"https:\/\/processualis.com\/association-processualis\/wp-content\/uploads\/2018\/11\/IMG_2693.jpg\" class=\"attachment-colormag-featured-image size-colormag-featured-image\" alt=\"\" srcset=\"https:\/\/processualis.com\/association-processualis\/wp-content\/uploads\/2018\/11\/IMG_2693.jpg 4272w, https:\/\/processualis.com\/association-processualis\/wp-content\/uploads\/2018\/11\/IMG_2693-300x200.jpg 300w, https:\/\/processualis.com\/association-processualis\/wp-content\/uploads\/2018\/11\/IMG_2693-768x512.jpg 768w, https:\/\/processualis.com\/association-processualis\/wp-content\/uploads\/2018\/11\/IMG_2693-1024x683.jpg 1024w\" sizes=\"(max-width: 668px) 100vw, 668px\" \/><\/a>\n\t\t\t<\/div><\/figure><figure class='gallery-item'>\n\t\t\t<div class='gallery-icon landscape'>\n\t\t\t\t<a href='https:\/\/processualis.com\/association-processualis\/anciens-cine-debat\/cine-debat-2018\/img_2692\/'><img loading=\"lazy\" decoding=\"async\" width=\"668\" height=\"445\" src=\"https:\/\/processualis.com\/association-processualis\/wp-content\/uploads\/2018\/11\/IMG_2692.jpg\" class=\"attachment-colormag-featured-image size-colormag-featured-image\" alt=\"\" srcset=\"https:\/\/processualis.com\/association-processualis\/wp-content\/uploads\/2018\/11\/IMG_2692.jpg 4272w, https:\/\/processualis.com\/association-processualis\/wp-content\/uploads\/2018\/11\/IMG_2692-300x200.jpg 300w, https:\/\/processualis.com\/association-processualis\/wp-content\/uploads\/2018\/11\/IMG_2692-768x512.jpg 768w, https:\/\/processualis.com\/association-processualis\/wp-content\/uploads\/2018\/11\/IMG_2692-1024x683.jpg 1024w\" sizes=\"(max-width: 668px) 100vw, 668px\" \/><\/a>\n\t\t\t<\/div><\/figure><figure class='gallery-item'>\n\t\t\t<div class='gallery-icon portrait'>\n\t\t\t\t<a href='https:\/\/processualis.com\/association-processualis\/anciens-cine-debat\/cine-debat-2018\/img_2691\/'><img loading=\"lazy\" decoding=\"async\" width=\"297\" height=\"445\" src=\"https:\/\/processualis.com\/association-processualis\/wp-content\/uploads\/2018\/11\/IMG_2691.jpg\" class=\"attachment-colormag-featured-image size-colormag-featured-image\" alt=\"\" srcset=\"https:\/\/processualis.com\/association-processualis\/wp-content\/uploads\/2018\/11\/IMG_2691.jpg 2848w, https:\/\/processualis.com\/association-processualis\/wp-content\/uploads\/2018\/11\/IMG_2691-200x300.jpg 200w, https:\/\/processualis.com\/association-processualis\/wp-content\/uploads\/2018\/11\/IMG_2691-768x1152.jpg 768w, https:\/\/processualis.com\/association-processualis\/wp-content\/uploads\/2018\/11\/IMG_2691-683x1024.jpg 683w\" sizes=\"(max-width: 297px) 100vw, 297px\" \/><\/a>\n\t\t\t<\/div><\/figure><figure class='gallery-item'>\n\t\t\t<div class='gallery-icon landscape'>\n\t\t\t\t<a href='https:\/\/processualis.com\/association-processualis\/anciens-cine-debat\/cine-debat-2018\/img_2689\/'><img loading=\"lazy\" decoding=\"async\" width=\"668\" height=\"445\" src=\"https:\/\/processualis.com\/association-processualis\/wp-content\/uploads\/2018\/11\/IMG_2689.jpg\" class=\"attachment-colormag-featured-image size-colormag-featured-image\" alt=\"\" srcset=\"https:\/\/processualis.com\/association-processualis\/wp-content\/uploads\/2018\/11\/IMG_2689.jpg 4272w, https:\/\/processualis.com\/association-processualis\/wp-content\/uploads\/2018\/11\/IMG_2689-300x200.jpg 300w, https:\/\/processualis.com\/association-processualis\/wp-content\/uploads\/2018\/11\/IMG_2689-768x512.jpg 768w, https:\/\/processualis.com\/association-processualis\/wp-content\/uploads\/2018\/11\/IMG_2689-1024x683.jpg 1024w\" sizes=\"(max-width: 668px) 100vw, 668px\" \/><\/a>\n\t\t\t<\/div><\/figure>\n\t\t<\/div>\n\n<p style=\"text-align: center;\"><strong><span style=\"text-decoration: underline;\">Les diff\u00e9rents participants au d\u00e9bat<\/span><\/strong><\/p>\n","protected":false},"excerpt":{"rendered":"<p>&nbsp; &nbsp; &nbsp; Le Master 2 Processuel organise un cin\u00e9-d\u00e9bat le Jeudi 18 octobre 2018 au cin\u00e9ma Devosge. Le film<\/p>\n","protected":false},"author":1,"featured_media":0,"parent":2804,"menu_order":0,"comment_status":"closed","ping_status":"closed","template":"","meta":{"footnotes":""},"class_list":["post-1117","page","type-page","status-publish","hentry"],"_links":{"self":[{"href":"https:\/\/processualis.com\/association-processualis\/wp-json\/wp\/v2\/pages\/1117"}],"collection":[{"href":"https:\/\/processualis.com\/association-processualis\/wp-json\/wp\/v2\/pages"}],"about":[{"href":"https:\/\/processualis.com\/association-processualis\/wp-json\/wp\/v2\/types\/page"}],"author":[{"embeddable":true,"href":"https:\/\/processualis.com\/association-processualis\/wp-json\/wp\/v2\/users\/1"}],"replies":[{"embeddable":true,"href":"https:\/\/processualis.com\/association-processualis\/wp-json\/wp\/v2\/comments?post=1117"}],"version-history":[{"count":19,"href":"https:\/\/processualis.com\/association-processualis\/wp-json\/wp\/v2\/pages\/1117\/revisions"}],"predecessor-version":[{"id":1838,"href":"https:\/\/processualis.com\/association-processualis\/wp-json\/wp\/v2\/pages\/1117\/revisions\/1838"}],"up":[{"embeddable":true,"href":"https:\/\/processualis.com\/association-processualis\/wp-json\/wp\/v2\/pages\/2804"}],"wp:attachment":[{"href":"https:\/\/processualis.com\/association-processualis\/wp-json\/wp\/v2\/media?parent=1117"}],"curies":[{"name":"wp","href":"https:\/\/api.w.org\/{rel}","templated":true}]}}