{"id":1077,"date":"2018-03-18T21:58:20","date_gmt":"2018-03-18T20:58:20","guid":{"rendered":"http:\/\/processualis.com\/association-processualis\/?page_id=1077"},"modified":"2020-11-06T08:50:25","modified_gmt":"2020-11-06T07:50:25","slug":"revue-2018-1-2","status":"publish","type":"page","link":"https:\/\/processualis.com\/association-processualis\/revue-2018-1-2\/","title":{"rendered":"Revue 2018\/1"},"content":{"rendered":"<div>\n<div style=\"text-align: justify;\"><strong>\u00c9DITO<\/strong><\/div>\n<\/div>\n<p style=\"text-align: justify;\">En ce d\u00e9but d&rsquo;ann\u00e9e 2018, la Newsletter du Master 2 Droit Processuel de l&rsquo;universit\u00e9 de Bourgogne devient la <strong>Revue Processualis<\/strong>.<\/p>\n<p style=\"text-align: justify;\">Cette revue de droit processuel est port\u00e9e sur les fonts baptismaux bourguignons. Cela n&rsquo;a rien d&rsquo;\u00e9tonnant : la facult\u00e9 de droit de Dijon est rest\u00e9e extr\u00eamement attach\u00e9e \u00e0 l&rsquo;h\u00e9ritage scientifique d&rsquo;Henri Motulsky.<\/p>\n<p style=\"text-align: justify;\">Aussi, sans aucunement pr\u00e9tendre \u00e0 l&rsquo;exhaustivit\u00e9 du traitement de l&rsquo;actualit\u00e9 que nous laissons volontiers \u00e0 d&rsquo;autres revues, souhaitons-nous participer modestement \u00e0 l&rsquo;\u00e9dification d&rsquo;un droit processuel en prise avec les r\u00e9alit\u00e9s de la Justice du quotidien, une Justice \u00e9tatique ou \u00ab\u00a0alternative\u00a0\u00bb, une Justice dans tous ses \u00e9tats &#8211; Justice civile, p\u00e9nale, administrative, constitutionnelle,&#8230;<\/p>\n<p style=\"text-align: justify;\">Nous pensons que la comparaison des grands types de proc\u00e9dure, aliment\u00e9e par le d\u00e9veloppement des droits fondamentaux du proc\u00e8s, est fertile.<\/p>\n<p style=\"text-align: justify;\">Dans ce cadre, la <strong>Revue Processualis<\/strong> a vocation \u00e0 paraitre chaque semestre.<\/p>\n<p style=\"text-align: justify;\">Outil p\u00e9dagogique, elle sera anim\u00e9e par un <strong>Comit\u00e9 de r\u00e9daction<\/strong> compos\u00e9 par les \u00e9tudiants du Master 2 Processuel qui y trouveront un lieu d&rsquo;expression scientifique, accompagn\u00e9s en cela par l&rsquo;\u00e9quipe de direction du Master 2 Processuel : C\u00e9cile Caseau-Roche et St\u00e9phanie Grayot-Dirx.<\/p>\n<p style=\"text-align: justify;\">Support de diffusion scientifique, la <strong>Revue Processualis<\/strong> est aussi destin\u00e9e \u00e0 \u00eatre un lieu de d\u00e9bats, de r\u00e9flexions et de construction du droit processuel, ouvert aux chercheurs, enseignants-chercheurs ou praticiens souhaitant publier leurs travaux.<\/p>\n<p style=\"text-align: justify;\">A cette fin, un<strong> Comit\u00e9 Scientifique<\/strong>, compos\u00e9 des Professeurs Georges Bolard, Yan Laidi\u00e9 et du Procureur G\u00e9n\u00e9ral pr\u00e8s la Cour d&rsquo;appel de Metz, professeur associ\u00e9 \u00e0 l&rsquo;Universit\u00e9 de Bourgogne, J.-M. Beney, participera \u00e0 l&rsquo;\u00e9laboration des orientations scientifiques de la revue et soutiendra l&rsquo;effort du comit\u00e9 de r\u00e9daction.<\/p>\n<p style=\"text-align: justify;\">Un <strong>comit\u00e9 de lecture<\/strong> multidisciplinaire, compos\u00e9 d&rsquo;universitaires et de praticiens reconnus, sera charg\u00e9 d&rsquo;une \u00e9valuation des contributions qui seront re\u00e7ues par la Revue en vue d&rsquo;une publication.<\/p>\n<p style=\"text-align: justify;\">Pour son premier num\u00e9ro, la Revue sera r\u00e9alis\u00e9e enti\u00e8rement par les \u00e9tudiants.<\/p>\n<p style=\"text-align: justify;\">\n","protected":false},"excerpt":{"rendered":"<p>\u00c9DITO En ce d\u00e9but d&rsquo;ann\u00e9e 2018, la Newsletter du Master 2 Droit Processuel de l&rsquo;universit\u00e9 de Bourgogne devient la Revue<\/p>\n","protected":false},"author":1,"featured_media":0,"parent":0,"menu_order":0,"comment_status":"closed","ping_status":"closed","template":"","meta":{"footnotes":""},"class_list":["post-1077","page","type-page","status-publish","hentry"],"_links":{"self":[{"href":"https:\/\/processualis.com\/association-processualis\/wp-json\/wp\/v2\/pages\/1077"}],"collection":[{"href":"https:\/\/processualis.com\/association-processualis\/wp-json\/wp\/v2\/pages"}],"about":[{"href":"https:\/\/processualis.com\/association-processualis\/wp-json\/wp\/v2\/types\/page"}],"author":[{"embeddable":true,"href":"https:\/\/processualis.com\/association-processualis\/wp-json\/wp\/v2\/users\/1"}],"replies":[{"embeddable":true,"href":"https:\/\/processualis.com\/association-processualis\/wp-json\/wp\/v2\/comments?post=1077"}],"version-history":[{"count":4,"href":"https:\/\/processualis.com\/association-processualis\/wp-json\/wp\/v2\/pages\/1077\/revisions"}],"predecessor-version":[{"id":1841,"href":"https:\/\/processualis.com\/association-processualis\/wp-json\/wp\/v2\/pages\/1077\/revisions\/1841"}],"wp:attachment":[{"href":"https:\/\/processualis.com\/association-processualis\/wp-json\/wp\/v2\/media?parent=1077"}],"curies":[{"name":"wp","href":"https:\/\/api.w.org\/{rel}","templated":true}]}}