{"id":1070,"date":"2018-03-18T21:46:57","date_gmt":"2018-03-18T20:46:57","guid":{"rendered":"http:\/\/processualis.com\/association-processualis\/?page_id=1070"},"modified":"2025-10-01T13:39:42","modified_gmt":"2025-10-01T11:39:42","slug":"cine-debat-2015","status":"publish","type":"page","link":"https:\/\/processualis.com\/association-processualis\/cine-debats\/cine-debat-2015\/","title":{"rendered":"Cin\u00e9-D\u00e9bat 2015"},"content":{"rendered":"<h2>Jeudi 12 novembre 2015 \u00e0 20h aura lieu un cin\u00e9-d\u00e9bat organis\u00e9 par l&rsquo;Association Processualis<\/h2>\n<h5><a href=\"https:\/\/processualis.com\/association-processualis\/wp-content\/uploads\/2015\/10\/0001.jpg\" rel=\"lightbox[1070]\"><img loading=\"lazy\" decoding=\"async\" class=\"aligncenter size-large wp-image-669\" src=\"https:\/\/processualis.com\/association-processualis\/wp-content\/uploads\/2015\/10\/0001-724x1024.jpg\" alt=\"0001\" width=\"724\" height=\"1024\" srcset=\"https:\/\/processualis.com\/association-processualis\/wp-content\/uploads\/2015\/10\/0001-724x1024.jpg 724w, https:\/\/processualis.com\/association-processualis\/wp-content\/uploads\/2015\/10\/0001-212x300.jpg 212w\" sizes=\"(max-width: 724px) 100vw, 724px\" \/><\/a><a href=\"https:\/\/processualis.com\/association-processualis\/wp-content\/uploads\/2015\/10\/285269.jpg\" rel=\"lightbox[1070]\"><br \/>\n<\/a><br \/>\nSera projet\u00e9 L&rsquo;affaire SK1 (2014) en pr\u00e9sence de M. Beney, Procureur g\u00e9n\u00e9ral pr\u00e8s la Cour d&rsquo;appel de Metz\u00a0et du G\u00e9n\u00e9ral Bauquis.<\/h5>\n<p>On vous attend nombreux au Cin\u00e9ma Devosges.<\/p>\n<p>Tarifs: Etudiants : 7 euros; Plein: 12 euros<\/p>\n","protected":false},"excerpt":{"rendered":"<p>Jeudi 12 novembre 2015 \u00e0 20h aura lieu un cin\u00e9-d\u00e9bat organis\u00e9 par l&rsquo;Association Processualis Sera projet\u00e9 L&rsquo;affaire SK1 (2014) en<\/p>\n","protected":false},"author":1,"featured_media":0,"parent":1062,"menu_order":0,"comment_status":"closed","ping_status":"closed","template":"","meta":{"footnotes":""},"class_list":["post-1070","page","type-page","status-publish","hentry"],"_links":{"self":[{"href":"https:\/\/processualis.com\/association-processualis\/wp-json\/wp\/v2\/pages\/1070"}],"collection":[{"href":"https:\/\/processualis.com\/association-processualis\/wp-json\/wp\/v2\/pages"}],"about":[{"href":"https:\/\/processualis.com\/association-processualis\/wp-json\/wp\/v2\/types\/page"}],"author":[{"embeddable":true,"href":"https:\/\/processualis.com\/association-processualis\/wp-json\/wp\/v2\/users\/1"}],"replies":[{"embeddable":true,"href":"https:\/\/processualis.com\/association-processualis\/wp-json\/wp\/v2\/comments?post=1070"}],"version-history":[{"count":1,"href":"https:\/\/processualis.com\/association-processualis\/wp-json\/wp\/v2\/pages\/1070\/revisions"}],"predecessor-version":[{"id":1071,"href":"https:\/\/processualis.com\/association-processualis\/wp-json\/wp\/v2\/pages\/1070\/revisions\/1071"}],"up":[{"embeddable":true,"href":"https:\/\/processualis.com\/association-processualis\/wp-json\/wp\/v2\/pages\/1062"}],"wp:attachment":[{"href":"https:\/\/processualis.com\/association-processualis\/wp-json\/wp\/v2\/media?parent=1070"}],"curies":[{"name":"wp","href":"https:\/\/api.w.org\/{rel}","templated":true}]}}