{"id":1064,"date":"2018-03-18T21:29:49","date_gmt":"2018-03-18T20:29:49","guid":{"rendered":"http:\/\/processualis.com\/association-processualis\/?page_id=1064"},"modified":"2025-10-13T12:34:57","modified_gmt":"2025-10-13T10:34:57","slug":"cine-debat-2016","status":"publish","type":"page","link":"https:\/\/processualis.com\/association-processualis\/anciens-cine-debat\/cine-debat-2016\/","title":{"rendered":"Cin\u00e9-D\u00e9bat 2016"},"content":{"rendered":"<p style=\"text-align: justify;\">En 2016, avec la pr\u00e9sence de la r\u00e9alisatrice, Anne Fontaine :<\/p>\n<p style=\"text-align: justify;\">Pologne, 1945. Mathilde Beaulieu, une jeune interne de la Croix-Rouge soignant des rescap\u00e9s fran\u00e7ais, est appel\u00e9e au secours par une religieuse polonaise. Dans le couvent o\u00f9 30 B\u00e9n\u00e9dictines vivent coup\u00e9es du monde, elle d\u00e9couvre que plusieurs d&rsquo;entre elles, viol\u00e9es par des soldats sovi\u00e9tiques, sont sur le point d&rsquo;accoucher. Peu \u00e0 peu, se nouent entre Mathilde, ath\u00e9e et rationaliste, et ces religieuses, des relations complexes que le danger, la clandestinit\u00e9 des soins et de nouveaux drames vont aiguiser&#8230;<\/p>\n<p>&nbsp;<\/p>\n<p><a href=\"https:\/\/processualis.com\/association-processualis\/wp-content\/uploads\/2016\/01\/Cin\u00e9.jpg\" rel=\"lightbox[1064]\"><img loading=\"lazy\" decoding=\"async\" class=\"aligncenter size-medium wp-image-693\" src=\"https:\/\/processualis.com\/association-processualis\/wp-content\/uploads\/2016\/01\/Cin\u00e9-221x300.jpg\" alt=\"\" width=\"221\" height=\"300\" srcset=\"https:\/\/processualis.com\/association-processualis\/wp-content\/uploads\/2016\/01\/Cin\u00e9-221x300.jpg 221w, https:\/\/processualis.com\/association-processualis\/wp-content\/uploads\/2016\/01\/Cin\u00e9.jpg 442w\" sizes=\"(max-width: 221px) 100vw, 221px\" \/><\/a><\/p>\n","protected":false},"excerpt":{"rendered":"<p>En 2016, avec la pr\u00e9sence de la r\u00e9alisatrice, Anne Fontaine : Pologne, 1945. Mathilde Beaulieu, une jeune interne de la<\/p>\n","protected":false},"author":1,"featured_media":0,"parent":2804,"menu_order":0,"comment_status":"closed","ping_status":"closed","template":"","meta":{"footnotes":""},"class_list":["post-1064","page","type-page","status-publish","hentry"],"_links":{"self":[{"href":"https:\/\/processualis.com\/association-processualis\/wp-json\/wp\/v2\/pages\/1064"}],"collection":[{"href":"https:\/\/processualis.com\/association-processualis\/wp-json\/wp\/v2\/pages"}],"about":[{"href":"https:\/\/processualis.com\/association-processualis\/wp-json\/wp\/v2\/types\/page"}],"author":[{"embeddable":true,"href":"https:\/\/processualis.com\/association-processualis\/wp-json\/wp\/v2\/users\/1"}],"replies":[{"embeddable":true,"href":"https:\/\/processualis.com\/association-processualis\/wp-json\/wp\/v2\/comments?post=1064"}],"version-history":[{"count":3,"href":"https:\/\/processualis.com\/association-processualis\/wp-json\/wp\/v2\/pages\/1064\/revisions"}],"predecessor-version":[{"id":1839,"href":"https:\/\/processualis.com\/association-processualis\/wp-json\/wp\/v2\/pages\/1064\/revisions\/1839"}],"up":[{"embeddable":true,"href":"https:\/\/processualis.com\/association-processualis\/wp-json\/wp\/v2\/pages\/2804"}],"wp:attachment":[{"href":"https:\/\/processualis.com\/association-processualis\/wp-json\/wp\/v2\/media?parent=1064"}],"curies":[{"name":"wp","href":"https:\/\/api.w.org\/{rel}","templated":true}]}}