{"id":1062,"date":"2018-03-18T21:26:09","date_gmt":"2018-03-18T20:26:09","guid":{"rendered":"http:\/\/processualis.com\/association-processualis\/?page_id=1062"},"modified":"2018-03-18T21:26:09","modified_gmt":"2018-03-18T20:26:09","slug":"cine-debats","status":"publish","type":"page","link":"https:\/\/processualis.com\/association-processualis\/cine-debats\/","title":{"rendered":"Cin\u00e9-d\u00e9bats"},"content":{"rendered":"<p>Le Master 2 Processuel organise r\u00e9guli\u00e8rement, notamment \u00e0 l&rsquo;occasion d&rsquo;avant-premi\u00e8res, des cin\u00e9-d\u00e9bats sur des th\u00e8mes concernant la Justice.<\/p>\n","protected":false},"excerpt":{"rendered":"<p>Le Master 2 Processuel organise r\u00e9guli\u00e8rement, notamment \u00e0 l&rsquo;occasion d&rsquo;avant-premi\u00e8res, des cin\u00e9-d\u00e9bats sur des th\u00e8mes concernant la Justice.<\/p>\n","protected":false},"author":1,"featured_media":0,"parent":0,"menu_order":0,"comment_status":"closed","ping_status":"closed","template":"","meta":{"footnotes":""},"class_list":["post-1062","page","type-page","status-publish","hentry"],"_links":{"self":[{"href":"https:\/\/processualis.com\/association-processualis\/wp-json\/wp\/v2\/pages\/1062"}],"collection":[{"href":"https:\/\/processualis.com\/association-processualis\/wp-json\/wp\/v2\/pages"}],"about":[{"href":"https:\/\/processualis.com\/association-processualis\/wp-json\/wp\/v2\/types\/page"}],"author":[{"embeddable":true,"href":"https:\/\/processualis.com\/association-processualis\/wp-json\/wp\/v2\/users\/1"}],"replies":[{"embeddable":true,"href":"https:\/\/processualis.com\/association-processualis\/wp-json\/wp\/v2\/comments?post=1062"}],"version-history":[{"count":1,"href":"https:\/\/processualis.com\/association-processualis\/wp-json\/wp\/v2\/pages\/1062\/revisions"}],"predecessor-version":[{"id":1063,"href":"https:\/\/processualis.com\/association-processualis\/wp-json\/wp\/v2\/pages\/1062\/revisions\/1063"}],"wp:attachment":[{"href":"https:\/\/processualis.com\/association-processualis\/wp-json\/wp\/v2\/media?parent=1062"}],"curies":[{"name":"wp","href":"https:\/\/api.w.org\/{rel}","templated":true}]}}