{"id":1056,"date":"2018-03-17T14:04:05","date_gmt":"2018-03-17T13:04:05","guid":{"rendered":"http:\/\/processualis.com\/association-processualis\/?page_id=1056"},"modified":"2018-03-17T14:04:10","modified_gmt":"2018-03-17T13:04:10","slug":"colloque-2016","status":"publish","type":"page","link":"https:\/\/processualis.com\/association-processualis\/colloque-2016\/","title":{"rendered":"Colloque 2016"},"content":{"rendered":"<p>Colloque 2016 consacr\u00e9 \u00e0 un th\u00e8me tr\u00e8s transversal : parole et Justice<a href=\"https:\/\/processualis.com\/association-processualis\/wp-content\/uploads\/2016\/02\/Programme-colloque.jpg\" rel=\"lightbox[1056]\"><img loading=\"lazy\" decoding=\"async\" class=\"aligncenter size-medium wp-image-711\" src=\"https:\/\/processualis.com\/association-processualis\/wp-content\/uploads\/2016\/02\/Programme-colloque-300x212.jpg\" alt=\"\" width=\"300\" height=\"212\" srcset=\"https:\/\/processualis.com\/association-processualis\/wp-content\/uploads\/2016\/02\/Programme-colloque-300x212.jpg 300w, https:\/\/processualis.com\/association-processualis\/wp-content\/uploads\/2016\/02\/Programme-colloque-1024x724.jpg 1024w, https:\/\/processualis.com\/association-processualis\/wp-content\/uploads\/2016\/02\/Programme-colloque.jpg 2048w\" sizes=\"(max-width: 300px) 100vw, 300px\" \/><\/a><\/p>\n","protected":false},"excerpt":{"rendered":"<p>Colloque 2016 consacr\u00e9 \u00e0 un th\u00e8me tr\u00e8s transversal : parole et Justice<\/p>\n","protected":false},"author":1,"featured_media":0,"parent":0,"menu_order":0,"comment_status":"closed","ping_status":"closed","template":"","meta":{"footnotes":""},"class_list":["post-1056","page","type-page","status-publish","hentry"],"_links":{"self":[{"href":"https:\/\/processualis.com\/association-processualis\/wp-json\/wp\/v2\/pages\/1056"}],"collection":[{"href":"https:\/\/processualis.com\/association-processualis\/wp-json\/wp\/v2\/pages"}],"about":[{"href":"https:\/\/processualis.com\/association-processualis\/wp-json\/wp\/v2\/types\/page"}],"author":[{"embeddable":true,"href":"https:\/\/processualis.com\/association-processualis\/wp-json\/wp\/v2\/users\/1"}],"replies":[{"embeddable":true,"href":"https:\/\/processualis.com\/association-processualis\/wp-json\/wp\/v2\/comments?post=1056"}],"version-history":[{"count":1,"href":"https:\/\/processualis.com\/association-processualis\/wp-json\/wp\/v2\/pages\/1056\/revisions"}],"predecessor-version":[{"id":1057,"href":"https:\/\/processualis.com\/association-processualis\/wp-json\/wp\/v2\/pages\/1056\/revisions\/1057"}],"wp:attachment":[{"href":"https:\/\/processualis.com\/association-processualis\/wp-json\/wp\/v2\/media?parent=1056"}],"curies":[{"name":"wp","href":"https:\/\/api.w.org\/{rel}","templated":true}]}}