{"id":1045,"date":"2018-03-17T13:46:01","date_gmt":"2018-03-17T12:46:01","guid":{"rendered":"http:\/\/processualis.com\/association-processualis\/?page_id=1045"},"modified":"2020-11-06T08:40:12","modified_gmt":"2020-11-06T07:40:12","slug":"colloques","status":"publish","type":"page","link":"https:\/\/processualis.com\/association-processualis\/colloques\/","title":{"rendered":"Colloques"},"content":{"rendered":"<p style=\"text-align: justify;\">Chaque ann\u00e9e, le Master 2 Droit Processuel organise un colloque, avec les \u00e9tudiants du Master qui s&rsquo;impliquent de diff\u00e9rentes mani\u00e8res (choix du th\u00e8me et de son angle de traitement, choix des intervenants, r\u00e9alisation d&rsquo;un film pour participer aux r\u00e9flexions \u00e0 leur fa\u00e7on, organisation mat\u00e9rielle).<\/p>\n<p style=\"text-align: justify;\">Avec des interventions d&rsquo;universitaires et de praticiens reconnus, ce colloque est un moment d&rsquo;informations, d&rsquo;\u00e9changes et de r\u00e9flexions, qui se veut \u00e0 la fois scientifique et convivial. C&rsquo;est, depuis plus de 10 ans maintenant, un rendez-vous annuel important pour la communaut\u00e9 judiciaire dans le ressort de la Cour d&rsquo;appel de Dijon&#8230; et bien s\u00fbr au-del\u00e0 !<\/p>\n<p style=\"text-align: justify;\">\n","protected":false},"excerpt":{"rendered":"<p>Chaque ann\u00e9e, le Master 2 Droit Processuel organise un colloque, avec les \u00e9tudiants du Master qui s&rsquo;impliquent de diff\u00e9rentes mani\u00e8res<\/p>\n","protected":false},"author":1,"featured_media":0,"parent":0,"menu_order":0,"comment_status":"closed","ping_status":"closed","template":"","meta":{"footnotes":""},"class_list":["post-1045","page","type-page","status-publish","hentry"],"_links":{"self":[{"href":"https:\/\/processualis.com\/association-processualis\/wp-json\/wp\/v2\/pages\/1045"}],"collection":[{"href":"https:\/\/processualis.com\/association-processualis\/wp-json\/wp\/v2\/pages"}],"about":[{"href":"https:\/\/processualis.com\/association-processualis\/wp-json\/wp\/v2\/types\/page"}],"author":[{"embeddable":true,"href":"https:\/\/processualis.com\/association-processualis\/wp-json\/wp\/v2\/users\/1"}],"replies":[{"embeddable":true,"href":"https:\/\/processualis.com\/association-processualis\/wp-json\/wp\/v2\/comments?post=1045"}],"version-history":[{"count":2,"href":"https:\/\/processualis.com\/association-processualis\/wp-json\/wp\/v2\/pages\/1045\/revisions"}],"predecessor-version":[{"id":1831,"href":"https:\/\/processualis.com\/association-processualis\/wp-json\/wp\/v2\/pages\/1045\/revisions\/1831"}],"wp:attachment":[{"href":"https:\/\/processualis.com\/association-processualis\/wp-json\/wp\/v2\/media?parent=1045"}],"curies":[{"name":"wp","href":"https:\/\/api.w.org\/{rel}","templated":true}]}}