{"id":1036,"date":"2018-03-16T23:58:40","date_gmt":"2018-03-16T22:58:40","guid":{"rendered":"http:\/\/processualis.com\/association-processualis\/?page_id=1036"},"modified":"2020-11-05T22:00:36","modified_gmt":"2020-11-05T21:00:36","slug":"mentions-legales","status":"publish","type":"page","link":"https:\/\/processualis.com\/association-processualis\/mentions-legales\/","title":{"rendered":"Mentions l\u00e9gales"},"content":{"rendered":"<p><strong>Mentions l\u00e9gales concernant l&rsquo;\u00e9diteur :<\/strong><\/p>\n<p>Association Processualis<\/p>\n<p>UFR Droit et Sciences Economique et Politique<\/p>\n<p>4, bd Gabriel &#8211; 21 072 Dijon Cedex<\/p>\n<p>N\u00b0 de t\u00e9l\u00e9phone : 03.80.39.35.47<\/p>\n<p>Responsable de la r\u00e9daction du site : <a href=\"https:\/\/cid.u-bourgogne.fr\/equipe\/stephanie-grayot-dirx\">St\u00e9phanie Grayot-Dirx<\/a><\/p>\n","protected":false},"excerpt":{"rendered":"<p>Mentions l\u00e9gales concernant l&rsquo;\u00e9diteur : Association Processualis UFR Droit et Sciences Economique et Politique 4, bd Gabriel &#8211; 21 072<\/p>\n","protected":false},"author":1,"featured_media":0,"parent":0,"menu_order":0,"comment_status":"closed","ping_status":"closed","template":"","meta":{"footnotes":""},"class_list":["post-1036","page","type-page","status-publish","hentry"],"_links":{"self":[{"href":"https:\/\/processualis.com\/association-processualis\/wp-json\/wp\/v2\/pages\/1036"}],"collection":[{"href":"https:\/\/processualis.com\/association-processualis\/wp-json\/wp\/v2\/pages"}],"about":[{"href":"https:\/\/processualis.com\/association-processualis\/wp-json\/wp\/v2\/types\/page"}],"author":[{"embeddable":true,"href":"https:\/\/processualis.com\/association-processualis\/wp-json\/wp\/v2\/users\/1"}],"replies":[{"embeddable":true,"href":"https:\/\/processualis.com\/association-processualis\/wp-json\/wp\/v2\/comments?post=1036"}],"version-history":[{"count":2,"href":"https:\/\/processualis.com\/association-processualis\/wp-json\/wp\/v2\/pages\/1036\/revisions"}],"predecessor-version":[{"id":1806,"href":"https:\/\/processualis.com\/association-processualis\/wp-json\/wp\/v2\/pages\/1036\/revisions\/1806"}],"wp:attachment":[{"href":"https:\/\/processualis.com\/association-processualis\/wp-json\/wp\/v2\/media?parent=1036"}],"curies":[{"name":"wp","href":"https:\/\/api.w.org\/{rel}","templated":true}]}}