{"id":1027,"date":"2018-03-16T22:28:03","date_gmt":"2018-03-16T21:28:03","guid":{"rendered":"http:\/\/processualis.com\/association-processualis\/?page_id=1027"},"modified":"2020-11-06T08:49:05","modified_gmt":"2020-11-06T07:49:05","slug":"comite-de-redaction","status":"publish","type":"page","link":"https:\/\/processualis.com\/association-processualis\/comite-de-redaction\/","title":{"rendered":"Comit\u00e9 de r\u00e9daction"},"content":{"rendered":"<div>\n<div style=\"text-align: justify;\"><\/div>\n<\/div>\n<p style=\"text-align: justify;\">La Revue Processualis est \u00e0 la fois une revue scientifique, mais elle est aussi un outil p\u00e9dagogique. Dans cette mesure, elle sera anim\u00e9e par un <strong>Comit\u00e9 de r\u00e9daction<\/strong> compos\u00e9 des \u00e9tudiants du Master 2 Droit Processuel de l&rsquo;ann\u00e9e en cours, qui y trouveront un lieu d&rsquo;expression scientifique, accompagn\u00e9s en cela par l&rsquo;\u00e9quipe de direction du Master 2 Droit Processuel : <a href=\"http:\/\/credespo.u-bourgogne.fr\/equipe\/42-equipes\/enseignants-chercheurs-droit-prive\/57-caseau-roche-cecile.html\">C\u00e9cile Caseau-Roche<\/a> et <a href=\"https:\/\/cid.u-bourgogne.fr\/equipe\/stephanie-grayot-dirx\">St\u00e9phanie Grayot-Dirx<\/a>.<\/p>\n","protected":false},"excerpt":{"rendered":"<p>La Revue Processualis est \u00e0 la fois une revue scientifique, mais elle est aussi un outil p\u00e9dagogique. Dans cette mesure,<\/p>\n","protected":false},"author":1,"featured_media":0,"parent":0,"menu_order":0,"comment_status":"closed","ping_status":"closed","template":"","meta":{"footnotes":""},"class_list":["post-1027","page","type-page","status-publish","hentry"],"_links":{"self":[{"href":"https:\/\/processualis.com\/association-processualis\/wp-json\/wp\/v2\/pages\/1027"}],"collection":[{"href":"https:\/\/processualis.com\/association-processualis\/wp-json\/wp\/v2\/pages"}],"about":[{"href":"https:\/\/processualis.com\/association-processualis\/wp-json\/wp\/v2\/types\/page"}],"author":[{"embeddable":true,"href":"https:\/\/processualis.com\/association-processualis\/wp-json\/wp\/v2\/users\/1"}],"replies":[{"embeddable":true,"href":"https:\/\/processualis.com\/association-processualis\/wp-json\/wp\/v2\/comments?post=1027"}],"version-history":[{"count":6,"href":"https:\/\/processualis.com\/association-processualis\/wp-json\/wp\/v2\/pages\/1027\/revisions"}],"predecessor-version":[{"id":1840,"href":"https:\/\/processualis.com\/association-processualis\/wp-json\/wp\/v2\/pages\/1027\/revisions\/1840"}],"wp:attachment":[{"href":"https:\/\/processualis.com\/association-processualis\/wp-json\/wp\/v2\/media?parent=1027"}],"curies":[{"name":"wp","href":"https:\/\/api.w.org\/{rel}","templated":true}]}}