{"id":1017,"date":"2018-03-16T22:00:06","date_gmt":"2018-03-16T21:00:06","guid":{"rendered":"http:\/\/processualis.com\/association-processualis\/?page_id=1017"},"modified":"2020-11-11T14:56:01","modified_gmt":"2020-11-11T13:56:01","slug":"comite-scientifique","status":"publish","type":"page","link":"https:\/\/processualis.com\/association-processualis\/comite-scientifique\/","title":{"rendered":"Comit\u00e9 scientifique"},"content":{"rendered":"<p>Le comit\u00e9 scientifique de la Revue Processualis est compos\u00e9 de\u00a0 :<\/p>\n<p>&#8211; Jean-Marie BENEY, Procureur G\u00e9n\u00e9ral pr\u00e8s la Cour d&rsquo;appel de Montpellier, Professeur associ\u00e9 &#8211; Universit\u00e9 de Bourgogne<\/p>\n<p>&#8211; Georges BOLARD, Professeur \u00e9m\u00e9rite &#8211; Universit\u00e9 de Bourgogne<\/p>\n<p>&#8211; <a href=\"http:\/\/credespo.u-bourgogne.fr\/equipe\/46-equipes\/enseignants-chercheurs-droit-public\/94-laidie-yan.html\">Yan LAIDIE<\/a>, Professeur &#8211; Universit\u00e9 de Bourgogne<\/p>\n","protected":false},"excerpt":{"rendered":"<p>Le comit\u00e9 scientifique de la Revue Processualis est compos\u00e9 de\u00a0 : &#8211; Jean-Marie BENEY, Procureur G\u00e9n\u00e9ral pr\u00e8s la Cour d&rsquo;appel<\/p>\n","protected":false},"author":1,"featured_media":0,"parent":0,"menu_order":0,"comment_status":"closed","ping_status":"closed","template":"","meta":{"footnotes":""},"class_list":["post-1017","page","type-page","status-publish","hentry"],"_links":{"self":[{"href":"https:\/\/processualis.com\/association-processualis\/wp-json\/wp\/v2\/pages\/1017"}],"collection":[{"href":"https:\/\/processualis.com\/association-processualis\/wp-json\/wp\/v2\/pages"}],"about":[{"href":"https:\/\/processualis.com\/association-processualis\/wp-json\/wp\/v2\/types\/page"}],"author":[{"embeddable":true,"href":"https:\/\/processualis.com\/association-processualis\/wp-json\/wp\/v2\/users\/1"}],"replies":[{"embeddable":true,"href":"https:\/\/processualis.com\/association-processualis\/wp-json\/wp\/v2\/comments?post=1017"}],"version-history":[{"count":2,"href":"https:\/\/processualis.com\/association-processualis\/wp-json\/wp\/v2\/pages\/1017\/revisions"}],"predecessor-version":[{"id":1881,"href":"https:\/\/processualis.com\/association-processualis\/wp-json\/wp\/v2\/pages\/1017\/revisions\/1881"}],"wp:attachment":[{"href":"https:\/\/processualis.com\/association-processualis\/wp-json\/wp\/v2\/media?parent=1017"}],"curies":[{"name":"wp","href":"https:\/\/api.w.org\/{rel}","templated":true}]}}